{"id":1126,"date":"2016-04-22T11:05:53","date_gmt":"2016-04-22T10:05:53","guid":{"rendered":"http:\/\/montessori-halle.de\/cms\/?page_id=1126"},"modified":"2016-04-25T10:30:36","modified_gmt":"2016-04-25T09:30:36","slug":"aktuelles","status":"publish","type":"page","link":"https:\/\/montessori-halle.de\/cms\/hort\/aktuelles\/","title":{"rendered":"Aktuelles"},"content":{"rendered":"<p>Zus\u00e4tzlich zu den neuesten Nachrichten und Highlights, die auf unserer Startseite anzufinden sind, finden sie in unserer Rubrik <strong>Aktuelles<\/strong> unter anderem die Abl\u00e4ufe in der normalen Schulwoche (anzufinden beim <a href=\"https:\/\/montessori-halle.de\/cms\/hort\/aktuelles\/wochenplan\/\">Wochenplan<\/a>), und das <a href=\"https:\/\/montessori-halle.de\/cms\/hort\/aktuelles\/ferienplan\/\">Ferienprogramm<\/a> f\u00fcr die n\u00e4chsten anstehenden Ferien.<\/p>\n","protected":false},"excerpt":{"rendered":"<p>Zus\u00e4tzlich zu den neuesten Nachrichten und Highlights, die auf unserer Startseite anzufinden sind, finden sie in unserer Rubrik Aktuelles unter anderem die Abl\u00e4ufe in der normalen Schulwoche (anzufinden beim Wochenplan), und das Ferienprogramm f\u00fcr die n\u00e4chsten anstehenden Ferien.<\/p>\n","protected":false},"author":2,"featured_media":0,"parent":7,"menu_order":0,"comment_status":"closed","ping_status":"closed","template":"","meta":[],"_links":{"self":[{"href":"https:\/\/montessori-halle.de\/cms\/wp-json\/wp\/v2\/pages\/1126"}],"collection":[{"href":"https:\/\/montessori-halle.de\/cms\/wp-json\/wp\/v2\/pages"}],"about":[{"href":"https:\/\/montessori-halle.de\/cms\/wp-json\/wp\/v2\/types\/page"}],"author":[{"embeddable":true,"href":"https:\/\/montessori-halle.de\/cms\/wp-json\/wp\/v2\/users\/2"}],"replies":[{"embeddable":true,"href":"https:\/\/montessori-halle.de\/cms\/wp-json\/wp\/v2\/comments?post=1126"}],"version-history":[{"count":4,"href":"https:\/\/montessori-halle.de\/cms\/wp-json\/wp\/v2\/pages\/1126\/revisions"}],"predecessor-version":[{"id":1145,"href":"https:\/\/montessori-halle.de\/cms\/wp-json\/wp\/v2\/pages\/1126\/revisions\/1145"}],"up":[{"embeddable":true,"href":"https:\/\/montessori-halle.de\/cms\/wp-json\/wp\/v2\/pages\/7"}],"wp:attachment":[{"href":"https:\/\/montessori-halle.de\/cms\/wp-json\/wp\/v2\/media?parent=1126"}],"curies":[{"name":"wp","href":"https:\/\/api.w.org\/{rel}","templated":true}]}}