{"id":1302,"date":"2016-06-23T11:10:34","date_gmt":"2016-06-23T10:10:34","guid":{"rendered":"http:\/\/montessori-halle.de\/cms\/?page_id=1302"},"modified":"2024-06-28T12:25:16","modified_gmt":"2024-06-28T10:25:16","slug":"angebote-fuer-unsere-zukuenftigen-erstklaessler","status":"publish","type":"page","link":"https:\/\/montessori-halle.de\/cms\/hort\/aktuelles\/angebote-fuer-unsere-zukuenftigen-erstklaessler\/","title":{"rendered":"Angebote f\u00fcr unsere zuk\u00fcnftigen Erstkl\u00e4ssler"},"content":{"rendered":"\n<p>Liebe Kinder der zuk\u00fcnftigen 1. Kasse und liebe Eltern,<\/p>\n<p>\u00a0<\/p>\n<p>gern begr\u00fc\u00dfen wir euch\/Sie in unserem Hort der Montessori-Schule.<\/p>\n<p>Gemeinsam m\u00f6chten wir mit euch die ersten Tage verbringen.<\/p>\n<p>\u00a0<\/p>\n<p>\u00a0<\/p>\n<p>Dazu hier ein paar Ideen:<strong>\u00a0\u00a0 <\/strong><\/p>\n<p><strong>\u00a0<\/strong><\/p>\n<p><strong>Donnerstag, 01.08.24\u00a0\u00a0\u00a0\u00a0\u00a0\u00a0 <\/strong>Wir lernen uns, die Hortetage, das Schulhaus und das Au\u00dfengel\u00e4nde kennen.<\/p>\n<p>\u00a0<\/p>\n<p><strong>Freitag, 02.08.24 \u00a0\u00a0\u00a0\u00a0\u00a0\u00a0\u00a0\u00a0\u00a0\u00a0\u00a0\u00a0 <\/strong>Nach einer kurzen Vorstellungs-<\/p>\n<p>runde werden wir im Werkraum gemeinsam filzen.\u00a0<\/p>\n<p>\u00a0<\/p>\n<p>\u00a0<\/p>\n<p>Herzlich willkommen und wir freuen uns auf euch.<\/p>\n<p>\u00a0<\/p>\n<p>Frau Torner, Frau Herrfurth und Frau Kasuch<\/p>\n","protected":false},"excerpt":{"rendered":"<p>Liebe Kinder der zuk\u00fcnftigen 1. Kasse und liebe Eltern, \u00a0 gern begr\u00fc\u00dfen wir euch\/Sie in unserem Hort der Montessori-Schule. Gemeinsam m\u00f6chten wir mit euch die ersten Tage verbringen. \u00a0 \u00a0 Dazu hier ein paar Ideen:\u00a0\u00a0 \u00a0 Donnerstag, 01.08.24\u00a0\u00a0\u00a0\u00a0\u00a0\u00a0 Wir lernen uns, die Hortetage, das Schulhaus und das Au\u00dfengel\u00e4nde kennen. \u00a0 Freitag, 02.08.24 \u00a0\u00a0\u00a0\u00a0\u00a0\u00a0\u00a0\u00a0\u00a0\u00a0\u00a0\u00a0 Nach einer&#8230;<\/p>\n","protected":false},"author":2,"featured_media":0,"parent":1126,"menu_order":0,"comment_status":"closed","ping_status":"closed","template":"","meta":[],"_links":{"self":[{"href":"https:\/\/montessori-halle.de\/cms\/wp-json\/wp\/v2\/pages\/1302"}],"collection":[{"href":"https:\/\/montessori-halle.de\/cms\/wp-json\/wp\/v2\/pages"}],"about":[{"href":"https:\/\/montessori-halle.de\/cms\/wp-json\/wp\/v2\/types\/page"}],"author":[{"embeddable":true,"href":"https:\/\/montessori-halle.de\/cms\/wp-json\/wp\/v2\/users\/2"}],"replies":[{"embeddable":true,"href":"https:\/\/montessori-halle.de\/cms\/wp-json\/wp\/v2\/comments?post=1302"}],"version-history":[{"count":7,"href":"https:\/\/montessori-halle.de\/cms\/wp-json\/wp\/v2\/pages\/1302\/revisions"}],"predecessor-version":[{"id":3016,"href":"https:\/\/montessori-halle.de\/cms\/wp-json\/wp\/v2\/pages\/1302\/revisions\/3016"}],"up":[{"embeddable":true,"href":"https:\/\/montessori-halle.de\/cms\/wp-json\/wp\/v2\/pages\/1126"}],"wp:attachment":[{"href":"https:\/\/montessori-halle.de\/cms\/wp-json\/wp\/v2\/media?parent=1302"}],"curies":[{"name":"wp","href":"https:\/\/api.w.org\/{rel}","templated":true}]}}