{"id":133,"date":"2015-11-30T12:41:18","date_gmt":"2015-11-30T11:41:18","guid":{"rendered":"http:\/\/montessori-halle.de\/cms\/?page_id=133"},"modified":"2019-09-25T21:22:11","modified_gmt":"2019-09-25T19:22:11","slug":"credo-unserer-schule","status":"publish","type":"page","link":"https:\/\/montessori-halle.de\/cms\/credo-unserer-schule\/","title":{"rendered":"P\u00e4dagogik"},"content":{"rendered":"<figure id=\"attachment_134\" aria-describedby=\"caption-attachment-134\" style=\"width: 200px\" class=\"wp-caption alignright\"><a href=\"https:\/\/montessori-halle.de\/cms\/wp-content\/uploads\/2015\/11\/9_78_UKPgMpB7KN-200x.jpg\"><img loading=\"lazy\" class=\"size-full wp-image-134\" src=\"https:\/\/montessori-halle.de\/cms\/wp-content\/uploads\/2015\/11\/9_78_UKPgMpB7KN-200x.jpg\" alt=\"Vor dem Haus der Generationen\" width=\"200\" height=\"150\" \/><\/a><figcaption id=\"caption-attachment-134\" class=\"wp-caption-text\">Vor dem Haus der Generationen<\/figcaption><\/figure>\n<p><strong>Im Mittelpunkt steht das Kind mit seinen individuellen Bed\u00fcrfnissen, M\u00f6glichkeiten und Besonderheiten. Es ist unser Ziel, jedes einzelne Kind differenziert in seiner Kreativit\u00e4t und Lernfreude zu f\u00f6rdern. Wir glauben an den Wunsch eines jeden Kindes nach Selbstst\u00e4ndigkeit und seinen eigenen Antrieb zu lernen, anstatt belehrt zu werden.<\/strong><\/p>\n<p>Deshalb werden die Lernwege, das Tempo und die einzelnen Lernschritte individuell angepasst. Wir f\u00f6rdern ein projektorientiertes, f\u00e4cher\u00fcbergreifendes Lernen, deshalb liegt der Schwerpunkt der Schulzeit in der Freiarbeit, in der sich die Kinder mit Hilfe der Lehrer selbst Aufgaben suchen und l\u00f6sen. Am Ende des Jahres erh\u00e4lt jedes Kind eine verbale Dokumentation seiner Entwicklung. Eine Bewertung mit Zensuren erfolgt nur auf Wunsch der Eltern, bei einem Schulwechsel. Am Ende der Grundschulzeit erh\u00e4lt jedes Kind einen Entwicklungsbericht.<\/p>\n<p>Die allgemeing\u00fcltigen Lehrpl\u00e4ne des Landes sind auch f\u00fcr unsere Schule bindend. Der Abschluss unserer Schule ist staatlich anerkannt und \u00a0denen der Regelschulen gleichwertig.<br \/>\nNur die Wege dahin sind andere. Neben dem Erwerb der Kulturtechniken Lesen, Schreiben und Rechnen ist das soziale Lernen und vor allem die Integration von behinderten und nicht behinderten Kindern in jahrgangs\u00fcbergreifenden Klassen eine wichtige Komponente. Selbstverst\u00e4ndlich begr\u00fc\u00dfen wir in unserer Schule Kinder unterschiedlicher Religion, Nationalit\u00e4t und Weltanschauung.<\/p>\n<p>Unsere besondere Unterrichtsform ist die Freiarbeit nach Montessori. Das bedeutet:<\/p>\n<p><strong>\u201eFreie Wahl der Arbeit\u201c<\/strong><br \/>\nKinder entscheiden selbst, was sie arbeiten wollen, mit wem sie arbeiten wollen und wie lange sie arbeiten wollen.<\/p>\n<p><strong>\u201ePolarisation der Aufmerksamkeit\u201c<\/strong><br \/>\nDas Kind ist f\u00e4hig, sich f\u00fcr l\u00e4ngere Zeit intensiv an eine Aufgabe zu binden.<\/p>\n<p><strong>\u201eVorbereitete Umgebung\u201c<\/strong><br \/>\nbedeutet: Arbeitsplatz, Arbeitsger\u00e4te und Arbeitsumgebung so herzurichten, dass \u201efreie Wahl der Arbeit\u201c m\u00f6glich ist und gef\u00f6rdert wird.<\/p>\n","protected":false},"excerpt":{"rendered":"<p>Im Mittelpunkt steht das Kind mit seinen individuellen Bed\u00fcrfnissen, M\u00f6glichkeiten und Besonderheiten. Es ist unser Ziel, jedes einzelne Kind differenziert in seiner Kreativit\u00e4t und Lernfreude zu f\u00f6rdern. Wir glauben an den Wunsch eines jeden Kindes nach Selbstst\u00e4ndigkeit und seinen eigenen Antrieb zu lernen, anstatt belehrt zu werden. Deshalb werden die Lernwege, das Tempo und die&#8230;<\/p>\n","protected":false},"author":2,"featured_media":0,"parent":0,"menu_order":0,"comment_status":"closed","ping_status":"closed","template":"","meta":[],"_links":{"self":[{"href":"https:\/\/montessori-halle.de\/cms\/wp-json\/wp\/v2\/pages\/133"}],"collection":[{"href":"https:\/\/montessori-halle.de\/cms\/wp-json\/wp\/v2\/pages"}],"about":[{"href":"https:\/\/montessori-halle.de\/cms\/wp-json\/wp\/v2\/types\/page"}],"author":[{"embeddable":true,"href":"https:\/\/montessori-halle.de\/cms\/wp-json\/wp\/v2\/users\/2"}],"replies":[{"embeddable":true,"href":"https:\/\/montessori-halle.de\/cms\/wp-json\/wp\/v2\/comments?post=133"}],"version-history":[{"count":9,"href":"https:\/\/montessori-halle.de\/cms\/wp-json\/wp\/v2\/pages\/133\/revisions"}],"predecessor-version":[{"id":2502,"href":"https:\/\/montessori-halle.de\/cms\/wp-json\/wp\/v2\/pages\/133\/revisions\/2502"}],"wp:attachment":[{"href":"https:\/\/montessori-halle.de\/cms\/wp-json\/wp\/v2\/media?parent=133"}],"curies":[{"name":"wp","href":"https:\/\/api.w.org\/{rel}","templated":true}]}}