{"id":145,"date":"2015-12-02T11:50:53","date_gmt":"2015-12-02T10:50:53","guid":{"rendered":"http:\/\/montessori-halle.de\/cms\/?page_id=145"},"modified":"2026-03-06T12:25:33","modified_gmt":"2026-03-06T11:25:33","slug":"diplomlehrgang","status":"publish","type":"page","link":"https:\/\/montessori-halle.de\/cms\/diplomlehrgang\/","title":{"rendered":"Diplomlehrgang"},"content":{"rendered":"<p><strong>Der n\u00e4chste Diplomkurs beginnt\u00a0 im September 2026.<\/strong><\/p>\n<p>Der Montessori Diplom-Lehrgang hat das Ziel, die Teilnehmer\/innen in die Theorie und Praxis der Montessori-P\u00e4dagogik einzuf\u00fchren und sie zu bef\u00e4higen, im Sinne der P\u00e4dagogik Maria Montessoris t\u00e4tig zu sein. Er stellt eine umfassende berufsbegleitende Zusatzausbildung dar und endet mit der Verleihung des Montessori-Diploms.<\/p>\n<p>Das Montessori-Diplom der Deutschen Montessori-Vereinigung e.V. gilt als Bef\u00e4higungsnachweis, in Montessori-Kinderh\u00e4usern und Montessori-Schulen gem\u00e4\u00df den Montessori-Prinzipien arbeiten zu k\u00f6nnen.<\/p>\n<p>Der Lehrgang an der Montessori-Schule ist als Wochenendkurs angelegt und umfasst 294 Unterrichtseinheiten zu 45 Minuten. Er dauert ca. 26 Monate. Bestandteil sind 10 Hospitationen an Montessori-Einrichtungen.<\/p>\n<p>Bei Fragen melden Sie sich bitte bei der Lehrgangsleiterin Frau Kerstin Westphal unter <a href=\"javascript:DeCryptX('3n1f1s2u0t0i0n0.0w3h2u0t2r3k3d0l2B2o2q3q2v0e1t3v2q0r2k301i2c0l1m1f200d2g')\">k&#101;&#114;stin.&#119;&#101;s&#116;phal&#64;m&#111;&#110;&#116;e&#115;sori&#45;&#104;alle.de<\/a>.<\/p>\n<p>Mehr hier:\u00a0<a href=\"https:\/\/montessori-halle.de\/cms\/diplomkurs-2018-2020\/\">Diplomkurs 2026-2028<\/a><\/p>\n","protected":false},"excerpt":{"rendered":"<p>Der n\u00e4chste Diplomkurs beginnt\u00a0 im September 2026. Der Montessori Diplom-Lehrgang hat das Ziel, die Teilnehmer\/innen in die Theorie und Praxis der Montessori-P\u00e4dagogik einzuf\u00fchren und sie zu bef\u00e4higen, im Sinne der P\u00e4dagogik Maria Montessoris t\u00e4tig zu sein. Er stellt eine umfassende berufsbegleitende Zusatzausbildung dar und endet mit der Verleihung des Montessori-Diploms. Das Montessori-Diplom der Deutschen Montessori-Vereinigung&#8230;<\/p>\n","protected":false},"author":2,"featured_media":0,"parent":0,"menu_order":0,"comment_status":"closed","ping_status":"closed","template":"","meta":[],"_links":{"self":[{"href":"https:\/\/montessori-halle.de\/cms\/wp-json\/wp\/v2\/pages\/145"}],"collection":[{"href":"https:\/\/montessori-halle.de\/cms\/wp-json\/wp\/v2\/pages"}],"about":[{"href":"https:\/\/montessori-halle.de\/cms\/wp-json\/wp\/v2\/types\/page"}],"author":[{"embeddable":true,"href":"https:\/\/montessori-halle.de\/cms\/wp-json\/wp\/v2\/users\/2"}],"replies":[{"embeddable":true,"href":"https:\/\/montessori-halle.de\/cms\/wp-json\/wp\/v2\/comments?post=145"}],"version-history":[{"count":10,"href":"https:\/\/montessori-halle.de\/cms\/wp-json\/wp\/v2\/pages\/145\/revisions"}],"predecessor-version":[{"id":3288,"href":"https:\/\/montessori-halle.de\/cms\/wp-json\/wp\/v2\/pages\/145\/revisions\/3288"}],"wp:attachment":[{"href":"https:\/\/montessori-halle.de\/cms\/wp-json\/wp\/v2\/media?parent=145"}],"curies":[{"name":"wp","href":"https:\/\/api.w.org\/{rel}","templated":true}]}}