{"id":1560,"date":"2016-10-20T09:33:13","date_gmt":"2016-10-20T07:33:13","guid":{"rendered":"http:\/\/montessori-halle.de\/cms\/?page_id=1560"},"modified":"2026-03-03T07:55:21","modified_gmt":"2026-03-03T06:55:21","slug":"haeufig-gestellte-fragen","status":"publish","type":"page","link":"https:\/\/montessori-halle.de\/cms\/schule\/haeufig-gestellte-fragen\/","title":{"rendered":"H\u00e4ufig gestellte Fragen"},"content":{"rendered":"<p><strong>&#8222;Ab wann kann ich mein Kind anmelden?&#8220;<\/strong><\/p>\n<div class=\"su-expand su-expand-collapsed su-expand-link-style-default\" data-height=\"100\"><div class=\"su-expand-content su-u-trim\" style=\"color:#333333;max-height:100px;overflow:hidden\">Jedes Jahr ist die Zeit vom <strong>01.02. bis 31.03.<\/strong> der Anmeldezeitraum an unserer Schule f\u00fcr alle Eltern, deren Kinder im darauffolgenden Jahr in die Schule kommen.<\/p>\n<p>Mehr dazu finden sie hier: <a href=\"https:\/\/montessori-halle.de\/cms\/schule\/anmeldung\/\">Anmeldung<\/a><\/p>\n<p><strong>&#8222;Welche Voraussetzungen muss mein Kind erf\u00fcllen, um aufgenommen zu werden?&#8220;<\/strong><\/p>\n<div class=\"su-expand su-expand-collapsed su-expand-link-style-default\" data-height=\"100\"><div class=\"su-expand-content su-u-trim\" style=\"color:#333333;max-height:100px;overflow:hidden\"><\/div><div class=\"su-expand-link su-expand-link-more\" style=\"text-align:left\"><a href=\";\" style=\"color:#118544;border-color:#118544\"><span style=\"border-color:#118544\">mehr anzeigen<\/span><\/a><\/div><div class=\"su-expand-link su-expand-link-less\" style=\"text-align:left\"><a href=\";\" style=\"color:#118544;border-color:#118544\"><span style=\"border-color:#118544\">weniger anzeigen<\/span><\/a><\/div><\/div>Es gibt keine prinzipiellen Voraussetzungen, die ein Kind erf\u00fcllen muss. Alle interessierten Eltern, die ein schulpflichtiges Kind haben, k\u00f6nnen im entsprechenden Zeitraum ihr Kind bei uns anmelden.<br \/>\nBei integrativen Kindern m\u00fcssen wir nat\u00fcrlich schauen, ob wir den Anforderungen gerecht werden k\u00f6nnen. Wir wollen selbstverst\u00e4ndlich alle Kinder so betreuen, wie sie es ihrer Behinderung entsprechend ben\u00f6tigen.<\/div><div class=\"su-expand-link su-expand-link-more\" style=\"text-align:left\"><a href=\"javascript:;\" style=\"color:#118544;border-color:#118544\"><span style=\"border-color:#118544\">mehr anzeigen<\/span><\/a><\/div><div class=\"su-expand-link su-expand-link-less\" style=\"text-align:left\"><a href=\"javascript:;\" style=\"color:#118544;border-color:#118544\"><span style=\"border-color:#118544\">weniger anzeigen<\/span><\/a><\/div><\/div>\n<p><strong>&#8222;Was kostet denn der Schulbesuch?&#8220;<\/strong><\/p>\n<div class=\"su-expand su-expand-collapsed su-expand-link-style-default\" data-height=\"100\"><div class=\"su-expand-content su-u-trim\" style=\"color:#333333;max-height:100px;overflow:hidden\">Das durchschnittliche Schulgeld, das Eltern f\u00fcr ihr Kind an unserer Schule bezahlen betr\u00e4gt 140\u20ac. Die Spanne des Elterngeldes reicht dabei von der Zahlung des Maximalbetrages bis zur kompletten Befreiung von der Schulgeldzahlung..<\/p>\n<p>Grundlage f\u00fcr die Berechnung des Elterngeldes sind alle monatlichen Nettoeink\u00fcnfte der Sorgeberechtigten. Abzugsf\u00e4hig sind zu leistende Unterhaltszahlungen. Von diesem Nettoeinkommen werden gestaffelt 2,5% (f\u00fcr geringe Einkommen bis 700\u20ac) bis 7% (f\u00fcr die h\u00f6heren Einkommen ab 1501\u20ac) als Grundbetrag berechnet.<\/p>\n<p>Der Grundbetrag erm\u00e4\u00dfigt sich, wenn die Sorgeberechtigten noch weitere Kinder haben, f\u00fcr die Kindergeld bezogen wird (2 Kinder um 25%, 3 Kinder um 40%, ab 4 Kinder um 50%).<\/p>\n<p>Geht ein zweites Kind der Familie zeitgleich auf die Montessori Schule, gibt es weitere Erm\u00e4\u00dfigungen (50% des Schulgeldbeitrages vom Geschwisterkind).<\/p>\n<p>Das maximal zu zahlende Schulgeld betr\u00e4gt 220,00 \u20ac (ab einem Nettoeinkommen von 3150\u20ac und bei einem Kind in der Familie). F\u00fcr die obligatorische Hortbetreuung kommt pro Kind noch 58\u20ac\/60\u20ac hinzu.<\/p>\n<p>Bei einer \u00c4nderung der wirtschaftlichen Situation in der Familie\/Lebensgemeinschaft wird der Elternbeitrag zum n\u00e4chstm\u00f6glichen Zeitpunkt neu berechnet.<\/p>\n<p>F\u00fcr eine komplette Befreiung von der Schulgeldzahlung wenden Sie sich bitte an den Vorstand.<\/p>\n<p>Beispiele:<\/p>\n<p>Familie mit einem Kind<\/p>\n<p>Nettoeinkommen incl. Kindergeld: 1000\u20ac<br \/>\nElterngeld (4% von 1000\u20ac): 40\u20ac<\/p>\n<p>Familie mit zwei Kindern, davon eins an der Schule<\/p>\n<p>Nettoeinkommen incl. Kindergeld: 1000\u20ac<br \/>\nElterngeld (4% von 1000\u20ac): 40\u20ac<br \/>\nElterngeld mit Geschwistererm\u00e4\u00dfigung (25%): 30\u20ac<\/p>\n<p>Familie mit zwei Kindern, davon beide an der Schule<\/p>\n<p>Nettoeinkommen incl. Kindergeld: 1000\u20ac<br \/>\nElterngeld (4% von 1000\u20ac): 40\u20ac<br \/>\nElterngeld mit Geschwistererm\u00e4\u00dfigung (25%): 30\u20ac<br \/>\nElterngeld f\u00fcr das zweite Kind (50%): 15\u20ac<\/p>\n<p>Hier auch noch einmal kurz zusammengefasst: <a href=\"https:\/\/montessori-halle.de\/cms\/wp-content\/uploads\/2026\/03\/Informationen-zur-Berechnung-der-Elternbeitraege-an-der-Mopntessori-Schule-Halle_25022026.pdf\">Informationen zur Berechnung der Elternbeitr\u00e4ge an der Mopntessori Schule Halle_25022026<\/a><\/div><div class=\"su-expand-link su-expand-link-more\" style=\"text-align:left\"><a href=\"javascript:;\" style=\"color:#118544;border-color:#118544\"><span style=\"border-color:#118544\">mehr anzeigen<\/span><\/a><\/div><div class=\"su-expand-link su-expand-link-less\" style=\"text-align:left\"><a href=\"javascript:;\" style=\"color:#118544;border-color:#118544\"><span style=\"border-color:#118544\">weniger anzeigen<\/span><\/a><\/div><\/div>\n<p><strong>&#8222;Kann ich mich in der Schule beraten lassen?&#8220;<\/strong><\/p>\n<div class=\"su-expand su-expand-collapsed su-expand-link-style-default\" data-height=\"100\"><div class=\"su-expand-content su-u-trim\" style=\"color:#333333;max-height:100px;overflow:hidden\">F\u00fcr Fragen bzgl. Aufnahme oder Eignung und f\u00fcr schulorganisatorische Dinge steht Ihnen die Schulleiterin Frau Westphal immer Mittwochs zur Verf\u00fcgung. Bestenfalls vereinbaren Sie daf\u00fcr vorher einen Termin unter 03 45\/50 21 25.<\/p>\n<p>Haben Sie eher Fragen zu Schulgeld, Vertr\u00e4gen oder zum Tr\u00e4gerverein &#8211; dann nutzen Sie den Kontakt zum Gesch\u00e4ftsf\u00fchrer (03 45\/97 72 470). (siehe auch Verein\/Gesch\u00e4ftsf\u00fchrung)<\/p>\n<p>Wollen Sie sich selbst ein Bild von der Schule machen? Dann vereinbaren Sie einen Hospitationstermin unter 03 45\/50 21 25 und erleben Sie ganz pers\u00f6nlich den Unterricht.<\/div><div class=\"su-expand-link su-expand-link-more\" style=\"text-align:left\"><a href=\"javascript:;\" style=\"color:#118544;border-color:#118544\"><span style=\"border-color:#118544\">mehr anzeigen<\/span><\/a><\/div><div class=\"su-expand-link su-expand-link-less\" style=\"text-align:left\"><a href=\"javascript:;\" style=\"color:#118544;border-color:#118544\"><span style=\"border-color:#118544\">weniger anzeigen<\/span><\/a><\/div><\/div>\n<p><strong>&#8222;Was passiert nach der 4. Klasse?&#8220;<\/strong><\/p>\n<p>Die Montessori-Schule Halle ist eine Grundschule, das heisst:<\/p>\n<p><a href=\"https:\/\/montessori-halle.de\/cms\/schule\/vor-nach-der-grundschule\/\">mehr anzeigen<\/a><\/p>\n","protected":false},"excerpt":{"rendered":"<p>&#8222;Ab wann kann ich mein Kind anmelden?&#8220; &#8222;Was kostet denn der Schulbesuch?&#8220; &#8222;Kann ich mich in der Schule beraten lassen?&#8220; &#8222;Was passiert nach der 4. Klasse?&#8220; Die Montessori-Schule Halle ist eine Grundschule, das heisst: mehr anzeigen<\/p>\n","protected":false},"author":2,"featured_media":0,"parent":5,"menu_order":0,"comment_status":"closed","ping_status":"closed","template":"","meta":[],"_links":{"self":[{"href":"https:\/\/montessori-halle.de\/cms\/wp-json\/wp\/v2\/pages\/1560"}],"collection":[{"href":"https:\/\/montessori-halle.de\/cms\/wp-json\/wp\/v2\/pages"}],"about":[{"href":"https:\/\/montessori-halle.de\/cms\/wp-json\/wp\/v2\/types\/page"}],"author":[{"embeddable":true,"href":"https:\/\/montessori-halle.de\/cms\/wp-json\/wp\/v2\/users\/2"}],"replies":[{"embeddable":true,"href":"https:\/\/montessori-halle.de\/cms\/wp-json\/wp\/v2\/comments?post=1560"}],"version-history":[{"count":10,"href":"https:\/\/montessori-halle.de\/cms\/wp-json\/wp\/v2\/pages\/1560\/revisions"}],"predecessor-version":[{"id":3280,"href":"https:\/\/montessori-halle.de\/cms\/wp-json\/wp\/v2\/pages\/1560\/revisions\/3280"}],"up":[{"embeddable":true,"href":"https:\/\/montessori-halle.de\/cms\/wp-json\/wp\/v2\/pages\/5"}],"wp:attachment":[{"href":"https:\/\/montessori-halle.de\/cms\/wp-json\/wp\/v2\/media?parent=1560"}],"curies":[{"name":"wp","href":"https:\/\/api.w.org\/{rel}","templated":true}]}}