{"id":157,"date":"2015-12-03T12:20:59","date_gmt":"2015-12-03T11:20:59","guid":{"rendered":"http:\/\/montessori-halle.de\/cms\/?page_id=157"},"modified":"2016-02-18T11:20:44","modified_gmt":"2016-02-18T10:20:44","slug":"schulgruendung","status":"publish","type":"page","link":"https:\/\/montessori-halle.de\/cms\/das-sind-wir\/schulgruendung\/","title":{"rendered":"Idee der Schulgr\u00fcndung"},"content":{"rendered":"<div class=\"su-row\"><div class=\"su-column su-column-size-2-3\"><div class=\"su-column-inner su-u-clearfix su-u-trim\">\n<div class=\"olg-multicolumn\">\n<blockquote><p>\u201eViele von uns hatten tief in ihrem Herzen schon lange den Wunsch, nach einer anderen Schule f\u00fcr unsere Kinder zu suchen. Jetzt war das endlich m\u00f6glich.\u201c<br \/>\n<strong>Marlies Splett<\/strong><\/p><\/blockquote>\n<p>Nach der friedlichen politischen Wende in Ostdeutschland 1989 war es auch in Halle f\u00fcr viele Eltern und P\u00e4dagogen ein wichtiges Ziel, der vielerorts doktrin\u00e4ren, auf Vereinheitlichung ausgelegten Bildungspolitik der DDR-Zeit kindgerechte, lebenswerte Alternativen zu entgegenzusetzen.<br \/>\nIm Januar 1991 fanden sich unter der zielstrebigen Initiative von Pfarrer G\u00fcnter Buchenau und seiner Frau Ute Buchenau eine Gruppe engagierter Christen, interessierter Eltern und P\u00e4dagogen zusammen, um die Frage zu diskutieren: \u201eWie k\u00f6nnte eine Schule aussehen, in der Kinder gern lernen?\u201c Die Initiative war von Anfang an \u00f6kumenisch ausgelegt, und der Gedanke der Integration wurde sehr fr\u00fch gefasst.<\/p>\n<blockquote><p>\u201eAussonderung kann f\u00fcr Bildung, f\u00fcr Kinder und darum auch f\u00fcr Erwachsene nicht gut gehen.\u201c<br \/>\n<strong>Pfarrer G\u00fcnther Buchenau<\/strong><\/p><\/blockquote>\n<p>Im Februar 1991 wurde der Tr\u00e4gerverein \u201eGesellschaft zur F\u00f6rderung eines Schulprojektes in freier Tr\u00e4gerschaft e.V.\u201c (sp\u00e4ter Montessori-Gesellschaft Halle e.V.) gegr\u00fcndet, der sich zum Ziel gesetzt hatte, eine \u201eandere\u201c Schule zu realisieren. In der folgenden Zeit wurden verschiedene p\u00e4dagogische Konzepte auf den Pr\u00fcfstand gestellt und Schulen in den alten Bundesl\u00e4ndern besucht. Im Sommer 1991 fiel die Entscheidung f\u00fcr das Montessori-Konzept.<\/p>\n<blockquote><p>\u201eDas war wirklich ein Puzzlespiel, ohne dass klar war, wie das Ganze aussehen wird im Konkreten. Aber man hatte eine Vorstellung: Eine Schule, die wirklich sch\u00f6n ist. Wo Kinder gerne hingehen. Und wo die Erwachsenen sagen, das ist wirklich sch\u00f6n. Das ist bis heute eigentlich das verbindende Element.\u201c<br \/>\n<strong>Pfarrer G\u00fcnther Buchenau<\/strong><\/p><\/blockquote>\n<\/div>\n<\/div><\/div> <div class=\"su-column su-column-size-1-3\"><div class=\"su-column-inner su-u-clearfix su-u-trim\">\n<blockquote><p>\u201eIn den \u00f6stlichen Bundesl\u00e4ndern war es zur Zeit der Schulgr\u00fcndung und ist es auch heute ganz wesentlich, dass auf m\u00f6glichst vielen Feldern Selbstbestimmung und Selbstverantwortung ge\u00fcbt und ausge\u00fcbt werden k\u00f6nnen.\u201c<br \/>\n<strong>Bischof Dr. Christoph Demke<\/strong><\/p><\/blockquote>\n<p><img loading=\"lazy\" class=\"wp-image-492 size-full aligncenter\" src=\"https:\/\/montessori-halle.de\/cms\/wp-content\/uploads\/2015\/12\/9_77_X6OLqLINi6-200x.jpg\" alt=\"Junge Pflanze w\u00e4chst auf Steinen\" width=\"200\" height=\"150\" \/><\/p>\n<blockquote><p>\u201eMancher mag die Anf\u00e4nge der Montessori-P\u00e4dagogik in Halle bel\u00e4chelt haben. Heut geh\u00f6rt die Schule \u2013 gest\u00fctzt vom tatkr\u00e4ftigen Tr\u00e4gerverein und in guter Verbindung zu unseren Franckeschen Stiftungen \u2013 zu den \u00fcber die Grenzen der Stadt hinaus beachteten und gesch\u00e4tzten Bildungsstandorten.\u201c<br \/>\n<strong>Ingrid H\u00e4usler, Oberb\u00fcrgermeisterin der Stadt Halle<\/strong><\/p><\/blockquote>\n<\/div><\/div><\/div>\n","protected":false},"excerpt":{"rendered":"","protected":false},"author":2,"featured_media":0,"parent":93,"menu_order":0,"comment_status":"closed","ping_status":"closed","template":"","meta":[],"_links":{"self":[{"href":"https:\/\/montessori-halle.de\/cms\/wp-json\/wp\/v2\/pages\/157"}],"collection":[{"href":"https:\/\/montessori-halle.de\/cms\/wp-json\/wp\/v2\/pages"}],"about":[{"href":"https:\/\/montessori-halle.de\/cms\/wp-json\/wp\/v2\/types\/page"}],"author":[{"embeddable":true,"href":"https:\/\/montessori-halle.de\/cms\/wp-json\/wp\/v2\/users\/2"}],"replies":[{"embeddable":true,"href":"https:\/\/montessori-halle.de\/cms\/wp-json\/wp\/v2\/comments?post=157"}],"version-history":[{"count":11,"href":"https:\/\/montessori-halle.de\/cms\/wp-json\/wp\/v2\/pages\/157\/revisions"}],"predecessor-version":[{"id":487,"href":"https:\/\/montessori-halle.de\/cms\/wp-json\/wp\/v2\/pages\/157\/revisions\/487"}],"up":[{"embeddable":true,"href":"https:\/\/montessori-halle.de\/cms\/wp-json\/wp\/v2\/pages\/93"}],"wp:attachment":[{"href":"https:\/\/montessori-halle.de\/cms\/wp-json\/wp\/v2\/media?parent=157"}],"curies":[{"name":"wp","href":"https:\/\/api.w.org\/{rel}","templated":true}]}}