{"id":1779,"date":"2017-02-02T08:45:06","date_gmt":"2017-02-02T07:45:06","guid":{"rendered":"http:\/\/montessori-halle.de\/cms\/?page_id=1779"},"modified":"2026-04-29T09:35:30","modified_gmt":"2026-04-29T07:35:30","slug":"anmeldung","status":"publish","type":"page","link":"https:\/\/montessori-halle.de\/cms\/schule\/anmeldung\/","title":{"rendered":"Anmeldung"},"content":{"rendered":"<p>Jedes Jahr sind die acht Wochen, beginnend vom 1. Februar, der Anmeldezeitraum an unserer Schule f\u00fcr alle Eltern, deren Kinder im darauffolgenden Jahr in die Schule kommen. Die n\u00e4chste M\u00f6glichkeit zur Anmeldung Ihres Kindes bei uns ist also im Fr\u00fchjahr 2027.<\/p>\n","protected":false},"excerpt":{"rendered":"<p>Jedes Jahr sind die acht Wochen, beginnend vom 1. Februar, der Anmeldezeitraum an unserer Schule f\u00fcr alle Eltern, deren Kinder im darauffolgenden Jahr in die Schule kommen. Die n\u00e4chste M\u00f6glichkeit zur Anmeldung Ihres Kindes bei uns ist also im Fr\u00fchjahr 2027.<\/p>\n","protected":false},"author":2,"featured_media":0,"parent":5,"menu_order":1,"comment_status":"closed","ping_status":"closed","template":"","meta":[],"_links":{"self":[{"href":"https:\/\/montessori-halle.de\/cms\/wp-json\/wp\/v2\/pages\/1779"}],"collection":[{"href":"https:\/\/montessori-halle.de\/cms\/wp-json\/wp\/v2\/pages"}],"about":[{"href":"https:\/\/montessori-halle.de\/cms\/wp-json\/wp\/v2\/types\/page"}],"author":[{"embeddable":true,"href":"https:\/\/montessori-halle.de\/cms\/wp-json\/wp\/v2\/users\/2"}],"replies":[{"embeddable":true,"href":"https:\/\/montessori-halle.de\/cms\/wp-json\/wp\/v2\/comments?post=1779"}],"version-history":[{"count":9,"href":"https:\/\/montessori-halle.de\/cms\/wp-json\/wp\/v2\/pages\/1779\/revisions"}],"predecessor-version":[{"id":3305,"href":"https:\/\/montessori-halle.de\/cms\/wp-json\/wp\/v2\/pages\/1779\/revisions\/3305"}],"up":[{"embeddable":true,"href":"https:\/\/montessori-halle.de\/cms\/wp-json\/wp\/v2\/pages\/5"}],"wp:attachment":[{"href":"https:\/\/montessori-halle.de\/cms\/wp-json\/wp\/v2\/media?parent=1779"}],"curies":[{"name":"wp","href":"https:\/\/api.w.org\/{rel}","templated":true}]}}