{"id":1840,"date":"2017-03-01T08:34:47","date_gmt":"2017-03-01T07:34:47","guid":{"rendered":"http:\/\/montessori-halle.de\/cms\/?page_id=1840"},"modified":"2017-03-01T09:42:53","modified_gmt":"2017-03-01T08:42:53","slug":"montessori-material","status":"publish","type":"page","link":"https:\/\/montessori-halle.de\/cms\/paedagogik\/montessori-material\/","title":{"rendered":"Montessori-Material"},"content":{"rendered":"<p>Das Montessori Material wurde von Maria Montessori vor \u00fcber 100 Jahren entwickelt und ist heutzutage von vielen P\u00e4dagogen anerkannt.<br \/>\nEs f\u00f6rdert und fordert das Kind und bringt ihm gleichzeitig eine gewisse Selbstst\u00e4ndigkeit bei da es sich bei den Aufgaben auch selber kontrollieren kann und somit nicht unbedingt Hilfe ben\u00f6tigt. Des Weiterem ist es oft robust und langlebig gestaltet indem es zum Beispiel vieles davon aus Holz gefertigt wird.<\/p>\n","protected":false},"excerpt":{"rendered":"<p>Das Montessori Material wurde von Maria Montessori vor \u00fcber 100 Jahren entwickelt und ist heutzutage von vielen P\u00e4dagogen anerkannt. Es f\u00f6rdert und fordert das Kind und bringt ihm gleichzeitig eine gewisse Selbstst\u00e4ndigkeit bei da es sich bei den Aufgaben auch selber kontrollieren kann und somit nicht unbedingt Hilfe ben\u00f6tigt. Des Weiterem ist es oft robust&#8230;<\/p>\n","protected":false},"author":2,"featured_media":0,"parent":90,"menu_order":0,"comment_status":"closed","ping_status":"closed","template":"","meta":[],"_links":{"self":[{"href":"https:\/\/montessori-halle.de\/cms\/wp-json\/wp\/v2\/pages\/1840"}],"collection":[{"href":"https:\/\/montessori-halle.de\/cms\/wp-json\/wp\/v2\/pages"}],"about":[{"href":"https:\/\/montessori-halle.de\/cms\/wp-json\/wp\/v2\/types\/page"}],"author":[{"embeddable":true,"href":"https:\/\/montessori-halle.de\/cms\/wp-json\/wp\/v2\/users\/2"}],"replies":[{"embeddable":true,"href":"https:\/\/montessori-halle.de\/cms\/wp-json\/wp\/v2\/comments?post=1840"}],"version-history":[{"count":3,"href":"https:\/\/montessori-halle.de\/cms\/wp-json\/wp\/v2\/pages\/1840\/revisions"}],"predecessor-version":[{"id":1851,"href":"https:\/\/montessori-halle.de\/cms\/wp-json\/wp\/v2\/pages\/1840\/revisions\/1851"}],"up":[{"embeddable":true,"href":"https:\/\/montessori-halle.de\/cms\/wp-json\/wp\/v2\/pages\/90"}],"wp:attachment":[{"href":"https:\/\/montessori-halle.de\/cms\/wp-json\/wp\/v2\/media?parent=1840"}],"curies":[{"name":"wp","href":"https:\/\/api.w.org\/{rel}","templated":true}]}}