{"id":1843,"date":"2017-03-01T08:39:27","date_gmt":"2017-03-01T07:39:27","guid":{"rendered":"http:\/\/montessori-halle.de\/cms\/?page_id=1843"},"modified":"2017-03-01T08:39:27","modified_gmt":"2017-03-01T07:39:27","slug":"die-roemische-bruecke","status":"publish","type":"page","link":"https:\/\/montessori-halle.de\/cms\/paedagogik\/montessori-material\/die-roemische-bruecke\/","title":{"rendered":"Die r\u00f6mische Br\u00fccke"},"content":{"rendered":"<p>Die r\u00f6mische Br\u00fccke ist einzigartig dadurch, dass es das einzige ist, was sich mit Architektur und Statik besch\u00e4ftigt. Die Sch\u00fcler trainieren aber dabei nicht nur ihre Feinmotorik sondern verbessern auch ihre Konzentrationsdauer, da sie bis zum letzten Baustein konzentriert bleiben m\u00fcssen damit die Br\u00fccke stabil wird. Sie lernen des Weiterem damit auch den Umgang mit Fehlschl\u00e4gen und wie sie sich nach einem solchen Fehlschlag neu motivieren k\u00f6nnen.<\/p>\n<p><a href=\"https:\/\/montessori-halle.de\/cms\/wp-content\/uploads\/2017\/02\/DSC04568-e1487840462688.jpg\"><img loading=\"lazy\" class=\"aligncenter wp-image-1831 size-large\" src=\"https:\/\/montessori-halle.de\/cms\/wp-content\/uploads\/2017\/02\/DSC04568-1024x682.jpg\" width=\"640\" height=\"426\" \/><\/a><\/p>\n","protected":false},"excerpt":{"rendered":"<p>Die r\u00f6mische Br\u00fccke ist einzigartig dadurch, dass es das einzige ist, was sich mit Architektur und Statik besch\u00e4ftigt. Die Sch\u00fcler trainieren aber dabei nicht nur ihre Feinmotorik sondern verbessern auch ihre Konzentrationsdauer, da sie bis zum letzten Baustein konzentriert bleiben m\u00fcssen damit die Br\u00fccke stabil wird. Sie lernen des Weiterem damit auch den Umgang mit&#8230;<\/p>\n","protected":false},"author":2,"featured_media":0,"parent":1840,"menu_order":0,"comment_status":"closed","ping_status":"closed","template":"","meta":[],"_links":{"self":[{"href":"https:\/\/montessori-halle.de\/cms\/wp-json\/wp\/v2\/pages\/1843"}],"collection":[{"href":"https:\/\/montessori-halle.de\/cms\/wp-json\/wp\/v2\/pages"}],"about":[{"href":"https:\/\/montessori-halle.de\/cms\/wp-json\/wp\/v2\/types\/page"}],"author":[{"embeddable":true,"href":"https:\/\/montessori-halle.de\/cms\/wp-json\/wp\/v2\/users\/2"}],"replies":[{"embeddable":true,"href":"https:\/\/montessori-halle.de\/cms\/wp-json\/wp\/v2\/comments?post=1843"}],"version-history":[{"count":1,"href":"https:\/\/montessori-halle.de\/cms\/wp-json\/wp\/v2\/pages\/1843\/revisions"}],"predecessor-version":[{"id":1844,"href":"https:\/\/montessori-halle.de\/cms\/wp-json\/wp\/v2\/pages\/1843\/revisions\/1844"}],"up":[{"embeddable":true,"href":"https:\/\/montessori-halle.de\/cms\/wp-json\/wp\/v2\/pages\/1840"}],"wp:attachment":[{"href":"https:\/\/montessori-halle.de\/cms\/wp-json\/wp\/v2\/media?parent=1843"}],"curies":[{"name":"wp","href":"https:\/\/api.w.org\/{rel}","templated":true}]}}