{"id":1846,"date":"2017-03-01T08:55:36","date_gmt":"2017-03-01T07:55:36","guid":{"rendered":"http:\/\/montessori-halle.de\/cms\/?page_id=1846"},"modified":"2017-03-01T08:56:25","modified_gmt":"2017-03-01T07:56:25","slug":"europapuzzle","status":"publish","type":"page","link":"https:\/\/montessori-halle.de\/cms\/paedagogik\/montessori-material\/europapuzzle\/","title":{"rendered":"Europapuzzle"},"content":{"rendered":"<p>Auf diesem Puzzle sind die L\u00e4nder Europas einzeln als Puzzleteile zu sehen und k\u00f6nnen von dem Sch\u00fcler oder der Sch\u00fclerin eingesetzt werden. Der Zweck des Puzzles ist die geografischen Grundkenntnisse zu verbessern und auch zu festigen. Daf\u00fcr wird ihnen von einer Lehrkraft geholfen.<\/p>\n<div id='gallery-1' class='gallery galleryid-1846 gallery-columns-2 gallery-size-medium'><figure class='gallery-item'>\n\t\t\t<div class='gallery-icon landscape'>\n\t\t\t\t<a href='https:\/\/montessori-halle.de\/cms\/wp-content\/uploads\/2017\/01\/DSC04436-e1484816439673.jpg'><img width=\"400\" height=\"246\" src=\"https:\/\/montessori-halle.de\/cms\/wp-content\/uploads\/2017\/01\/DSC04436-400x246.jpg\" class=\"attachment-medium size-medium\" alt=\"\" loading=\"lazy\" srcset=\"https:\/\/montessori-halle.de\/cms\/wp-content\/uploads\/2017\/01\/DSC04436-400x246.jpg 400w, https:\/\/montessori-halle.de\/cms\/wp-content\/uploads\/2017\/01\/DSC04436-1024x629.jpg 1024w, https:\/\/montessori-halle.de\/cms\/wp-content\/uploads\/2017\/01\/DSC04436-e1484816439673.jpg 1920w\" sizes=\"(max-width: 400px) 100vw, 400px\" \/><\/a>\n\t\t\t<\/div><\/figure><figure class='gallery-item'>\n\t\t\t<div class='gallery-icon landscape'>\n\t\t\t\t<a href='https:\/\/montessori-halle.de\/cms\/wp-content\/uploads\/2017\/01\/DSC04432-e1484816411734.jpg'><img width=\"400\" height=\"266\" src=\"https:\/\/montessori-halle.de\/cms\/wp-content\/uploads\/2017\/01\/DSC04432-400x266.jpg\" class=\"attachment-medium size-medium\" alt=\"\" loading=\"lazy\" srcset=\"https:\/\/montessori-halle.de\/cms\/wp-content\/uploads\/2017\/01\/DSC04432-400x266.jpg 400w, https:\/\/montessori-halle.de\/cms\/wp-content\/uploads\/2017\/01\/DSC04432-1024x682.jpg 1024w, https:\/\/montessori-halle.de\/cms\/wp-content\/uploads\/2017\/01\/DSC04432-177x118.jpg 177w, https:\/\/montessori-halle.de\/cms\/wp-content\/uploads\/2017\/01\/DSC04432-e1484816411734.jpg 1920w\" sizes=\"(max-width: 400px) 100vw, 400px\" \/><\/a>\n\t\t\t<\/div><\/figure>\n\t\t<\/div>\n\n","protected":false},"excerpt":{"rendered":"<p>Auf diesem Puzzle sind die L\u00e4nder Europas einzeln als Puzzleteile zu sehen und k\u00f6nnen von dem Sch\u00fcler oder der Sch\u00fclerin eingesetzt werden. Der Zweck des Puzzles ist die geografischen Grundkenntnisse zu verbessern und auch zu festigen. Daf\u00fcr wird ihnen von einer Lehrkraft geholfen.<\/p>\n","protected":false},"author":2,"featured_media":0,"parent":1840,"menu_order":0,"comment_status":"closed","ping_status":"closed","template":"","meta":[],"_links":{"self":[{"href":"https:\/\/montessori-halle.de\/cms\/wp-json\/wp\/v2\/pages\/1846"}],"collection":[{"href":"https:\/\/montessori-halle.de\/cms\/wp-json\/wp\/v2\/pages"}],"about":[{"href":"https:\/\/montessori-halle.de\/cms\/wp-json\/wp\/v2\/types\/page"}],"author":[{"embeddable":true,"href":"https:\/\/montessori-halle.de\/cms\/wp-json\/wp\/v2\/users\/2"}],"replies":[{"embeddable":true,"href":"https:\/\/montessori-halle.de\/cms\/wp-json\/wp\/v2\/comments?post=1846"}],"version-history":[{"count":1,"href":"https:\/\/montessori-halle.de\/cms\/wp-json\/wp\/v2\/pages\/1846\/revisions"}],"predecessor-version":[{"id":1848,"href":"https:\/\/montessori-halle.de\/cms\/wp-json\/wp\/v2\/pages\/1846\/revisions\/1848"}],"up":[{"embeddable":true,"href":"https:\/\/montessori-halle.de\/cms\/wp-json\/wp\/v2\/pages\/1840"}],"wp:attachment":[{"href":"https:\/\/montessori-halle.de\/cms\/wp-json\/wp\/v2\/media?parent=1846"}],"curies":[{"name":"wp","href":"https:\/\/api.w.org\/{rel}","templated":true}]}}