{"id":1855,"date":"2017-03-01T09:50:09","date_gmt":"2017-03-01T08:50:09","guid":{"rendered":"http:\/\/montessori-halle.de\/cms\/?page_id=1855"},"modified":"2017-03-01T09:51:17","modified_gmt":"2017-03-01T08:51:17","slug":"toepfern","status":"publish","type":"page","link":"https:\/\/montessori-halle.de\/cms\/hort\/konzept\/arbeitsgemeinschaften\/toepfern\/","title":{"rendered":"T\u00f6pfern"},"content":{"rendered":"<p>Beim T\u00f6pfern k\u00f6nnen die Kinder ihrer Phantasie freien Lauf lassen und alles t\u00f6pfern was ihnen in den Sinn kommt. Nat\u00fcrlich ist nicht nur genug Lehm und Ton f\u00fcr jeden vorhanden sondern auch ein schuleingener Brennofen den jeder benutzen kann. Diese AG wird von Frau Pillatzki geleitet.<\/p>\n<p>Die AG findet fast immer w\u00f6chentlich am Freitag 14 Uhr statt.<\/p>\n<p><a href=\"https:\/\/montessori-halle.de\/cms\/wp-content\/uploads\/2016\/12\/DSC03847.jpg\"><img loading=\"lazy\" class=\"alignright size-full wp-image-1678\" src=\"https:\/\/montessori-halle.de\/cms\/wp-content\/uploads\/2016\/12\/DSC03847.jpg\" alt=\"\" width=\"5456\" height=\"3632\" srcset=\"https:\/\/montessori-halle.de\/cms\/wp-content\/uploads\/2016\/12\/DSC03847.jpg 5456w, https:\/\/montessori-halle.de\/cms\/wp-content\/uploads\/2016\/12\/DSC03847-400x266.jpg 400w, https:\/\/montessori-halle.de\/cms\/wp-content\/uploads\/2016\/12\/DSC03847-1024x682.jpg 1024w, https:\/\/montessori-halle.de\/cms\/wp-content\/uploads\/2016\/12\/DSC03847-177x118.jpg 177w\" sizes=\"(max-width: 5456px) 100vw, 5456px\" \/><\/a><\/p>\n","protected":false},"excerpt":{"rendered":"<p>Beim T\u00f6pfern k\u00f6nnen die Kinder ihrer Phantasie freien Lauf lassen und alles t\u00f6pfern was ihnen in den Sinn kommt. Nat\u00fcrlich ist nicht nur genug Lehm und Ton f\u00fcr jeden vorhanden sondern auch ein schuleingener Brennofen den jeder benutzen kann. Diese AG wird von Frau Pillatzki geleitet. Die AG findet fast immer w\u00f6chentlich am Freitag 14&#8230;<\/p>\n","protected":false},"author":2,"featured_media":0,"parent":58,"menu_order":0,"comment_status":"closed","ping_status":"closed","template":"","meta":[],"_links":{"self":[{"href":"https:\/\/montessori-halle.de\/cms\/wp-json\/wp\/v2\/pages\/1855"}],"collection":[{"href":"https:\/\/montessori-halle.de\/cms\/wp-json\/wp\/v2\/pages"}],"about":[{"href":"https:\/\/montessori-halle.de\/cms\/wp-json\/wp\/v2\/types\/page"}],"author":[{"embeddable":true,"href":"https:\/\/montessori-halle.de\/cms\/wp-json\/wp\/v2\/users\/2"}],"replies":[{"embeddable":true,"href":"https:\/\/montessori-halle.de\/cms\/wp-json\/wp\/v2\/comments?post=1855"}],"version-history":[{"count":1,"href":"https:\/\/montessori-halle.de\/cms\/wp-json\/wp\/v2\/pages\/1855\/revisions"}],"predecessor-version":[{"id":1856,"href":"https:\/\/montessori-halle.de\/cms\/wp-json\/wp\/v2\/pages\/1855\/revisions\/1856"}],"up":[{"embeddable":true,"href":"https:\/\/montessori-halle.de\/cms\/wp-json\/wp\/v2\/pages\/58"}],"wp:attachment":[{"href":"https:\/\/montessori-halle.de\/cms\/wp-json\/wp\/v2\/media?parent=1855"}],"curies":[{"name":"wp","href":"https:\/\/api.w.org\/{rel}","templated":true}]}}