{"id":1859,"date":"2017-03-01T09:55:21","date_gmt":"2017-03-01T08:55:21","guid":{"rendered":"http:\/\/montessori-halle.de\/cms\/?page_id=1859"},"modified":"2017-03-01T09:56:06","modified_gmt":"2017-03-01T08:56:06","slug":"filzen","status":"publish","type":"page","link":"https:\/\/montessori-halle.de\/cms\/hort\/konzept\/staendige-freizeitangebote\/filzen\/","title":{"rendered":"Filzen"},"content":{"rendered":"<p>Wie auf den Bildern zu sehen wird die Wolle meistens nass gefilzt und die Kinder k\u00f6nnen sich dann frei aussuchen was sie am liebsten daraus machen wollen. Die Kinder haben auch ein gro\u00dfe Auswahl an farbiger Wolle was ihnen noch mehr M\u00f6glichkeiten bietet.<\/p>\n<p>Die AG wird von Frau Torner geleitet und findet immer Freitags um 14 Uhr statt.<\/p>\n<div id='gallery-1' class='gallery galleryid-1859 gallery-columns-3 gallery-size-medium'><figure class='gallery-item'>\n\t\t\t<div class='gallery-icon landscape'>\n\t\t\t\t<a href='https:\/\/montessori-halle.de\/cms\/wp-content\/uploads\/2017\/01\/DSC03862-e1484901811940.jpg'><img width=\"400\" height=\"266\" src=\"https:\/\/montessori-halle.de\/cms\/wp-content\/uploads\/2017\/01\/DSC03862-400x266.jpg\" class=\"attachment-medium size-medium\" alt=\"\" loading=\"lazy\" srcset=\"https:\/\/montessori-halle.de\/cms\/wp-content\/uploads\/2017\/01\/DSC03862-400x266.jpg 400w, https:\/\/montessori-halle.de\/cms\/wp-content\/uploads\/2017\/01\/DSC03862-1024x682.jpg 1024w, https:\/\/montessori-halle.de\/cms\/wp-content\/uploads\/2017\/01\/DSC03862-177x118.jpg 177w, https:\/\/montessori-halle.de\/cms\/wp-content\/uploads\/2017\/01\/DSC03862-e1484901811940.jpg 1920w\" sizes=\"(max-width: 400px) 100vw, 400px\" \/><\/a>\n\t\t\t<\/div><\/figure><figure class='gallery-item'>\n\t\t\t<div class='gallery-icon landscape'>\n\t\t\t\t<a href='https:\/\/montessori-halle.de\/cms\/wp-content\/uploads\/2017\/01\/DSC03863-e1484901847114.jpg'><img width=\"400\" height=\"266\" src=\"https:\/\/montessori-halle.de\/cms\/wp-content\/uploads\/2017\/01\/DSC03863-400x266.jpg\" class=\"attachment-medium size-medium\" alt=\"\" loading=\"lazy\" srcset=\"https:\/\/montessori-halle.de\/cms\/wp-content\/uploads\/2017\/01\/DSC03863-400x266.jpg 400w, https:\/\/montessori-halle.de\/cms\/wp-content\/uploads\/2017\/01\/DSC03863-1024x682.jpg 1024w, https:\/\/montessori-halle.de\/cms\/wp-content\/uploads\/2017\/01\/DSC03863-177x118.jpg 177w, https:\/\/montessori-halle.de\/cms\/wp-content\/uploads\/2017\/01\/DSC03863-e1484901847114.jpg 1920w\" sizes=\"(max-width: 400px) 100vw, 400px\" \/><\/a>\n\t\t\t<\/div><\/figure><figure class='gallery-item'>\n\t\t\t<div class='gallery-icon landscape'>\n\t\t\t\t<a href='https:\/\/montessori-halle.de\/cms\/wp-content\/uploads\/2017\/01\/DSC03868-e1484901937291.jpg'><img width=\"400\" height=\"266\" src=\"https:\/\/montessori-halle.de\/cms\/wp-content\/uploads\/2017\/01\/DSC03868-400x266.jpg\" class=\"attachment-medium size-medium\" alt=\"\" loading=\"lazy\" srcset=\"https:\/\/montessori-halle.de\/cms\/wp-content\/uploads\/2017\/01\/DSC03868-400x266.jpg 400w, https:\/\/montessori-halle.de\/cms\/wp-content\/uploads\/2017\/01\/DSC03868-1024x682.jpg 1024w, https:\/\/montessori-halle.de\/cms\/wp-content\/uploads\/2017\/01\/DSC03868-177x118.jpg 177w, https:\/\/montessori-halle.de\/cms\/wp-content\/uploads\/2017\/01\/DSC03868-e1484901937291.jpg 1920w\" sizes=\"(max-width: 400px) 100vw, 400px\" \/><\/a>\n\t\t\t<\/div><\/figure>\n\t\t<\/div>\n\n","protected":false},"excerpt":{"rendered":"<p>Wie auf den Bildern zu sehen wird die Wolle meistens nass gefilzt und die Kinder k\u00f6nnen sich dann frei aussuchen was sie am liebsten daraus machen wollen. Die Kinder haben auch ein gro\u00dfe Auswahl an farbiger Wolle was ihnen noch mehr M\u00f6glichkeiten bietet. Die AG wird von Frau Torner geleitet und findet immer Freitags um&#8230;<\/p>\n","protected":false},"author":2,"featured_media":0,"parent":55,"menu_order":0,"comment_status":"closed","ping_status":"closed","template":"","meta":[],"_links":{"self":[{"href":"https:\/\/montessori-halle.de\/cms\/wp-json\/wp\/v2\/pages\/1859"}],"collection":[{"href":"https:\/\/montessori-halle.de\/cms\/wp-json\/wp\/v2\/pages"}],"about":[{"href":"https:\/\/montessori-halle.de\/cms\/wp-json\/wp\/v2\/types\/page"}],"author":[{"embeddable":true,"href":"https:\/\/montessori-halle.de\/cms\/wp-json\/wp\/v2\/users\/2"}],"replies":[{"embeddable":true,"href":"https:\/\/montessori-halle.de\/cms\/wp-json\/wp\/v2\/comments?post=1859"}],"version-history":[{"count":1,"href":"https:\/\/montessori-halle.de\/cms\/wp-json\/wp\/v2\/pages\/1859\/revisions"}],"predecessor-version":[{"id":1862,"href":"https:\/\/montessori-halle.de\/cms\/wp-json\/wp\/v2\/pages\/1859\/revisions\/1862"}],"up":[{"embeddable":true,"href":"https:\/\/montessori-halle.de\/cms\/wp-json\/wp\/v2\/pages\/55"}],"wp:attachment":[{"href":"https:\/\/montessori-halle.de\/cms\/wp-json\/wp\/v2\/media?parent=1859"}],"curies":[{"name":"wp","href":"https:\/\/api.w.org\/{rel}","templated":true}]}}