{"id":188,"date":"2015-12-03T14:09:32","date_gmt":"2015-12-03T13:09:32","guid":{"rendered":"http:\/\/montessori-halle.de\/cms\/?page_id=188"},"modified":"2016-03-16T14:46:01","modified_gmt":"2016-03-16T13:46:01","slug":"index-for-inklusion-2004-08","status":"publish","type":"page","link":"https:\/\/montessori-halle.de\/cms\/das-sind-wir\/index-for-inklusion-2004-08\/","title":{"rendered":"Index for inklusion (2004-08)"},"content":{"rendered":"<p><strong>Unsere Index Gruppe<\/strong><\/p>\n<p>Die INDEX-Gruppe sind Kinder, Lehrer, Erzieher, Eltern, Vorstandsmitglieder und Freunde der Montessori Schule, die sich auf dem Weg zur Ganztagsschule und mit\u00a0Begleitung von der UNI Gedanken machen, wie\u00a0unsere Schule noch sch\u00f6ner werden kann.<br \/>\nSeit mehr als\u00a0drei Jahren arbeitet diese Gruppe.\u00a0Inzwischen hat sich die UNI jedoch zur\u00fcck gezogen und fungiert nur noch als stiller Beobachter.<\/p>\n<p>Nachdem alle Beteiligten zun\u00e4chst befragt wurden, welche Visionen, W\u00fcnsche und Bedingungen sie mit der Ganztagsschule verkn\u00fcpfen, ging es darum, diese W\u00fcnsche auf ihre Realisierbarkeit zu pr\u00fcfen und dann mit der Verwirklichung des gr\u00f6\u00dften Wunsches zu beginnen.<\/p>\n<p>Im Jahr 2007 haben wir einen gro\u00dfen Schritt getan, wir sind in unsere Schule zur\u00fcck gezogen. Damit haben sich fast automatisch manche W\u00fcnsche bereits erf\u00fcllt. Einige sind jedoch auch noch offen bzw. kommen auch immer wieder neue W\u00fcnsche hinzu.<\/p>\n<p>Am Schulentwicklungstag, der einmal im Schuljahr stattfindet, k\u00f6nnen alle Beteiligten immer wieder \u00fcber erreichte Ziele und noch bevorstehende Aufgaben sprechen.<br \/>\nAlso &#8211; nur Mut, gerade auch f\u00fcr Erstkl\u00e4ssler und ihre Eltern bietet sich hier eine Mitarbeit an. Denn die Schule selbst aktiv mitzugestalten &#8211; das ist doch toll!<\/p>\n<div id='gallery-1' class='gallery galleryid-188 gallery-columns-4 gallery-size-medium'><figure class='gallery-item'>\n\t\t\t<div class='gallery-icon landscape'>\n\t\t\t\t<a href='https:\/\/montessori-halle.de\/cms\/wp-content\/uploads\/2015\/12\/10_217_Q6WfRCBKe2.jpg'><img width=\"400\" height=\"300\" src=\"https:\/\/montessori-halle.de\/cms\/wp-content\/uploads\/2015\/12\/10_217_Q6WfRCBKe2-400x300.jpg\" class=\"attachment-medium size-medium\" alt=\"Kolleginnen und Eltern w\u00e4hrend der Arbeit\" loading=\"lazy\" srcset=\"https:\/\/montessori-halle.de\/cms\/wp-content\/uploads\/2015\/12\/10_217_Q6WfRCBKe2-400x300.jpg 400w, https:\/\/montessori-halle.de\/cms\/wp-content\/uploads\/2015\/12\/10_217_Q6WfRCBKe2.jpg 538w\" sizes=\"(max-width: 400px) 100vw, 400px\" \/><\/a>\n\t\t\t<\/div><\/figure><figure class='gallery-item'>\n\t\t\t<div class='gallery-icon landscape'>\n\t\t\t\t<a href='https:\/\/montessori-halle.de\/cms\/wp-content\/uploads\/2015\/12\/10_221_VDhGSt31Bs.jpg'><img width=\"400\" height=\"300\" src=\"https:\/\/montessori-halle.de\/cms\/wp-content\/uploads\/2015\/12\/10_221_VDhGSt31Bs-400x300.jpg\" class=\"attachment-medium size-medium\" alt=\"drei flei\u00dfige Mitstreiter\" loading=\"lazy\" srcset=\"https:\/\/montessori-halle.de\/cms\/wp-content\/uploads\/2015\/12\/10_221_VDhGSt31Bs-400x300.jpg 400w, https:\/\/montessori-halle.de\/cms\/wp-content\/uploads\/2015\/12\/10_221_VDhGSt31Bs.jpg 538w\" sizes=\"(max-width: 400px) 100vw, 400px\" \/><\/a>\n\t\t\t<\/div><\/figure><figure class='gallery-item'>\n\t\t\t<div class='gallery-icon landscape'>\n\t\t\t\t<a href='https:\/\/montessori-halle.de\/cms\/wp-content\/uploads\/2015\/12\/10_220_o2pfkoGeco.jpg'><img width=\"400\" height=\"300\" src=\"https:\/\/montessori-halle.de\/cms\/wp-content\/uploads\/2015\/12\/10_220_o2pfkoGeco-400x300.jpg\" class=\"attachment-medium size-medium\" alt=\"Kinder am Ende eines Indextages\" loading=\"lazy\" srcset=\"https:\/\/montessori-halle.de\/cms\/wp-content\/uploads\/2015\/12\/10_220_o2pfkoGeco-400x300.jpg 400w, https:\/\/montessori-halle.de\/cms\/wp-content\/uploads\/2015\/12\/10_220_o2pfkoGeco.jpg 538w\" sizes=\"(max-width: 400px) 100vw, 400px\" \/><\/a>\n\t\t\t<\/div><\/figure><figure class='gallery-item'>\n\t\t\t<div class='gallery-icon landscape'>\n\t\t\t\t<a href='https:\/\/montessori-halle.de\/cms\/wp-content\/uploads\/2015\/12\/10_215_pUSKQhLWIw-300x.jpg'><img width=\"300\" height=\"224\" src=\"https:\/\/montessori-halle.de\/cms\/wp-content\/uploads\/2015\/12\/10_215_pUSKQhLWIw-300x.jpg\" class=\"attachment-medium size-medium\" alt=\"Gruppenarbeit mit der UNI\" loading=\"lazy\" \/><\/a>\n\t\t\t<\/div><\/figure>\n\t\t<\/div>\n\n","protected":false},"excerpt":{"rendered":"<p>Unsere Index Gruppe Die INDEX-Gruppe sind Kinder, Lehrer, Erzieher, Eltern, Vorstandsmitglieder und Freunde der Montessori Schule, die sich auf dem Weg zur Ganztagsschule und mit\u00a0Begleitung von der UNI Gedanken machen, wie\u00a0unsere Schule noch sch\u00f6ner werden kann. Seit mehr als\u00a0drei Jahren arbeitet diese Gruppe.\u00a0Inzwischen hat sich die UNI jedoch zur\u00fcck gezogen und fungiert nur noch als&#8230;<\/p>\n","protected":false},"author":2,"featured_media":0,"parent":93,"menu_order":0,"comment_status":"closed","ping_status":"closed","template":"","meta":[],"_links":{"self":[{"href":"https:\/\/montessori-halle.de\/cms\/wp-json\/wp\/v2\/pages\/188"}],"collection":[{"href":"https:\/\/montessori-halle.de\/cms\/wp-json\/wp\/v2\/pages"}],"about":[{"href":"https:\/\/montessori-halle.de\/cms\/wp-json\/wp\/v2\/types\/page"}],"author":[{"embeddable":true,"href":"https:\/\/montessori-halle.de\/cms\/wp-json\/wp\/v2\/users\/2"}],"replies":[{"embeddable":true,"href":"https:\/\/montessori-halle.de\/cms\/wp-json\/wp\/v2\/comments?post=188"}],"version-history":[{"count":7,"href":"https:\/\/montessori-halle.de\/cms\/wp-json\/wp\/v2\/pages\/188\/revisions"}],"predecessor-version":[{"id":833,"href":"https:\/\/montessori-halle.de\/cms\/wp-json\/wp\/v2\/pages\/188\/revisions\/833"}],"up":[{"embeddable":true,"href":"https:\/\/montessori-halle.de\/cms\/wp-json\/wp\/v2\/pages\/93"}],"wp:attachment":[{"href":"https:\/\/montessori-halle.de\/cms\/wp-json\/wp\/v2\/media?parent=188"}],"curies":[{"name":"wp","href":"https:\/\/api.w.org\/{rel}","templated":true}]}}