{"id":198,"date":"2015-12-03T14:18:48","date_gmt":"2015-12-03T13:18:48","guid":{"rendered":"http:\/\/montessori-halle.de\/cms\/?page_id=198"},"modified":"2016-03-14T11:01:05","modified_gmt":"2016-03-14T10:01:05","slug":"sommerfest-2010","status":"publish","type":"page","link":"https:\/\/montessori-halle.de\/cms\/das-sind-wir\/comenius-projekt-2009-11\/sommerfest-2010\/","title":{"rendered":"Sommerfest 2010"},"content":{"rendered":"<p>Unser Sommerfest 2010\u00a0stand in diesem Jahr ganz im Zeichen von Comenius!<\/p>\n<p>Liebe Montessori-Freunde,<br \/>\nanl\u00e4sslich des Endes unseres zweij\u00e4hrigen von der EU gef\u00f6rdertem Comenius-Schulaustausch-Projektes: Eurotooopia- eine Kindertheaterwerkstatt hatten wir unsere franz\u00f6sischen und schwedischen Partnersch\u00fcler vom 04.05.10-07.05.10 in unserer Schule zu Gast.<br \/>\nDas in diesem Rahmen einstudierte Theaterst\u00fcck einer Parzival-Adaption von Katrin Lange wurde in dieser Zeit von einigen unserer Sch\u00fcler vor Sch\u00fclern, Lehrern, Eltern und unseren G\u00e4sten aus Paris und Stockholm aufgef\u00fchrt.<\/p>\n<p>Am Mittwoch, dem 05.05.2010, fand au\u00dferdem unser diesj\u00e4hriges Schulfest gemeinsam mit unseren G\u00e4sten statt. So gab es von unserem Chor dreisprachige Liedvortr\u00e4ge sowie ein gemeinsames Singen mit allen 200 Sch\u00fclern und Lehrern.<br \/>\nW\u00e4hrend der zweist\u00fcndigen Spiel- und Aktionszeit konnten die Kinder sich im gesamten Schulgel\u00e4nde an europ\u00e4ischen Spielen erfreuen; an Experimente heranwagen sowie wissenswertes \u00fcber die Gastl\u00e4nder erfahren und dieses Wissen gleich bei Quizfragen anwenden.<br \/>\nKulinarisch wurde das Fest durch Kn\u00fcppelkuchen, Kuchenbasar und grillen von 250 W\u00fcrstchen abgerundet.<\/p>\n<p>Ein Freundschafts-Fu\u00dfballspiel mit gemischten Teams und der Aufstieg von 250 Ballons beendeten anschlie\u00dfend unseren kleinen Festtag.<\/p>\n<p>Allen Helfern und Ausf\u00fchrenden sei sehr gedankt, besonders aber den flei\u00dfigen Kuchenb\u00e4ckern!<\/p>\n<p>S. Mistygatz und I. Maihs<br \/>\nHier nun einige Impressionen vom Fest und dem Theaterst\u00fcck.<\/p>\n<div id='gallery-1' class='gallery galleryid-198 gallery-columns-4 gallery-size-medium'><figure class='gallery-item'>\n\t\t\t<div class='gallery-icon landscape'>\n\t\t\t\t<a href='https:\/\/montessori-halle.de\/cms\/wp-content\/uploads\/2015\/12\/10_505_f2UpTmyzSB.jpg'><img width=\"400\" height=\"300\" src=\"https:\/\/montessori-halle.de\/cms\/wp-content\/uploads\/2015\/12\/10_505_f2UpTmyzSB-400x300.jpg\" class=\"attachment-medium size-medium\" alt=\"\" loading=\"lazy\" srcset=\"https:\/\/montessori-halle.de\/cms\/wp-content\/uploads\/2015\/12\/10_505_f2UpTmyzSB-400x300.jpg 400w, https:\/\/montessori-halle.de\/cms\/wp-content\/uploads\/2015\/12\/10_505_f2UpTmyzSB.jpg 538w\" sizes=\"(max-width: 400px) 100vw, 400px\" \/><\/a>\n\t\t\t<\/div><\/figure><figure class='gallery-item'>\n\t\t\t<div class='gallery-icon landscape'>\n\t\t\t\t<a href='https:\/\/montessori-halle.de\/cms\/wp-content\/uploads\/2015\/12\/10_504_xtY4xg0uqP.jpg'><img width=\"400\" height=\"300\" src=\"https:\/\/montessori-halle.de\/cms\/wp-content\/uploads\/2015\/12\/10_504_xtY4xg0uqP-400x300.jpg\" class=\"attachment-medium size-medium\" alt=\"\" loading=\"lazy\" srcset=\"https:\/\/montessori-halle.de\/cms\/wp-content\/uploads\/2015\/12\/10_504_xtY4xg0uqP-400x300.jpg 400w, https:\/\/montessori-halle.de\/cms\/wp-content\/uploads\/2015\/12\/10_504_xtY4xg0uqP.jpg 538w\" sizes=\"(max-width: 400px) 100vw, 400px\" \/><\/a>\n\t\t\t<\/div><\/figure><figure class='gallery-item'>\n\t\t\t<div class='gallery-icon landscape'>\n\t\t\t\t<a href='https:\/\/montessori-halle.de\/cms\/wp-content\/uploads\/2015\/12\/10_503_WQ0lf4uLQY.jpg'><img width=\"400\" height=\"300\" src=\"https:\/\/montessori-halle.de\/cms\/wp-content\/uploads\/2015\/12\/10_503_WQ0lf4uLQY-400x300.jpg\" class=\"attachment-medium size-medium\" alt=\"\" loading=\"lazy\" srcset=\"https:\/\/montessori-halle.de\/cms\/wp-content\/uploads\/2015\/12\/10_503_WQ0lf4uLQY-400x300.jpg 400w, https:\/\/montessori-halle.de\/cms\/wp-content\/uploads\/2015\/12\/10_503_WQ0lf4uLQY.jpg 538w\" sizes=\"(max-width: 400px) 100vw, 400px\" \/><\/a>\n\t\t\t<\/div><\/figure><figure class='gallery-item'>\n\t\t\t<div class='gallery-icon landscape'>\n\t\t\t\t<a href='https:\/\/montessori-halle.de\/cms\/wp-content\/uploads\/2015\/12\/10_502_reVUJyd1Iz.jpg'><img width=\"400\" height=\"300\" src=\"https:\/\/montessori-halle.de\/cms\/wp-content\/uploads\/2015\/12\/10_502_reVUJyd1Iz-400x300.jpg\" class=\"attachment-medium size-medium\" alt=\"\" loading=\"lazy\" srcset=\"https:\/\/montessori-halle.de\/cms\/wp-content\/uploads\/2015\/12\/10_502_reVUJyd1Iz-400x300.jpg 400w, https:\/\/montessori-halle.de\/cms\/wp-content\/uploads\/2015\/12\/10_502_reVUJyd1Iz.jpg 538w\" sizes=\"(max-width: 400px) 100vw, 400px\" \/><\/a>\n\t\t\t<\/div><\/figure>\n\t\t<\/div>\n\n","protected":false},"excerpt":{"rendered":"<p>Unser Sommerfest 2010\u00a0stand in diesem Jahr ganz im Zeichen von Comenius! Liebe Montessori-Freunde, anl\u00e4sslich des Endes unseres zweij\u00e4hrigen von der EU gef\u00f6rdertem Comenius-Schulaustausch-Projektes: Eurotooopia- eine Kindertheaterwerkstatt hatten wir unsere franz\u00f6sischen und schwedischen Partnersch\u00fcler vom 04.05.10-07.05.10 in unserer Schule zu Gast. Das in diesem Rahmen einstudierte Theaterst\u00fcck einer Parzival-Adaption von Katrin Lange wurde in dieser Zeit&#8230;<\/p>\n","protected":false},"author":2,"featured_media":0,"parent":196,"menu_order":0,"comment_status":"closed","ping_status":"closed","template":"","meta":[],"_links":{"self":[{"href":"https:\/\/montessori-halle.de\/cms\/wp-json\/wp\/v2\/pages\/198"}],"collection":[{"href":"https:\/\/montessori-halle.de\/cms\/wp-json\/wp\/v2\/pages"}],"about":[{"href":"https:\/\/montessori-halle.de\/cms\/wp-json\/wp\/v2\/types\/page"}],"author":[{"embeddable":true,"href":"https:\/\/montessori-halle.de\/cms\/wp-json\/wp\/v2\/users\/2"}],"replies":[{"embeddable":true,"href":"https:\/\/montessori-halle.de\/cms\/wp-json\/wp\/v2\/comments?post=198"}],"version-history":[{"count":9,"href":"https:\/\/montessori-halle.de\/cms\/wp-json\/wp\/v2\/pages\/198\/revisions"}],"predecessor-version":[{"id":827,"href":"https:\/\/montessori-halle.de\/cms\/wp-json\/wp\/v2\/pages\/198\/revisions\/827"}],"up":[{"embeddable":true,"href":"https:\/\/montessori-halle.de\/cms\/wp-json\/wp\/v2\/pages\/196"}],"wp:attachment":[{"href":"https:\/\/montessori-halle.de\/cms\/wp-json\/wp\/v2\/media?parent=198"}],"curies":[{"name":"wp","href":"https:\/\/api.w.org\/{rel}","templated":true}]}}