{"id":2,"date":"2015-10-06T08:29:07","date_gmt":"2015-10-06T08:29:07","guid":{"rendered":"http:\/\/montessori-halle.de\/cms\/\/?page_id=2"},"modified":"2016-09-15T07:58:59","modified_gmt":"2016-09-15T05:58:59","slug":"start","status":"publish","type":"page","link":"https:\/\/montessori-halle.de\/cms\/","title":{"rendered":"Start"},"content":{"rendered":"\n\n<div class=\"su-posts su-posts-default-loop \">\n\n\t\n\t\t\t\t\t\n\t\t\t\n\t\t\t<div id=\"su-post-3114\" class=\"su-post \">\n\n\t\t\t\t\t\t\t\t\t<a class=\"su-post-thumbnail\" href=\"https:\/\/montessori-halle.de\/cms\/2026\/01\/30\/anmeldungen-zum-schuljahr-2026-27\/\"><img width=\"1920\" height=\"1280\" src=\"https:\/\/montessori-halle.de\/cms\/wp-content\/uploads\/2017\/08\/DSC00949-e1502711944405.jpg\" class=\"attachment-post-thumbnail size-post-thumbnail wp-post-image\" alt=\"\" loading=\"lazy\" \/><\/a>\n\t\t\t\t\n\t\t\t\t<h2 class=\"su-post-title\"><a href=\"https:\/\/montessori-halle.de\/cms\/2026\/01\/30\/anmeldungen-zum-schuljahr-2026-27\/\">Anmeldungen zum Schuljahr 2027\/28<\/a><\/h2>\n\n\t\t\t\t<div class=\"su-post-meta\">\n\t\t\t\t\tVer\u00f6ffentlicht: 30. Januar 2026\t\t\t\t<\/div>\n\n\t\t\t\t<div class=\"su-post-excerpt\">\n\t\t\t\t\t<p>Anmeldungen zum Schuljahr 2027\/28 Ab dem 1. Februar 2026 beginnt die Anmeldephase f\u00fcr das Schuljahr 2027\/28 an der Montessori-Schule Halle. Bis zum 31. M\u00e4rz 2026 k\u00f6nnen Eltern ihr Kind bei uns anmelden. Wir freuen uns darauf, neue Familien willkommen zu hei\u00dfen und gemeinsam den Weg ins neue Schuljahr zu gestalten. Alle wichtigen Informationen zum Aufnahmeverfahren&#8230;<\/p>\n\t\t\t\t<\/div>\n\n\t\t\t\t\n\t\t\t<\/div>\n\n\t\t\t\t\t\n\t\t\t\n\t\t\t<div id=\"su-post-3237\" class=\"su-post \">\n\n\t\t\t\t\t\t\t\t\t<a class=\"su-post-thumbnail\" href=\"https:\/\/montessori-halle.de\/cms\/2025\/12\/11\/neuer-lehrgang-zum-erwerb-des-montessori-diploms-in-kooperation-mit-der-deutschen-montessori-vereinigung-e-v\/\"><img width=\"1920\" height=\"1278\" src=\"https:\/\/montessori-halle.de\/cms\/wp-content\/uploads\/2017\/03\/DSC05060-e1490089070573.jpg\" class=\"attachment-post-thumbnail size-post-thumbnail wp-post-image\" alt=\"\" loading=\"lazy\" \/><\/a>\n\t\t\t\t\n\t\t\t\t<h2 class=\"su-post-title\"><a href=\"https:\/\/montessori-halle.de\/cms\/2025\/12\/11\/neuer-lehrgang-zum-erwerb-des-montessori-diploms-in-kooperation-mit-der-deutschen-montessori-vereinigung-e-v\/\">Neuer Lehrgang zum Erwerb des Montessori-Diploms in Kooperation mit der Deutschen- Montessori-Vereinigung e.V.<\/a><\/h2>\n\n\t\t\t\t<div class=\"su-post-meta\">\n\t\t\t\t\tVer\u00f6ffentlicht: 11. Dezember 2025\t\t\t\t<\/div>\n\n\t\t\t\t<div class=\"su-post-excerpt\">\n\t\t\t\t\t<p>Wir geben hiermit den Start eines neuen Lehrgangs zur Erlangung des Montessori-Diploms ab dem September 2026 bekannt. Dieses Weiterbildungsangebot wird in direkter Zusammenarbeit mit der Deutschen Montessori-Vereinigung e.V. realisiert und richtet sich an Interessenten, die eine fundierte Qualifizierung in der Montessori-P\u00e4dagogik anstreben. Die Montessori Gesellschaft Halle, als Tr\u00e4ger der Montessori-Schule Halle, bietet seit 1993 Montessori-Diplomlehrg\u00e4nge&#8230;<\/p>\n\t\t\t\t<\/div>\n\n\t\t\t\t\n\t\t\t<\/div>\n\n\t\t\t\t\t\n\t\t\t\n\t\t\t<div id=\"su-post-3172\" class=\"su-post \">\n\n\t\t\t\t\t\t\t\t\t<a class=\"su-post-thumbnail\" href=\"https:\/\/montessori-halle.de\/cms\/2025\/08\/13\/willkommen-in-unserer-schulgemeinschaft\/\"><img width=\"1707\" height=\"2560\" src=\"https:\/\/montessori-halle.de\/cms\/wp-content\/uploads\/2025\/08\/DSC01480-scaled.jpg\" class=\"attachment-post-thumbnail size-post-thumbnail wp-post-image\" alt=\"\" loading=\"lazy\" srcset=\"https:\/\/montessori-halle.de\/cms\/wp-content\/uploads\/2025\/08\/DSC01480-scaled.jpg 1707w, https:\/\/montessori-halle.de\/cms\/wp-content\/uploads\/2025\/08\/DSC01480-267x400.jpg 267w, https:\/\/montessori-halle.de\/cms\/wp-content\/uploads\/2025\/08\/DSC01480-683x1024.jpg 683w, https:\/\/montessori-halle.de\/cms\/wp-content\/uploads\/2025\/08\/DSC01480-1024x1536.jpg 1024w, https:\/\/montessori-halle.de\/cms\/wp-content\/uploads\/2025\/08\/DSC01480-1366x2048.jpg 1366w\" sizes=\"(max-width: 1707px) 100vw, 1707px\" \/><\/a>\n\t\t\t\t\n\t\t\t\t<h2 class=\"su-post-title\"><a href=\"https:\/\/montessori-halle.de\/cms\/2025\/08\/13\/willkommen-in-unserer-schulgemeinschaft\/\"><strong>Willkommen in unserer Schulgemeinschaft<\/strong><\/a><\/h2>\n\n\t\t\t\t<div class=\"su-post-meta\">\n\t\t\t\t\tVer\u00f6ffentlicht: 13. August 2025\t\t\t\t<\/div>\n\n\t\t\t\t<div class=\"su-post-excerpt\">\n\t\t\t\t\t<p>Der erste Schultag ist immer etwas Besonderes \u2013 und in diesem Jahr war er wieder voller kleiner und gro\u00dfer Momente, die in Erinnerung bleiben. Im Freylinghausensaal nahmen wir unsere neuen Erstkl\u00e4sslerinnen und Erstkl\u00e4ssler in die Gemeinschaft auf. Als \u00dcberraschung gab es eine Auff\u00fchrung der &#8222;gro\u00dfen&#8220; Kinder, das Theaterst\u00fcck \u201eMacht ja nix\u201c mit dem kleinen Raben&#8230;<\/p>\n\t\t\t\t<\/div>\n\n\t\t\t\t\n\t\t\t<\/div>\n\n\t\t\t\t\t\n\t\t\t\n\t\t\t<div id=\"su-post-3129\" class=\"su-post \">\n\n\t\t\t\t\t\t\t\t\t<a class=\"su-post-thumbnail\" href=\"https:\/\/montessori-halle.de\/cms\/2025\/03\/04\/fasching-am-rosenmontag\/\"><img width=\"1708\" height=\"2560\" src=\"https:\/\/montessori-halle.de\/cms\/wp-content\/uploads\/2025\/03\/DSC09796-scaled.jpg\" class=\"attachment-post-thumbnail size-post-thumbnail wp-post-image\" alt=\"\" loading=\"lazy\" srcset=\"https:\/\/montessori-halle.de\/cms\/wp-content\/uploads\/2025\/03\/DSC09796-scaled.jpg 1708w, https:\/\/montessori-halle.de\/cms\/wp-content\/uploads\/2025\/03\/DSC09796-267x400.jpg 267w, https:\/\/montessori-halle.de\/cms\/wp-content\/uploads\/2025\/03\/DSC09796-683x1024.jpg 683w, https:\/\/montessori-halle.de\/cms\/wp-content\/uploads\/2025\/03\/DSC09796-1025x1536.jpg 1025w, https:\/\/montessori-halle.de\/cms\/wp-content\/uploads\/2025\/03\/DSC09796-1366x2048.jpg 1366w\" sizes=\"(max-width: 1708px) 100vw, 1708px\" \/><\/a>\n\t\t\t\t\n\t\t\t\t<h2 class=\"su-post-title\"><a href=\"https:\/\/montessori-halle.de\/cms\/2025\/03\/04\/fasching-am-rosenmontag\/\">Fasching am Rosenmontag<\/a><\/h2>\n\n\t\t\t\t<div class=\"su-post-meta\">\n\t\t\t\t\tVer\u00f6ffentlicht: 4. M\u00e4rz 2025\t\t\t\t<\/div>\n\n\t\t\t\t<div class=\"su-post-excerpt\">\n\t\t\t\t\t<p>W\u00e4hrend in der Stadt der Rosenmontagsumzug lief und die Musik bis in unser Haus zu h\u00f6ren war, feierten Kinder in Schule und Hort mit vielen Spielen und bunten Kost\u00fcmen. Klassiker wie die \u201eReise nach Jerusalem\u201c, ein Autorennen mit Faden und Bleistift oder das Schokoladenessen mit Handschuhen sorgten f\u00fcr Spa\u00df und Spannung. Ein besonderes Erlebnis war&#8230;<\/p>\n\t\t\t\t<\/div>\n\n\t\t\t\t\n\t\t\t<\/div>\n\n\t\t\t\t\t\n\t\t\t\n\t\t\t<div id=\"su-post-3098\" class=\"su-post \">\n\n\t\t\t\t\t\t\t\t\t<a class=\"su-post-thumbnail\" href=\"https:\/\/montessori-halle.de\/cms\/2024\/12\/04\/schilf-tag-schulinterner-fortbildungstag-2024\/\"><img width=\"538\" height=\"360\" src=\"https:\/\/montessori-halle.de\/cms\/wp-content\/uploads\/2015\/12\/10_231_2qHZnwimIm.jpg\" class=\"attachment-post-thumbnail size-post-thumbnail wp-post-image\" alt=\"Montesorri Schule frontal\" loading=\"lazy\" srcset=\"https:\/\/montessori-halle.de\/cms\/wp-content\/uploads\/2015\/12\/10_231_2qHZnwimIm.jpg 538w, https:\/\/montessori-halle.de\/cms\/wp-content\/uploads\/2015\/12\/10_231_2qHZnwimIm-400x268.jpg 400w, https:\/\/montessori-halle.de\/cms\/wp-content\/uploads\/2015\/12\/10_231_2qHZnwimIm-177x118.jpg 177w\" sizes=\"(max-width: 538px) 100vw, 538px\" \/><\/a>\n\t\t\t\t\n\t\t\t\t<h2 class=\"su-post-title\"><a href=\"https:\/\/montessori-halle.de\/cms\/2024\/12\/04\/schilf-tag-schulinterner-fortbildungstag-2024\/\">SCHILF-Tag (Schulinterner Fortbildungstag) 2024<\/a><\/h2>\n\n\t\t\t\t<div class=\"su-post-meta\">\n\t\t\t\t\tVer\u00f6ffentlicht: 4. Dezember 2024\t\t\t\t<\/div>\n\n\t\t\t\t<div class=\"su-post-excerpt\">\n\t\t\t\t\t<p>Letzten Dienstag fand unser diesj\u00e4hriger SCHILF-Tag statt. Unter der Leitung unserer Schulpsychologin, Frau Balcke, besch\u00e4ftigten wir uns als gesamtes Schulteam intensiv mit dem Thema \u201eKrisenintervention\u201c. Gemeinsam reflektierten wir erfolgreich bew\u00e4ltigte Krisensituationen aus der Vergangenheit und erarbeiteten Ans\u00e4tze f\u00fcr den Umgang mit m\u00f6glichen zuk\u00fcnftigen Herausforderungen im schulischen Kontext. Ein zentraler Bestandteil des Tages war eine praktische&#8230;<\/p>\n\t\t\t\t<\/div>\n\n\t\t\t\t\n\t\t\t<\/div>\n\n\t\t\t\t\t\n\t\t\t\n\t\t\t<div id=\"su-post-3071\" class=\"su-post \">\n\n\t\t\t\t\t\t\t\t\t<a class=\"su-post-thumbnail\" href=\"https:\/\/montessori-halle.de\/cms\/2024\/11\/14\/erzieher-m-w-d-gesucht\/\"><img width=\"2560\" height=\"1708\" src=\"https:\/\/montessori-halle.de\/cms\/wp-content\/uploads\/2024\/11\/DSC08153-scaled.jpg\" class=\"attachment-post-thumbnail size-post-thumbnail wp-post-image\" alt=\"\" loading=\"lazy\" srcset=\"https:\/\/montessori-halle.de\/cms\/wp-content\/uploads\/2024\/11\/DSC08153-scaled.jpg 2560w, https:\/\/montessori-halle.de\/cms\/wp-content\/uploads\/2024\/11\/DSC08153-400x267.jpg 400w, https:\/\/montessori-halle.de\/cms\/wp-content\/uploads\/2024\/11\/DSC08153-1024x683.jpg 1024w, https:\/\/montessori-halle.de\/cms\/wp-content\/uploads\/2024\/11\/DSC08153-1536x1025.jpg 1536w, https:\/\/montessori-halle.de\/cms\/wp-content\/uploads\/2024\/11\/DSC08153-2048x1366.jpg 2048w, https:\/\/montessori-halle.de\/cms\/wp-content\/uploads\/2024\/11\/DSC08153-177x118.jpg 177w\" sizes=\"(max-width: 2560px) 100vw, 2560px\" \/><\/a>\n\t\t\t\t\n\t\t\t\t<h2 class=\"su-post-title\"><a href=\"https:\/\/montessori-halle.de\/cms\/2024\/11\/14\/erzieher-m-w-d-gesucht\/\">Projekttag \u201eGesunde Ern\u00e4hrung\u201c an der Montessori Grundschule Halle<\/a><\/h2>\n\n\t\t\t\t<div class=\"su-post-meta\">\n\t\t\t\t\tVer\u00f6ffentlicht: 14. November 2024\t\t\t\t<\/div>\n\n\t\t\t\t<div class=\"su-post-excerpt\">\n\t\t\t\t\t<p>Am Montag, den 28. Oktober 2024, widmeten wir uns ganz dem Thema \u201eGesunde Ern\u00e4hrung\u201c. Der Projekttag begann mit einem schwungvollen Auftakt aus Kanon und Tanz auf dem Schulhof und f\u00fchrte die Sch\u00fclerinnen und Sch\u00fcler anschlie\u00dfend durch eine Vielzahl an Lernstationen, die mit Wissenswertem und praktischen Erlebnissen rund um das Thema Ern\u00e4hrung aufwarteten. Wer sich schnell&#8230;<\/p>\n\t\t\t\t<\/div>\n\n\t\t\t\t\n\t\t\t<\/div>\n\n\t\t\t\t\t\n\t\t\t\n\t\t\t<div id=\"su-post-3048\" class=\"su-post \">\n\n\t\t\t\t\t\t\t\t\t<a class=\"su-post-thumbnail\" href=\"https:\/\/montessori-halle.de\/cms\/2024\/09\/04\/einschulung-2024\/\"><img width=\"2560\" height=\"1708\" src=\"https:\/\/montessori-halle.de\/cms\/wp-content\/uploads\/2024\/09\/DSC06566-scaled.jpg\" class=\"attachment-post-thumbnail size-post-thumbnail wp-post-image\" alt=\"\" loading=\"lazy\" srcset=\"https:\/\/montessori-halle.de\/cms\/wp-content\/uploads\/2024\/09\/DSC06566-scaled.jpg 2560w, https:\/\/montessori-halle.de\/cms\/wp-content\/uploads\/2024\/09\/DSC06566-400x267.jpg 400w, https:\/\/montessori-halle.de\/cms\/wp-content\/uploads\/2024\/09\/DSC06566-1024x683.jpg 1024w, https:\/\/montessori-halle.de\/cms\/wp-content\/uploads\/2024\/09\/DSC06566-1536x1025.jpg 1536w, https:\/\/montessori-halle.de\/cms\/wp-content\/uploads\/2024\/09\/DSC06566-2048x1366.jpg 2048w, https:\/\/montessori-halle.de\/cms\/wp-content\/uploads\/2024\/09\/DSC06566-177x118.jpg 177w\" sizes=\"(max-width: 2560px) 100vw, 2560px\" \/><\/a>\n\t\t\t\t\n\t\t\t\t<h2 class=\"su-post-title\"><a href=\"https:\/\/montessori-halle.de\/cms\/2024\/09\/04\/einschulung-2024\/\">Einschulung 2024<\/a><\/h2>\n\n\t\t\t\t<div class=\"su-post-meta\">\n\t\t\t\t\tVer\u00f6ffentlicht: 4. September 2024\t\t\t\t<\/div>\n\n\t\t\t\t<div class=\"su-post-excerpt\">\n\t\t\t\t\t<p>Schon Anfang August endeten die Sommerferien, und diesmal startete der Unterricht direkt an einem Montag statt an einem Donnerstag. Unsere neuen Erstkl\u00e4ssler waren damit die Ersten im Schulhaus \u2013 ein aufregender Start! Am Samstag, den 3. August 2024, feierten wir die dann Einschulung im Freylinghausensaal der Franckeschen Stiftungen. Die Puppenspielerinnen des Figurentheaters Julia Raab sorgten&#8230;<\/p>\n\t\t\t\t<\/div>\n\n\t\t\t\t\n\t\t\t<\/div>\n\n\t\t\t\t\t\n\t\t\t\n\t\t\t<div id=\"su-post-3032\" class=\"su-post \">\n\n\t\t\t\t\t\t\t\t\t<a class=\"su-post-thumbnail\" href=\"https:\/\/montessori-halle.de\/cms\/2024\/08\/22\/alle-digitalpaktgeraete-da\/\"><img width=\"733\" height=\"875\" src=\"https:\/\/montessori-halle.de\/cms\/wp-content\/uploads\/2024\/08\/185_19_Logo_Digitalpakt_Schule_016816.jpg\" class=\"attachment-post-thumbnail size-post-thumbnail wp-post-image\" alt=\"\" loading=\"lazy\" srcset=\"https:\/\/montessori-halle.de\/cms\/wp-content\/uploads\/2024\/08\/185_19_Logo_Digitalpakt_Schule_016816.jpg 733w, https:\/\/montessori-halle.de\/cms\/wp-content\/uploads\/2024\/08\/185_19_Logo_Digitalpakt_Schule_016816-335x400.jpg 335w\" sizes=\"(max-width: 733px) 100vw, 733px\" \/><\/a>\n\t\t\t\t\n\t\t\t\t<h2 class=\"su-post-title\"><a href=\"https:\/\/montessori-halle.de\/cms\/2024\/08\/22\/alle-digitalpaktgeraete-da\/\">Alle Digitalpaktger\u00e4te da<\/a><\/h2>\n\n\t\t\t\t<div class=\"su-post-meta\">\n\t\t\t\t\tVer\u00f6ffentlicht: 22. August 2024\t\t\t\t<\/div>\n\n\t\t\t\t<div class=\"su-post-excerpt\">\n\t\t\t\t\t<p>Kurz vor den Sommerferien sind mit sechs Beamern, die letzten Ger\u00e4te aus unserer F\u00f6rderung durch den Digitalpakt des Bundes bei uns eingetroffen. Durch die F\u00f6rderung konnten wir neben den Beamern noch interaktive Tafeln, Tablets, Notebooks, Netzwerktechnik und Material f\u00fcr den Multimediaunterricht anschaffen. Insgesamt f\u00fcr \u00fcber 80.000,00\u20ac! Nun ist unser ehrw\u00fcrdiges Schulgeb\u00e4ude aus dem 19Jh. auch&#8230;<\/p>\n\t\t\t\t<\/div>\n\n\t\t\t\t\n\t\t\t<\/div>\n\n\t\t\t\t\t\n\t\t\t\n\t\t\t<div id=\"su-post-2919\" class=\"su-post \">\n\n\t\t\t\t\t\t\t\t\t<a class=\"su-post-thumbnail\" href=\"https:\/\/montessori-halle.de\/cms\/2023\/09\/07\/schwimmwoche-2023\/\"><img width=\"2560\" height=\"1920\" src=\"https:\/\/montessori-halle.de\/cms\/wp-content\/uploads\/2023\/09\/IMG_0499-Kopie-gepixelt-scaled.jpg\" class=\"attachment-post-thumbnail size-post-thumbnail wp-post-image\" alt=\"\" loading=\"lazy\" srcset=\"https:\/\/montessori-halle.de\/cms\/wp-content\/uploads\/2023\/09\/IMG_0499-Kopie-gepixelt-scaled.jpg 2560w, https:\/\/montessori-halle.de\/cms\/wp-content\/uploads\/2023\/09\/IMG_0499-Kopie-gepixelt-400x300.jpg 400w, https:\/\/montessori-halle.de\/cms\/wp-content\/uploads\/2023\/09\/IMG_0499-Kopie-gepixelt-1024x768.jpg 1024w, https:\/\/montessori-halle.de\/cms\/wp-content\/uploads\/2023\/09\/IMG_0499-Kopie-gepixelt-1536x1152.jpg 1536w, https:\/\/montessori-halle.de\/cms\/wp-content\/uploads\/2023\/09\/IMG_0499-Kopie-gepixelt-2048x1536.jpg 2048w\" sizes=\"(max-width: 2560px) 100vw, 2560px\" \/><\/a>\n\t\t\t\t\n\t\t\t\t<h2 class=\"su-post-title\"><a href=\"https:\/\/montessori-halle.de\/cms\/2023\/09\/07\/schwimmwoche-2023\/\">Schwimmwoche 2023<\/a><\/h2>\n\n\t\t\t\t<div class=\"su-post-meta\">\n\t\t\t\t\tVer\u00f6ffentlicht: 7. September 2023\t\t\t\t<\/div>\n\n\t\t\t\t<div class=\"su-post-excerpt\">\n\t\t\t\t\t<p>So sch\u00f6n wie diese Woche, war das Wetter in der letzten Woche nicht. Aber gerade da fand unsere diesj\u00e4hrige Schwimmwoche im Freibad der Saline statt. Umso tapferer waren unsere Viertkl\u00e4ssler. Und wie man sieht, mit einem sch\u00f6nen Ergebnis: lauter tolle Schwimmabzeichen. Herzlichen Gl\u00fcckwunsch! Die Kinder an der Montessori-Schule erhalten im gesamten zweiten Schuljahr regul\u00e4ren Schwimmunterricht&#8230;<\/p>\n\t\t\t\t<\/div>\n\n\t\t\t\t\n\t\t\t<\/div>\n\n\t\t\t\t\t\n\t\t\t\n\t\t\t<div id=\"su-post-2766\" class=\"su-post \">\n\n\t\t\t\t\t\t\t\t\t<a class=\"su-post-thumbnail\" href=\"https:\/\/montessori-halle.de\/cms\/2023\/04\/20\/erzieher-in-im-hort-gesucht\/\"><img width=\"2048\" height=\"1535\" src=\"https:\/\/montessori-halle.de\/cms\/wp-content\/uploads\/2023\/04\/IMG_0201.jpeg\" class=\"attachment-post-thumbnail size-post-thumbnail wp-post-image\" alt=\"\" loading=\"lazy\" srcset=\"https:\/\/montessori-halle.de\/cms\/wp-content\/uploads\/2023\/04\/IMG_0201.jpeg 2048w, https:\/\/montessori-halle.de\/cms\/wp-content\/uploads\/2023\/04\/IMG_0201-400x300.jpeg 400w, https:\/\/montessori-halle.de\/cms\/wp-content\/uploads\/2023\/04\/IMG_0201-1024x768.jpeg 1024w, https:\/\/montessori-halle.de\/cms\/wp-content\/uploads\/2023\/04\/IMG_0201-1536x1151.jpeg 1536w\" sizes=\"(max-width: 2048px) 100vw, 2048px\" \/><\/a>\n\t\t\t\t\n\t\t\t\t<h2 class=\"su-post-title\"><a href=\"https:\/\/montessori-halle.de\/cms\/2023\/04\/20\/erzieher-in-im-hort-gesucht\/\">Ehemaligentreffen<\/a><\/h2>\n\n\t\t\t\t<div class=\"su-post-meta\">\n\t\t\t\t\tVer\u00f6ffentlicht: 20. April 2023\t\t\t\t<\/div>\n\n\t\t\t\t<div class=\"su-post-excerpt\">\n\t\t\t\t\t<p>30 Jahre Maria-Montessori-Grundschule \u2013 ein Grund zum Feiern und Erinnern!Das Jubil\u00e4um unserer Schule bot am Samstag, den 15. April 2023, den perfekten Anlass f\u00fcr ein fr\u00f6hliches Ehemaligentreffen. Trotz des regnerischen und k\u00fchlen Wetters lie\u00dfen sich unsere ehemaligen Sch\u00fclerinnen und Sch\u00fcler nicht davon abhalten, uns an diesem besonderen Tag zu besuchen.Schon vor 15 Uhr versammelten sich&#8230;<\/p>\n\t\t\t\t<\/div>\n\n\t\t\t\t\n\t\t\t<\/div>\n\n\t\t\n\t\n<\/div>\n<div class=\"su-row\"><div class=\"su-column su-column-size-2-3\"><div class=\"su-column-inner su-u-clearfix su-u-trim\"><\/div><\/div> <div class=\"su-column su-column-size-1-3\"><div class=\"su-column-inner su-u-clearfix su-u-trim\"><\/div><\/div> <\/div>\n","protected":false},"excerpt":{"rendered":"","protected":false},"author":2,"featured_media":0,"parent":0,"menu_order":0,"comment_status":"closed","ping_status":"closed","template":"","meta":[],"_links":{"self":[{"href":"https:\/\/montessori-halle.de\/cms\/wp-json\/wp\/v2\/pages\/2"}],"collection":[{"href":"https:\/\/montessori-halle.de\/cms\/wp-json\/wp\/v2\/pages"}],"about":[{"href":"https:\/\/montessori-halle.de\/cms\/wp-json\/wp\/v2\/types\/page"}],"author":[{"embeddable":true,"href":"https:\/\/montessori-halle.de\/cms\/wp-json\/wp\/v2\/users\/2"}],"replies":[{"embeddable":true,"href":"https:\/\/montessori-halle.de\/cms\/wp-json\/wp\/v2\/comments?post=2"}],"version-history":[{"count":8,"href":"https:\/\/montessori-halle.de\/cms\/wp-json\/wp\/v2\/pages\/2\/revisions"}],"predecessor-version":[{"id":766,"href":"https:\/\/montessori-halle.de\/cms\/wp-json\/wp\/v2\/pages\/2\/revisions\/766"}],"wp:attachment":[{"href":"https:\/\/montessori-halle.de\/cms\/wp-json\/wp\/v2\/media?parent=2"}],"curies":[{"name":"wp","href":"https:\/\/api.w.org\/{rel}","templated":true}]}}