{"id":208,"date":"2015-12-03T14:38:46","date_gmt":"2015-12-03T13:38:46","guid":{"rendered":"http:\/\/montessori-halle.de\/cms\/?page_id=208"},"modified":"2016-03-14T16:09:59","modified_gmt":"2016-03-14T15:09:59","slug":"fahrt-nach-paris","status":"publish","type":"page","link":"https:\/\/montessori-halle.de\/cms\/das-sind-wir\/comenius-projekt-2009-11\/fahrt-nach-paris\/","title":{"rendered":"Fahrt nach Paris"},"content":{"rendered":"<p>&#8230;und das haben wir erlebt!<\/p>\n<p>In der Zeit vom 11.5.09 bis 14.5.09 fuhr unsere Comenius-Projekt-Theatergruppe nach Paris, um sich dort mit franz\u00f6sischen und schwedischen Kindern zu treffen.<\/p>\n<p>Nach 9 Stunden Fahrt war es dann soweit: Ankunft in Paris! Die Pariser Kinder haben uns schon ganz ungeduldig erwartet. Sp\u00e4ter fuhren wir zu unserer Gastschule. Wie man sehen kann, liegt sie direkt am Eiffelturm; ein toller Anblick. Die lieben Gasteltern freuten sich auch schon sehr auf unseren Besuch. Nach der ersten aufregenden Nacht trafen wir uns mit einem Schauspieler. Er brachte uns viele tolle Tricks bei und lie\u00df uns mit echten Theatermasken schauspielern. Am Nachmittag haben wir uns Paris angesehen. Dabei mussten wir uns sehr beeilen, denn wir wollten in 4 Stunden allerhand sehen: den Louvre, Notre Dame, viele Pl\u00e4tze und Br\u00fccken. Den dritten Tag haben wir in einem Pariser Theater\u00a0verbracht. Dort haben wir auch einige Schauspieler und Autoren getroffen und ein franz\u00f6sisches St\u00fcck mit ihnen angesehen. Bevor es am letzten Tag wieder nach Hause ging, haben wir uns noch auf den Eiffelturm getraut. Der Aufstieg war ganz sch\u00f6n anstrengend. Ab der zweiten Plattform durften wir mit dem Fahrstuhl\u00a0 fahren und der Ausblick von oben\u00a0 &#8211; unbeschreiblich.<\/p>\n<p>Mit vielen tollen Eindr\u00fccken im Gep\u00e4ck traten wir die Heimreise an. Wie man sehen kann, hat Paris nun 15 Ehrenb\u00fcrger mehr und wir freuen uns schon sehr auf das Wiedersehen im Mai 2010 hier in Halle.<\/p>\n<div id='gallery-1' class='gallery galleryid-208 gallery-columns-2 gallery-size-medium'><figure class='gallery-item'>\n\t\t\t<div class='gallery-icon landscape'>\n\t\t\t\t<a href='https:\/\/montessori-halle.de\/cms\/das-sind-wir\/comenius-projekt-2009-11\/fahrt-nach-paris\/10_386_zbknd532i9\/'><img width=\"400\" height=\"300\" src=\"https:\/\/montessori-halle.de\/cms\/wp-content\/uploads\/2015\/12\/10_386_zbkND532I9-400x300.jpg\" class=\"attachment-medium size-medium\" alt=\"\" loading=\"lazy\" srcset=\"https:\/\/montessori-halle.de\/cms\/wp-content\/uploads\/2015\/12\/10_386_zbkND532I9-400x300.jpg 400w, https:\/\/montessori-halle.de\/cms\/wp-content\/uploads\/2015\/12\/10_386_zbkND532I9.jpg 538w\" sizes=\"(max-width: 400px) 100vw, 400px\" \/><\/a>\n\t\t\t<\/div><\/figure><figure class='gallery-item'>\n\t\t\t<div class='gallery-icon landscape'>\n\t\t\t\t<a href='https:\/\/montessori-halle.de\/cms\/das-sind-wir\/comenius-projekt-2009-11\/fahrt-nach-paris\/10_385_j61m5wdgmr\/'><img width=\"400\" height=\"300\" src=\"https:\/\/montessori-halle.de\/cms\/wp-content\/uploads\/2015\/12\/10_385_j61M5WDGMr-400x300.jpg\" class=\"attachment-medium size-medium\" alt=\"\" loading=\"lazy\" srcset=\"https:\/\/montessori-halle.de\/cms\/wp-content\/uploads\/2015\/12\/10_385_j61M5WDGMr-400x300.jpg 400w, https:\/\/montessori-halle.de\/cms\/wp-content\/uploads\/2015\/12\/10_385_j61M5WDGMr.jpg 538w\" sizes=\"(max-width: 400px) 100vw, 400px\" \/><\/a>\n\t\t\t<\/div><\/figure><figure class='gallery-item'>\n\t\t\t<div class='gallery-icon landscape'>\n\t\t\t\t<a href='https:\/\/montessori-halle.de\/cms\/das-sind-wir\/comenius-projekt-2009-11\/fahrt-nach-paris\/10_384_gsymvpox1k\/'><img width=\"400\" height=\"300\" src=\"https:\/\/montessori-halle.de\/cms\/wp-content\/uploads\/2015\/12\/10_384_GSyMVpox1K-400x300.jpg\" class=\"attachment-medium size-medium\" alt=\"\" loading=\"lazy\" srcset=\"https:\/\/montessori-halle.de\/cms\/wp-content\/uploads\/2015\/12\/10_384_GSyMVpox1K-400x300.jpg 400w, https:\/\/montessori-halle.de\/cms\/wp-content\/uploads\/2015\/12\/10_384_GSyMVpox1K.jpg 538w\" sizes=\"(max-width: 400px) 100vw, 400px\" \/><\/a>\n\t\t\t<\/div><\/figure><figure class='gallery-item'>\n\t\t\t<div class='gallery-icon landscape'>\n\t\t\t\t<a href='https:\/\/montessori-halle.de\/cms\/das-sind-wir\/comenius-projekt-2009-11\/fahrt-nach-paris\/10_383_teifz3dhhw\/'><img width=\"400\" height=\"300\" src=\"https:\/\/montessori-halle.de\/cms\/wp-content\/uploads\/2015\/12\/10_383_teIfz3DhHW-400x300.jpg\" class=\"attachment-medium size-medium\" alt=\"\" loading=\"lazy\" srcset=\"https:\/\/montessori-halle.de\/cms\/wp-content\/uploads\/2015\/12\/10_383_teIfz3DhHW-400x300.jpg 400w, https:\/\/montessori-halle.de\/cms\/wp-content\/uploads\/2015\/12\/10_383_teIfz3DhHW.jpg 538w\" sizes=\"(max-width: 400px) 100vw, 400px\" \/><\/a>\n\t\t\t<\/div><\/figure><figure class='gallery-item'>\n\t\t\t<div class='gallery-icon landscape'>\n\t\t\t\t<a href='https:\/\/montessori-halle.de\/cms\/das-sind-wir\/comenius-projekt-2009-11\/fahrt-nach-paris\/10_389_zdp9pw5fwd\/'><img width=\"400\" height=\"300\" src=\"https:\/\/montessori-halle.de\/cms\/wp-content\/uploads\/2015\/12\/10_389_zdp9Pw5Fwd-400x300.jpg\" class=\"attachment-medium size-medium\" alt=\"\" loading=\"lazy\" srcset=\"https:\/\/montessori-halle.de\/cms\/wp-content\/uploads\/2015\/12\/10_389_zdp9Pw5Fwd-400x300.jpg 400w, https:\/\/montessori-halle.de\/cms\/wp-content\/uploads\/2015\/12\/10_389_zdp9Pw5Fwd.jpg 538w\" sizes=\"(max-width: 400px) 100vw, 400px\" \/><\/a>\n\t\t\t<\/div><\/figure><figure class='gallery-item'>\n\t\t\t<div class='gallery-icon landscape'>\n\t\t\t\t<a href='https:\/\/montessori-halle.de\/cms\/das-sind-wir\/comenius-projekt-2009-11\/fahrt-nach-paris\/10_390_uyvitmlymx\/'><img width=\"400\" height=\"300\" src=\"https:\/\/montessori-halle.de\/cms\/wp-content\/uploads\/2015\/12\/10_390_uYvITmLymx-400x300.jpg\" class=\"attachment-medium size-medium\" alt=\"\" loading=\"lazy\" srcset=\"https:\/\/montessori-halle.de\/cms\/wp-content\/uploads\/2015\/12\/10_390_uYvITmLymx-400x300.jpg 400w, https:\/\/montessori-halle.de\/cms\/wp-content\/uploads\/2015\/12\/10_390_uYvITmLymx.jpg 538w\" sizes=\"(max-width: 400px) 100vw, 400px\" \/><\/a>\n\t\t\t<\/div><\/figure><figure class='gallery-item'>\n\t\t\t<div class='gallery-icon portrait'>\n\t\t\t\t<a href='https:\/\/montessori-halle.de\/cms\/das-sind-wir\/comenius-projekt-2009-11\/fahrt-nach-paris\/10_394_x1mhxwfbt5\/'><img width=\"300\" height=\"400\" src=\"https:\/\/montessori-halle.de\/cms\/wp-content\/uploads\/2015\/12\/10_394_X1MHXWfbT5-300x400.jpg\" class=\"attachment-medium size-medium\" alt=\"\" loading=\"lazy\" srcset=\"https:\/\/montessori-halle.de\/cms\/wp-content\/uploads\/2015\/12\/10_394_X1MHXWfbT5-300x400.jpg 300w, https:\/\/montessori-halle.de\/cms\/wp-content\/uploads\/2015\/12\/10_394_X1MHXWfbT5.jpg 403w\" sizes=\"(max-width: 300px) 100vw, 300px\" \/><\/a>\n\t\t\t<\/div><\/figure><figure class='gallery-item'>\n\t\t\t<div class='gallery-icon portrait'>\n\t\t\t\t<a href='https:\/\/montessori-halle.de\/cms\/das-sind-wir\/comenius-projekt-2009-11\/fahrt-nach-paris\/10_393_eztsttlu7s\/'><img width=\"300\" height=\"400\" src=\"https:\/\/montessori-halle.de\/cms\/wp-content\/uploads\/2015\/12\/10_393_EzTsTTLU7s-300x400.jpg\" class=\"attachment-medium size-medium\" alt=\"\" loading=\"lazy\" srcset=\"https:\/\/montessori-halle.de\/cms\/wp-content\/uploads\/2015\/12\/10_393_EzTsTTLU7s-300x400.jpg 300w, https:\/\/montessori-halle.de\/cms\/wp-content\/uploads\/2015\/12\/10_393_EzTsTTLU7s.jpg 403w\" sizes=\"(max-width: 300px) 100vw, 300px\" \/><\/a>\n\t\t\t<\/div><\/figure>\n\t\t<\/div>\n\n","protected":false},"excerpt":{"rendered":"<p>&#8230;und das haben wir erlebt! In der Zeit vom 11.5.09 bis 14.5.09 fuhr unsere Comenius-Projekt-Theatergruppe nach Paris, um sich dort mit franz\u00f6sischen und schwedischen Kindern zu treffen. Nach 9 Stunden Fahrt war es dann soweit: Ankunft in Paris! Die Pariser Kinder haben uns schon ganz ungeduldig erwartet. Sp\u00e4ter fuhren wir zu unserer Gastschule. Wie man&#8230;<\/p>\n","protected":false},"author":2,"featured_media":0,"parent":196,"menu_order":0,"comment_status":"closed","ping_status":"closed","template":"","meta":[],"_links":{"self":[{"href":"https:\/\/montessori-halle.de\/cms\/wp-json\/wp\/v2\/pages\/208"}],"collection":[{"href":"https:\/\/montessori-halle.de\/cms\/wp-json\/wp\/v2\/pages"}],"about":[{"href":"https:\/\/montessori-halle.de\/cms\/wp-json\/wp\/v2\/types\/page"}],"author":[{"embeddable":true,"href":"https:\/\/montessori-halle.de\/cms\/wp-json\/wp\/v2\/users\/2"}],"replies":[{"embeddable":true,"href":"https:\/\/montessori-halle.de\/cms\/wp-json\/wp\/v2\/comments?post=208"}],"version-history":[{"count":7,"href":"https:\/\/montessori-halle.de\/cms\/wp-json\/wp\/v2\/pages\/208\/revisions"}],"predecessor-version":[{"id":840,"href":"https:\/\/montessori-halle.de\/cms\/wp-json\/wp\/v2\/pages\/208\/revisions\/840"}],"up":[{"embeddable":true,"href":"https:\/\/montessori-halle.de\/cms\/wp-json\/wp\/v2\/pages\/196"}],"wp:attachment":[{"href":"https:\/\/montessori-halle.de\/cms\/wp-json\/wp\/v2\/media?parent=208"}],"curies":[{"name":"wp","href":"https:\/\/api.w.org\/{rel}","templated":true}]}}