{"id":224,"date":"2015-12-03T15:23:30","date_gmt":"2015-12-03T14:23:30","guid":{"rendered":"http:\/\/montessori-halle.de\/cms\/?page_id=224"},"modified":"2016-03-14T14:44:02","modified_gmt":"2016-03-14T13:44:02","slug":"eurotooopia-die-kinderwerkstatt","status":"publish","type":"page","link":"https:\/\/montessori-halle.de\/cms\/das-sind-wir\/comenius-projekt-2009-11\/eurotooopia-die-kinderwerkstatt\/","title":{"rendered":"Eurotooopia &#8211; die Kinderwerkstatt"},"content":{"rendered":"<div class=\"su-row\"><div class=\"su-column su-column-size-2-3\"><div class=\"su-column-inner su-u-clearfix su-u-trim\">Was verbirgt sich hinter diesem Titel?<\/p>\n<p>Das europ\u00e4ische Bildungsmodell <strong>COMENIUS \u2013 Programm f\u00fcr lebenslanges Lernen<\/strong>, gef\u00f6rdert f\u00fcr 2 Jahre durch Mittel der europ\u00e4ischen Bildungskommission, erm\u00f6glicht es unseren Sch\u00fclern mit und von anderen europ\u00e4ischen Sch\u00fclern zu lernen.<br \/>\nGemeinsam mit Kindern der Ecole El\u00e9mentaire Camou aus Paris und der Sk\u00f6nstaholmsskolan aus Farsta\/Stockholm werden bis Juni 2010 drei Theaterst\u00fccke der Teilnehmerl\u00e4nder einstudiert und in Paris und Halle von den Sch\u00fclern pr\u00e4sentiert.<\/p>\n<p>Das Thalia-Theater Halle unterst\u00fctzt dabei als Kooperationspartner die Kinder durch regelm\u00e4\u00dfige Schauspiel- und Theaterworkshops und in allen Fragen der k\u00fcnstlerischen Arbeit.<br \/>\nGemeinsam mit den Lehrern werden die Projektkoordinatorinnen an der unserer Schule den Kindern innerhalb des Unterrichts und in Form von Projekteinheiten Landeskunde und Sprache Frankreichs und Schwedens n\u00e4herbringen, sowie Kontakte zu den Austauschsch\u00fclern aufbauen und pflegen helfen.<\/p>\n<p>Im Rahmen des diesj\u00e4hrigen <strong>Tages der offenen T\u00fcr <\/strong>wurde bei einem kleinen Festakt Punkt 15 Uhr die COMENIUS-Tafel, die die Schule als Mitglied im europ\u00e4ischen Schulpartnerschaftsprogramm ausweist, in einem feierlichen Akt am Eingangsportal der Schule angebracht.<\/p>\n<p>Frau Westphal begr\u00fc\u00dfte alle Kinder und Kollegen der Schule. Mit dabei waren auch unser Ansprechpartner vom Thalia-Theater Halle, Herr von Oppen und unsere koordinierenden Projektleiterinnen Frau Maihs und Frau Mistygatz.<\/p>\n<p>N\u00e4here Informationen \u00fcber COMENIUS findet man auf der Website des PAD (P\u00e4dagogischer Austauschdienst im Sekretariat der Kultusministerkonferenz), als nationale Agentur zust\u00e4ndig f\u00fcr EU-Programme im Schulbereich.<br \/>\n<a href=\"http:\/\/www.kmk.org\/pad\/home.htm\">http:\/\/www.kmk.org\/pad\/home.htm<\/a><\/div><\/div>\n<div class=\"su-column su-column-size-1-3\"><div class=\"su-column-inner su-u-clearfix su-u-trim\">\n<figure id=\"attachment_225\" aria-describedby=\"caption-attachment-225\" style=\"width: 300px\" class=\"wp-caption alignright\"><img loading=\"lazy\" class=\"wp-image-225 size-medium\" src=\"https:\/\/montessori-halle.de\/cms\/wp-content\/uploads\/2015\/12\/10_308_juqKsBEunV-300x400.jpg\" alt=\"Eurotooopia - unser Theaterprojekt\" width=\"300\" height=\"400\" srcset=\"https:\/\/montessori-halle.de\/cms\/wp-content\/uploads\/2015\/12\/10_308_juqKsBEunV-300x400.jpg 300w, https:\/\/montessori-halle.de\/cms\/wp-content\/uploads\/2015\/12\/10_308_juqKsBEunV.jpg 360w\" sizes=\"(max-width: 300px) 100vw, 300px\" \/><figcaption id=\"caption-attachment-225\" class=\"wp-caption-text\">Eurotooopia &#8211; unser Theaterprojekt<\/figcaption><\/figure>\n<p><img loading=\"lazy\" class=\"alignleft wp-image-228 size-medium\" src=\"https:\/\/montessori-halle.de\/cms\/wp-content\/uploads\/2015\/12\/10_306_SFdspDBq3W-400x300.jpg\" alt=\"\" width=\"400\" height=\"300\" srcset=\"https:\/\/montessori-halle.de\/cms\/wp-content\/uploads\/2015\/12\/10_306_SFdspDBq3W-400x300.jpg 400w, https:\/\/montessori-halle.de\/cms\/wp-content\/uploads\/2015\/12\/10_306_SFdspDBq3W.jpg 538w\" sizes=\"(max-width: 400px) 100vw, 400px\" \/><\/p>\n<figure id=\"attachment_227\" aria-describedby=\"caption-attachment-227\" style=\"width: 400px\" class=\"wp-caption alignleft\"><img loading=\"lazy\" class=\"wp-image-227 size-medium\" src=\"https:\/\/montessori-halle.de\/cms\/wp-content\/uploads\/2015\/12\/10_309_uyACcHQKW9-400x300.jpg\" alt=\"Infotisch zum Tag der offenen T\u00fcr\" width=\"400\" height=\"300\" srcset=\"https:\/\/montessori-halle.de\/cms\/wp-content\/uploads\/2015\/12\/10_309_uyACcHQKW9-400x300.jpg 400w, https:\/\/montessori-halle.de\/cms\/wp-content\/uploads\/2015\/12\/10_309_uyACcHQKW9.jpg 538w\" sizes=\"(max-width: 400px) 100vw, 400px\" \/><figcaption id=\"caption-attachment-227\" class=\"wp-caption-text\">Infotisch zum Tag der offenen T\u00fcr<\/figcaption><\/figure>\n<\/div><\/div>\n<\/div>\n","protected":false},"excerpt":{"rendered":"","protected":false},"author":2,"featured_media":0,"parent":196,"menu_order":0,"comment_status":"closed","ping_status":"closed","template":"","meta":[],"_links":{"self":[{"href":"https:\/\/montessori-halle.de\/cms\/wp-json\/wp\/v2\/pages\/224"}],"collection":[{"href":"https:\/\/montessori-halle.de\/cms\/wp-json\/wp\/v2\/pages"}],"about":[{"href":"https:\/\/montessori-halle.de\/cms\/wp-json\/wp\/v2\/types\/page"}],"author":[{"embeddable":true,"href":"https:\/\/montessori-halle.de\/cms\/wp-json\/wp\/v2\/users\/2"}],"replies":[{"embeddable":true,"href":"https:\/\/montessori-halle.de\/cms\/wp-json\/wp\/v2\/comments?post=224"}],"version-history":[{"count":10,"href":"https:\/\/montessori-halle.de\/cms\/wp-json\/wp\/v2\/pages\/224\/revisions"}],"predecessor-version":[{"id":838,"href":"https:\/\/montessori-halle.de\/cms\/wp-json\/wp\/v2\/pages\/224\/revisions\/838"}],"up":[{"embeddable":true,"href":"https:\/\/montessori-halle.de\/cms\/wp-json\/wp\/v2\/pages\/196"}],"wp:attachment":[{"href":"https:\/\/montessori-halle.de\/cms\/wp-json\/wp\/v2\/media?parent=224"}],"curies":[{"name":"wp","href":"https:\/\/api.w.org\/{rel}","templated":true}]}}