{"id":2355,"date":"2018-12-05T14:43:21","date_gmt":"2018-12-05T13:43:21","guid":{"rendered":"https:\/\/montessori-halle.de\/cms\/?page_id=2355"},"modified":"2026-03-06T12:22:55","modified_gmt":"2026-03-06T11:22:55","slug":"diplomkurs-2018-2020","status":"publish","type":"page","link":"https:\/\/montessori-halle.de\/cms\/diplomkurs-2018-2020\/","title":{"rendered":"Diplomkurs 2026-2028"},"content":{"rendered":"<p>Im September 2026 beginnt der n\u00e4chste Montessori-Diplomlehrgang in Halle.<\/p>\n<p>Der Lehrgang dauert 294 Stunden, die in den 26 Monaten der Lehrgangsdauer jeweils am Wochenende stattfinden. Bestandteil sind mindestens 10 Hospitationen an Montessori-Einrichtungen.<\/p>\n<p>Der Lehrgang findet zu gro\u00dfen Teilen an der Montessori-Schule hier in Halle statt. Ebenfalls kommt ein Gro\u00dfteil der Dozenten aus der Montessori-Schule und hat dort teils jahrzehntelange Erfahrungen sowohl im Unterrichten als auch als Dozent in Diplomlehrg\u00e4ngen.<\/p>\n<p>Unsere Diplomlehrg\u00e4nge werden in Zusammenarbeit mit der Deutschen Montessori-Vereinigung e.V. durchgef\u00fchrt. Diese hat es sich zu einer ihrer Hauptaufgabe gemacht, Montessori-P\u00e4dagog\/innen auszubilden. Sie ist als eine von drei Vereinigungen bzw. Gesellschaften in der Bundesrepublik berechtigt, Montessori-Basis-Diplomlehrg\u00e4nge anzubieten und das <strong>nationale Montessori-Diplom<\/strong> auszustellen. Nach klar definierten Qualit\u00e4tsstandards erfolgt die Ausbildung in Kooperation mit Bildungseinrichtungen f\u00fcr Erwachsene. Deutschlandweit finden die Lehrg\u00e4nge an verschiedenen Standorten statt, unter anderem auch bei uns an der Montessori-Schule. Dabei stellt die Vereinigung die Lehrgangsleitung und das Dozententeam (bei uns sind das in Personalunion Lehrerinnen an der Montessori-Schule) und ist \u00fcberdies f\u00fcr die Lehrgangsinhalte verantwortlich, w\u00e4hrend der Bildungstr\u00e4ger die organisatorische Abwicklung (was auch wir sind) \u00fcbernimmt. Die Lehrg\u00e4nge bef\u00e4higen zur Arbeit in einer Montessori-Einrichtung und werden mit dem <strong>nationalen Montessori-Diplom<\/strong> abgeschlossen. Sie zeichnen sich durch ihre kontrollierten und anspruchsvollen Standards aus und werden ausschlie\u00dflich von qualifizierten und zugelassenen Dozent\/innen durchgef\u00fchrt.<\/p>\n<p>Die Montessori Gesellschaft Halle, als Tr\u00e4ger der Montessori-Schule Halle, bietet seit 1993 Montessori-Diplomlehrg\u00e4nge an. Bisher haben in den 12 Lehrg\u00e4ngen \u00fcber 250 Teilnehmer daran teilgenommen.<\/p>\n<p>Fragen beantwortet Kerstin Westphal, Schulleiterin der Montessori-Schule in Halle unter der Rufnummer 0345 502125 oder per E-Mail an <a>&#107;&#101;r&#115;t&#105;&#110;&#46;w&#101;stphal&#64;&#109;&#111;n&#116;&#101;sso&#114;&#105;-&#104;&#97;&#108;l&#101;.d&#101;<\/a>.<\/p>\n<p>Das Anmeldeformular: <a href=\"https:\/\/montessori-halle.de\/cms\/wp-content\/uploads\/2026\/03\/11.3-ANMELDUNG-ZUR-TEILNAHME-AM-MONTESSORI-DIPLOM-LEHRGANG.pdf\">11.3-ANMELDUNG-ZUR-TEILNAHME-AM-MONTESSORI-DIPLOM-LEHRGANG<\/a><\/p>\n<p>Den Infobrief: <a href=\"https:\/\/montessori-halle.de\/cms\/wp-content\/uploads\/2026\/03\/Infobrief-Kurs-2026-2028.pdf\">Infobrief Kurs 2026-2028<\/a><\/p>\n<p>Der Infoflyer: <a href=\"https:\/\/montessori-halle.de\/cms\/wp-content\/uploads\/2026\/01\/flyer-diplom-2026.pdf\">flyer-diplom 2026<\/a><\/p>\n<p>Und den vorl\u00e4ufigen Terminplan finden Sie hier: <a href=\"https:\/\/montessori-halle.de\/cms\/wp-content\/uploads\/2026\/01\/Terminplan-HAL-2026_28.pdf\">Terminplan HAL 2026_28<\/a><\/p>\n<p>\u00a0<\/p>\n\n","protected":false},"excerpt":{"rendered":"<p>Im September 2026 beginnt der n\u00e4chste Montessori-Diplomlehrgang in Halle. Der Lehrgang dauert 294 Stunden, die in den 26 Monaten der Lehrgangsdauer jeweils am Wochenende stattfinden. Bestandteil sind mindestens 10 Hospitationen an Montessori-Einrichtungen. Der Lehrgang findet zu gro\u00dfen Teilen an der Montessori-Schule hier in Halle statt. Ebenfalls kommt ein Gro\u00dfteil der Dozenten aus der Montessori-Schule und&#8230;<\/p>\n","protected":false},"author":4,"featured_media":0,"parent":0,"menu_order":0,"comment_status":"closed","ping_status":"closed","template":"","meta":[],"_links":{"self":[{"href":"https:\/\/montessori-halle.de\/cms\/wp-json\/wp\/v2\/pages\/2355"}],"collection":[{"href":"https:\/\/montessori-halle.de\/cms\/wp-json\/wp\/v2\/pages"}],"about":[{"href":"https:\/\/montessori-halle.de\/cms\/wp-json\/wp\/v2\/types\/page"}],"author":[{"embeddable":true,"href":"https:\/\/montessori-halle.de\/cms\/wp-json\/wp\/v2\/users\/4"}],"replies":[{"embeddable":true,"href":"https:\/\/montessori-halle.de\/cms\/wp-json\/wp\/v2\/comments?post=2355"}],"version-history":[{"count":10,"href":"https:\/\/montessori-halle.de\/cms\/wp-json\/wp\/v2\/pages\/2355\/revisions"}],"predecessor-version":[{"id":3287,"href":"https:\/\/montessori-halle.de\/cms\/wp-json\/wp\/v2\/pages\/2355\/revisions\/3287"}],"wp:attachment":[{"href":"https:\/\/montessori-halle.de\/cms\/wp-json\/wp\/v2\/media?parent=2355"}],"curies":[{"name":"wp","href":"https:\/\/api.w.org\/{rel}","templated":true}]}}