{"id":267,"date":"2015-12-04T12:29:53","date_gmt":"2015-12-04T11:29:53","guid":{"rendered":"http:\/\/montessori-halle.de\/cms\/?page_id=267"},"modified":"2015-12-04T12:30:16","modified_gmt":"2015-12-04T11:30:16","slug":"presse","status":"publish","type":"page","link":"https:\/\/montessori-halle.de\/cms\/schule\/medien-ueber-uns\/presse\/","title":{"rendered":"Presse"},"content":{"rendered":"<p><span style=\"font-size: normal;\">Die vielf\u00e4ltige Arbeit der Schule und ihre Ausstrahlung in die \u00d6ffentlichkeit findet nat\u00fcrlich auch Niederschlag im Echo der Medien. Hier ein paar Beispiele.<\/span><\/p>\n<figure id=\"attachment_265\" aria-describedby=\"caption-attachment-265\" style=\"width: 432px\" class=\"wp-caption alignleft\"><a href=\"https:\/\/montessori-halle.de\/cms\/wp-content\/uploads\/2015\/12\/6_108_kbjeII7cOo.jpg\"><img loading=\"lazy\" class=\"size-full wp-image-265\" src=\"https:\/\/montessori-halle.de\/cms\/wp-content\/uploads\/2015\/12\/6_108_kbjeII7cOo.jpg\" alt=\"Mitteldeutsche Zeitung vom 25.02.2006\" width=\"432\" height=\"459\" srcset=\"https:\/\/montessori-halle.de\/cms\/wp-content\/uploads\/2015\/12\/6_108_kbjeII7cOo.jpg 432w, https:\/\/montessori-halle.de\/cms\/wp-content\/uploads\/2015\/12\/6_108_kbjeII7cOo-376x400.jpg 376w\" sizes=\"(max-width: 432px) 100vw, 432px\" \/><\/a><figcaption id=\"caption-attachment-265\" class=\"wp-caption-text\">Mitteldeutsche Zeitung vom 25.02.2006<\/figcaption><\/figure>\n<figure id=\"attachment_263\" aria-describedby=\"caption-attachment-263\" style=\"width: 538px\" class=\"wp-caption alignleft\"><a href=\"https:\/\/montessori-halle.de\/cms\/wp-content\/uploads\/2015\/12\/6_112_vAzUPW9F8M.jpg\"><img loading=\"lazy\" class=\"size-full wp-image-263\" src=\"https:\/\/montessori-halle.de\/cms\/wp-content\/uploads\/2015\/12\/6_112_vAzUPW9F8M.jpg\" alt=\"Wochenspiegel vom 06.07.2005\" width=\"538\" height=\"437\" srcset=\"https:\/\/montessori-halle.de\/cms\/wp-content\/uploads\/2015\/12\/6_112_vAzUPW9F8M.jpg 538w, https:\/\/montessori-halle.de\/cms\/wp-content\/uploads\/2015\/12\/6_112_vAzUPW9F8M-400x325.jpg 400w\" sizes=\"(max-width: 538px) 100vw, 538px\" \/><\/a><figcaption id=\"caption-attachment-263\" class=\"wp-caption-text\">Wochenspiegel vom 06.07.2005<\/figcaption><\/figure>\n<figure id=\"attachment_262\" aria-describedby=\"caption-attachment-262\" style=\"width: 538px\" class=\"wp-caption alignleft\"><a href=\"https:\/\/montessori-halle.de\/cms\/wp-content\/uploads\/2015\/12\/6_111_NKDJd1IFwh.jpg\"><img loading=\"lazy\" class=\"size-full wp-image-262\" src=\"https:\/\/montessori-halle.de\/cms\/wp-content\/uploads\/2015\/12\/6_111_NKDJd1IFwh.jpg\" alt=\"Wochenspiegel vom 06.07.2005\" width=\"538\" height=\"140\" srcset=\"https:\/\/montessori-halle.de\/cms\/wp-content\/uploads\/2015\/12\/6_111_NKDJd1IFwh.jpg 538w, https:\/\/montessori-halle.de\/cms\/wp-content\/uploads\/2015\/12\/6_111_NKDJd1IFwh-400x104.jpg 400w\" sizes=\"(max-width: 538px) 100vw, 538px\" \/><\/a><figcaption id=\"caption-attachment-262\" class=\"wp-caption-text\">Wochenspiegel vom 06.07.2005<\/figcaption><\/figure>\n<figure id=\"attachment_264\" aria-describedby=\"caption-attachment-264\" style=\"width: 538px\" class=\"wp-caption alignleft\"><a href=\"https:\/\/montessori-halle.de\/cms\/wp-content\/uploads\/2015\/12\/6_109_p2x0nV8fw6.jpg\"><img loading=\"lazy\" class=\"size-full wp-image-264\" src=\"https:\/\/montessori-halle.de\/cms\/wp-content\/uploads\/2015\/12\/6_109_p2x0nV8fw6.jpg\" alt=\"Mitteldeutsche Zeitung vom 13.12.2005\" width=\"538\" height=\"202\" srcset=\"https:\/\/montessori-halle.de\/cms\/wp-content\/uploads\/2015\/12\/6_109_p2x0nV8fw6.jpg 538w, https:\/\/montessori-halle.de\/cms\/wp-content\/uploads\/2015\/12\/6_109_p2x0nV8fw6-400x150.jpg 400w\" sizes=\"(max-width: 538px) 100vw, 538px\" \/><\/a><figcaption id=\"caption-attachment-264\" class=\"wp-caption-text\">Mitteldeutsche Zeitung vom 13.12.2005<\/figcaption><\/figure>\n<figure id=\"attachment_260\" aria-describedby=\"caption-attachment-260\" style=\"width: 174px\" class=\"wp-caption alignleft\"><a href=\"https:\/\/montessori-halle.de\/cms\/wp-content\/uploads\/2015\/12\/6_106_7mwyLcYb0I.jpg\"><img loading=\"lazy\" class=\"size-full wp-image-260\" src=\"https:\/\/montessori-halle.de\/cms\/wp-content\/uploads\/2015\/12\/6_106_7mwyLcYb0I.jpg\" alt=\"SuperSonntag vom 03.07.2005\" width=\"174\" height=\"334\" \/><\/a><figcaption id=\"caption-attachment-260\" class=\"wp-caption-text\">SuperSonntag vom 03.07.2005<\/figcaption><\/figure>\n<figure id=\"attachment_261\" aria-describedby=\"caption-attachment-261\" style=\"width: 538px\" class=\"wp-caption alignleft\"><a href=\"https:\/\/montessori-halle.de\/cms\/wp-content\/uploads\/2015\/12\/6_110_bXxIXSFsJe.jpg\"><img loading=\"lazy\" class=\"size-full wp-image-261\" src=\"https:\/\/montessori-halle.de\/cms\/wp-content\/uploads\/2015\/12\/6_110_bXxIXSFsJe.jpg\" alt=\"Mitteldeutsche Zeitung vom 05.07.2005\" width=\"538\" height=\"163\" srcset=\"https:\/\/montessori-halle.de\/cms\/wp-content\/uploads\/2015\/12\/6_110_bXxIXSFsJe.jpg 538w, https:\/\/montessori-halle.de\/cms\/wp-content\/uploads\/2015\/12\/6_110_bXxIXSFsJe-400x121.jpg 400w\" sizes=\"(max-width: 538px) 100vw, 538px\" \/><\/a><figcaption id=\"caption-attachment-261\" class=\"wp-caption-text\">Mitteldeutsche Zeitung vom 05.07.2005<\/figcaption><\/figure>\n<figure id=\"attachment_259\" aria-describedby=\"caption-attachment-259\" style=\"width: 224px\" class=\"wp-caption alignleft\"><a href=\"https:\/\/montessori-halle.de\/cms\/wp-content\/uploads\/2015\/12\/6_107_Gnrvug6wEE.jpg\"><img loading=\"lazy\" class=\"size-full wp-image-259\" src=\"https:\/\/montessori-halle.de\/cms\/wp-content\/uploads\/2015\/12\/6_107_Gnrvug6wEE.jpg\" alt=\"Mitteldeutsche Zeitung vom 02.07.2005\" width=\"224\" height=\"384\" \/><\/a><figcaption id=\"caption-attachment-259\" class=\"wp-caption-text\">Mitteldeutsche Zeitung vom 02.07.2005<\/figcaption><\/figure>\n<figure id=\"attachment_258\" aria-describedby=\"caption-attachment-258\" style=\"width: 538px\" class=\"wp-caption alignleft\"><a href=\"https:\/\/montessori-halle.de\/cms\/wp-content\/uploads\/2015\/12\/6_60_Cu2jpiyxP5.png\"><img loading=\"lazy\" class=\"size-full wp-image-258\" src=\"https:\/\/montessori-halle.de\/cms\/wp-content\/uploads\/2015\/12\/6_60_Cu2jpiyxP5.png\" alt=\"Mitteldeutsche Zeitung vom 01.04.2005\" width=\"538\" height=\"490\" srcset=\"https:\/\/montessori-halle.de\/cms\/wp-content\/uploads\/2015\/12\/6_60_Cu2jpiyxP5.png 538w, https:\/\/montessori-halle.de\/cms\/wp-content\/uploads\/2015\/12\/6_60_Cu2jpiyxP5-400x364.png 400w\" sizes=\"(max-width: 538px) 100vw, 538px\" \/><\/a><figcaption id=\"caption-attachment-258\" class=\"wp-caption-text\">Mitteldeutsche Zeitung vom 01.04.2005<\/figcaption><\/figure>\n<figure id=\"attachment_257\" aria-describedby=\"caption-attachment-257\" style=\"width: 400px\" class=\"wp-caption alignleft\"><a href=\"https:\/\/montessori-halle.de\/cms\/wp-content\/uploads\/2015\/12\/6_63_BzuJZJ2EfO.gif\"><img loading=\"lazy\" class=\"size-full wp-image-257\" src=\"https:\/\/montessori-halle.de\/cms\/wp-content\/uploads\/2015\/12\/6_63_BzuJZJ2EfO.gif\" alt=\"Sonntagsnachrichten vom 13.03.2005\" width=\"400\" height=\"401\" \/><\/a><figcaption id=\"caption-attachment-257\" class=\"wp-caption-text\">Sonntagsnachrichten vom 13.03.2005<\/figcaption><\/figure>\n<figure id=\"attachment_256\" aria-describedby=\"caption-attachment-256\" style=\"width: 208px\" class=\"wp-caption alignleft\"><a href=\"https:\/\/montessori-halle.de\/cms\/wp-content\/uploads\/2015\/12\/6_64_9VUpconEMu.png\"><img loading=\"lazy\" class=\"size-full wp-image-256\" src=\"https:\/\/montessori-halle.de\/cms\/wp-content\/uploads\/2015\/12\/6_64_9VUpconEMu.png\" alt=\"SuperSonntag vom 16.01.2005\" width=\"208\" height=\"538\" srcset=\"https:\/\/montessori-halle.de\/cms\/wp-content\/uploads\/2015\/12\/6_64_9VUpconEMu.png 208w, https:\/\/montessori-halle.de\/cms\/wp-content\/uploads\/2015\/12\/6_64_9VUpconEMu-155x400.png 155w\" sizes=\"(max-width: 208px) 100vw, 208px\" \/><\/a><figcaption id=\"caption-attachment-256\" class=\"wp-caption-text\">SuperSonntag vom 16.01.2005<\/figcaption><\/figure>\n<figure id=\"attachment_255\" aria-describedby=\"caption-attachment-255\" style=\"width: 425px\" class=\"wp-caption alignleft\"><a href=\"https:\/\/montessori-halle.de\/cms\/wp-content\/uploads\/2015\/12\/6_61_tkvXzagNk9-425x.png\"><img loading=\"lazy\" class=\"size-full wp-image-255\" src=\"https:\/\/montessori-halle.de\/cms\/wp-content\/uploads\/2015\/12\/6_61_tkvXzagNk9-425x.png\" alt=\"Mitteldeutsche Zeitung vom 12.01.2005\" width=\"425\" height=\"538\" srcset=\"https:\/\/montessori-halle.de\/cms\/wp-content\/uploads\/2015\/12\/6_61_tkvXzagNk9-425x.png 425w, https:\/\/montessori-halle.de\/cms\/wp-content\/uploads\/2015\/12\/6_61_tkvXzagNk9-425x-316x400.png 316w\" sizes=\"(max-width: 425px) 100vw, 425px\" \/><\/a><figcaption id=\"caption-attachment-255\" class=\"wp-caption-text\">Mitteldeutsche Zeitung vom 12.01.2005<\/figcaption><\/figure>\n<figure id=\"attachment_254\" aria-describedby=\"caption-attachment-254\" style=\"width: 538px\" class=\"wp-caption alignleft\"><a href=\"https:\/\/montessori-halle.de\/cms\/wp-content\/uploads\/2015\/12\/6_59_UI4CgkGy0e-538x.png\"><img loading=\"lazy\" class=\"size-full wp-image-254\" src=\"https:\/\/montessori-halle.de\/cms\/wp-content\/uploads\/2015\/12\/6_59_UI4CgkGy0e-538x.png\" alt=\"Mitteldeutsche Zeitung vom 29.12.2004\" width=\"538\" height=\"222\" srcset=\"https:\/\/montessori-halle.de\/cms\/wp-content\/uploads\/2015\/12\/6_59_UI4CgkGy0e-538x.png 538w, https:\/\/montessori-halle.de\/cms\/wp-content\/uploads\/2015\/12\/6_59_UI4CgkGy0e-538x-400x165.png 400w\" sizes=\"(max-width: 538px) 100vw, 538px\" \/><\/a><figcaption id=\"caption-attachment-254\" class=\"wp-caption-text\">Mitteldeutsche Zeitung vom 29.12.2004<\/figcaption><\/figure>\n<figure id=\"attachment_253\" aria-describedby=\"caption-attachment-253\" style=\"width: 538px\" class=\"wp-caption alignleft\"><a href=\"https:\/\/montessori-halle.de\/cms\/wp-content\/uploads\/2015\/12\/6_52_1LnXi4v6WJ.gif\"><img loading=\"lazy\" class=\"size-full wp-image-253\" src=\"https:\/\/montessori-halle.de\/cms\/wp-content\/uploads\/2015\/12\/6_52_1LnXi4v6WJ.gif\" alt=\"Sonntagsnachrichten vom 12.12.2004\" width=\"538\" height=\"510\" \/><\/a><figcaption id=\"caption-attachment-253\" class=\"wp-caption-text\">Sonntagsnachrichten vom 12.12.2004<\/figcaption><\/figure>\n<figure id=\"attachment_252\" aria-describedby=\"caption-attachment-252\" style=\"width: 538px\" class=\"wp-caption alignleft\"><a href=\"https:\/\/montessori-halle.de\/cms\/wp-content\/uploads\/2015\/12\/6_21_F3I8aL9spO-538x.gif\"><img loading=\"lazy\" class=\"size-full wp-image-252\" src=\"https:\/\/montessori-halle.de\/cms\/wp-content\/uploads\/2015\/12\/6_21_F3I8aL9spO-538x.gif\" alt=\"Mitteldeutsche Zeitung vom 22.11.2004\" width=\"538\" height=\"428\" \/><\/a><figcaption id=\"caption-attachment-252\" class=\"wp-caption-text\">Mitteldeutsche Zeitung vom 22.11.2004<\/figcaption><\/figure>\n<figure id=\"attachment_251\" aria-describedby=\"caption-attachment-251\" style=\"width: 230px\" class=\"wp-caption alignleft\"><a href=\"https:\/\/montessori-halle.de\/cms\/wp-content\/uploads\/2015\/12\/6_20_HlqMB6ZHPq.gif\"><img loading=\"lazy\" class=\"size-full wp-image-251\" src=\"https:\/\/montessori-halle.de\/cms\/wp-content\/uploads\/2015\/12\/6_20_HlqMB6ZHPq.gif\" alt=\"Mitteldeutsche Zeitung vom 12.11.2004\" width=\"230\" height=\"183\" \/><\/a><figcaption id=\"caption-attachment-251\" class=\"wp-caption-text\">Mitteldeutsche Zeitung vom 12.11.2004<\/figcaption><\/figure>\n<figure id=\"attachment_250\" aria-describedby=\"caption-attachment-250\" style=\"width: 380px\" class=\"wp-caption alignleft\"><a href=\"https:\/\/montessori-halle.de\/cms\/wp-content\/uploads\/2015\/12\/6_65_88Tb5oe09n.gif\"><img loading=\"lazy\" class=\"size-full wp-image-250\" src=\"https:\/\/montessori-halle.de\/cms\/wp-content\/uploads\/2015\/12\/6_65_88Tb5oe09n.gif\" alt=\"Sonntagsnachrichten vom 20.10.2004\" width=\"380\" height=\"365\" \/><\/a><figcaption id=\"caption-attachment-250\" class=\"wp-caption-text\">Sonntagsnachrichten vom 20.10.2004<\/figcaption><\/figure>\n<figure id=\"attachment_249\" aria-describedby=\"caption-attachment-249\" style=\"width: 473px\" class=\"wp-caption alignleft\"><a href=\"https:\/\/montessori-halle.de\/cms\/wp-content\/uploads\/2015\/12\/6_9_u19Q6EI6s2.png\"><img loading=\"lazy\" class=\"size-full wp-image-249\" src=\"https:\/\/montessori-halle.de\/cms\/wp-content\/uploads\/2015\/12\/6_9_u19Q6EI6s2.png\" alt=\"Mitteldeutsche Zeitung vom 08.05.2004\" width=\"473\" height=\"538\" srcset=\"https:\/\/montessori-halle.de\/cms\/wp-content\/uploads\/2015\/12\/6_9_u19Q6EI6s2.png 473w, https:\/\/montessori-halle.de\/cms\/wp-content\/uploads\/2015\/12\/6_9_u19Q6EI6s2-352x400.png 352w\" sizes=\"(max-width: 473px) 100vw, 473px\" \/><\/a><figcaption id=\"caption-attachment-249\" class=\"wp-caption-text\">Mitteldeutsche Zeitung vom 08.05.2004<\/figcaption><\/figure>\n<figure id=\"attachment_248\" aria-describedby=\"caption-attachment-248\" style=\"width: 314px\" class=\"wp-caption alignleft\"><a href=\"https:\/\/montessori-halle.de\/cms\/wp-content\/uploads\/2015\/12\/6_12_vGd4f71amm.gif\"><img loading=\"lazy\" class=\"size-full wp-image-248\" src=\"https:\/\/montessori-halle.de\/cms\/wp-content\/uploads\/2015\/12\/6_12_vGd4f71amm.gif\" alt=\"SuperSonntag vom 02.05.2004\" width=\"314\" height=\"538\" \/><\/a><figcaption id=\"caption-attachment-248\" class=\"wp-caption-text\">SuperSonntag vom 02.05.2004<\/figcaption><\/figure>\n<figure id=\"attachment_247\" aria-describedby=\"caption-attachment-247\" style=\"width: 290px\" class=\"wp-caption alignleft\"><a href=\"https:\/\/montessori-halle.de\/cms\/wp-content\/uploads\/2015\/12\/6_8_0X3P0XzzOK.png\"><img loading=\"lazy\" class=\"size-full wp-image-247\" src=\"https:\/\/montessori-halle.de\/cms\/wp-content\/uploads\/2015\/12\/6_8_0X3P0XzzOK.png\" alt=\"Mitteldeutsche Zeitung vom 01.05.2004\" width=\"290\" height=\"538\" srcset=\"https:\/\/montessori-halle.de\/cms\/wp-content\/uploads\/2015\/12\/6_8_0X3P0XzzOK.png 290w, https:\/\/montessori-halle.de\/cms\/wp-content\/uploads\/2015\/12\/6_8_0X3P0XzzOK-216x400.png 216w\" sizes=\"(max-width: 290px) 100vw, 290px\" \/><\/a><figcaption id=\"caption-attachment-247\" class=\"wp-caption-text\">Mitteldeutsche Zeitung vom 01.05.2004<\/figcaption><\/figure>\n<figure id=\"attachment_246\" aria-describedby=\"caption-attachment-246\" style=\"width: 538px\" class=\"wp-caption alignleft\"><a href=\"https:\/\/montessori-halle.de\/cms\/wp-content\/uploads\/2015\/12\/6_13_gbtT1VeYtg.png\"><img loading=\"lazy\" class=\"size-full wp-image-246\" src=\"https:\/\/montessori-halle.de\/cms\/wp-content\/uploads\/2015\/12\/6_13_gbtT1VeYtg.png\" alt=\"Wochenspiegel vom 11.06.2003\" width=\"538\" height=\"437\" srcset=\"https:\/\/montessori-halle.de\/cms\/wp-content\/uploads\/2015\/12\/6_13_gbtT1VeYtg.png 538w, https:\/\/montessori-halle.de\/cms\/wp-content\/uploads\/2015\/12\/6_13_gbtT1VeYtg-400x325.png 400w\" sizes=\"(max-width: 538px) 100vw, 538px\" \/><\/a><figcaption id=\"caption-attachment-246\" class=\"wp-caption-text\">Wochenspiegel vom 11.06.2003<\/figcaption><\/figure>\n<figure id=\"attachment_245\" aria-describedby=\"caption-attachment-245\" style=\"width: 143px\" class=\"wp-caption alignleft\"><a href=\"https:\/\/montessori-halle.de\/cms\/wp-content\/uploads\/2015\/12\/6_10_3KjGUMpR9K.gif\"><img loading=\"lazy\" class=\"size-full wp-image-245\" src=\"https:\/\/montessori-halle.de\/cms\/wp-content\/uploads\/2015\/12\/6_10_3KjGUMpR9K.gif\" alt=\"Mitteldeutsche Zeitung vom 12.09.2002\" width=\"143\" height=\"538\" \/><\/a><figcaption id=\"caption-attachment-245\" class=\"wp-caption-text\">Mitteldeutsche Zeitung vom 12.09.2002<\/figcaption><\/figure>\n<figure id=\"attachment_244\" aria-describedby=\"caption-attachment-244\" style=\"width: 226px\" class=\"wp-caption alignleft\"><a href=\"https:\/\/montessori-halle.de\/cms\/wp-content\/uploads\/2015\/12\/6_7_hZecOp4FM2.png\"><img loading=\"lazy\" class=\"size-full wp-image-244\" src=\"https:\/\/montessori-halle.de\/cms\/wp-content\/uploads\/2015\/12\/6_7_hZecOp4FM2.png\" alt=\"Mitteldeutsche Zeitung\" width=\"226\" height=\"538\" srcset=\"https:\/\/montessori-halle.de\/cms\/wp-content\/uploads\/2015\/12\/6_7_hZecOp4FM2.png 226w, https:\/\/montessori-halle.de\/cms\/wp-content\/uploads\/2015\/12\/6_7_hZecOp4FM2-168x400.png 168w\" sizes=\"(max-width: 226px) 100vw, 226px\" \/><\/a><figcaption id=\"caption-attachment-244\" class=\"wp-caption-text\"><br \/>Mitteldeutsche Zeitung<\/figcaption><\/figure>\n","protected":false},"excerpt":{"rendered":"<p>Die vielf\u00e4ltige Arbeit der Schule und ihre Ausstrahlung in die \u00d6ffentlichkeit findet nat\u00fcrlich auch Niederschlag im Echo der Medien. Hier ein paar Beispiele.<\/p>\n","protected":false},"author":2,"featured_media":0,"parent":241,"menu_order":0,"comment_status":"closed","ping_status":"closed","template":"","meta":[],"_links":{"self":[{"href":"https:\/\/montessori-halle.de\/cms\/wp-json\/wp\/v2\/pages\/267"}],"collection":[{"href":"https:\/\/montessori-halle.de\/cms\/wp-json\/wp\/v2\/pages"}],"about":[{"href":"https:\/\/montessori-halle.de\/cms\/wp-json\/wp\/v2\/types\/page"}],"author":[{"embeddable":true,"href":"https:\/\/montessori-halle.de\/cms\/wp-json\/wp\/v2\/users\/2"}],"replies":[{"embeddable":true,"href":"https:\/\/montessori-halle.de\/cms\/wp-json\/wp\/v2\/comments?post=267"}],"version-history":[{"count":2,"href":"https:\/\/montessori-halle.de\/cms\/wp-json\/wp\/v2\/pages\/267\/revisions"}],"predecessor-version":[{"id":269,"href":"https:\/\/montessori-halle.de\/cms\/wp-json\/wp\/v2\/pages\/267\/revisions\/269"}],"up":[{"embeddable":true,"href":"https:\/\/montessori-halle.de\/cms\/wp-json\/wp\/v2\/pages\/241"}],"wp:attachment":[{"href":"https:\/\/montessori-halle.de\/cms\/wp-json\/wp\/v2\/media?parent=267"}],"curies":[{"name":"wp","href":"https:\/\/api.w.org\/{rel}","templated":true}]}}