{"id":285,"date":"2015-12-07T08:21:12","date_gmt":"2015-12-07T07:21:12","guid":{"rendered":"http:\/\/montessori-halle.de\/cms\/?page_id=285"},"modified":"2015-12-07T08:21:12","modified_gmt":"2015-12-07T07:21:12","slug":"modell","status":"publish","type":"page","link":"https:\/\/montessori-halle.de\/cms\/das-sind-wir\/modell\/","title":{"rendered":"Modell"},"content":{"rendered":"<figure id=\"attachment_286\" aria-describedby=\"caption-attachment-286\" style=\"width: 538px\" class=\"wp-caption aligncenter\"><a href=\"https:\/\/montessori-halle.de\/cms\/wp-content\/uploads\/2015\/12\/4_16_QxgZTNRa3b-538x.jpg\"><img loading=\"lazy\" class=\"size-full wp-image-286\" src=\"https:\/\/montessori-halle.de\/cms\/wp-content\/uploads\/2015\/12\/4_16_QxgZTNRa3b-538x.jpg\" alt=\"Modell des &quot;Hauses der Generationen&quot;\" width=\"538\" height=\"369\" srcset=\"https:\/\/montessori-halle.de\/cms\/wp-content\/uploads\/2015\/12\/4_16_QxgZTNRa3b-538x.jpg 538w, https:\/\/montessori-halle.de\/cms\/wp-content\/uploads\/2015\/12\/4_16_QxgZTNRa3b-538x-400x274.jpg 400w\" sizes=\"(max-width: 538px) 100vw, 538px\" \/><\/a><figcaption id=\"caption-attachment-286\" class=\"wp-caption-text\">Modell des &#8222;Hauses der Generationen&#8220;<\/figcaption><\/figure>\n<div class=\"articleText\">\n<p align=\"left\"><span style=\"font-size: normal;\">Das \u00bbHaus der Generationen\u00ab ist ein dreiteiliger Geb\u00e4udekomplex.<\/span><\/p>\n<p>Dieser besteht aus dem\u00a0Domizil der Montessori-Schule [<strong>Querfl\u00fcgel<\/strong> <strong>(1)<\/strong>], dem dahinter ansetzenden, fast 60 Meter langen <strong>Fachwerkhaus<\/strong> <strong>(2)<\/strong> sowie einem daran anschlie\u00dfenden <strong>Neubau<\/strong> <strong>(3)<\/strong>.<\/p>\n<p align=\"left\"><span style=\"font-size: normal;\">Der <strong>Schulhof<\/strong> <strong>(4)<\/strong> ist in einem U-f\u00f6rmig umgrenzten Bereich angelegt, der zwischen dem alten Fachwerkfl\u00fcgel und dem neuen Anbau gebildet wird.<\/span><\/p>\n<p>Auf der Nordseite des alten Ostfl\u00fcgels gibt es den\u00a0<strong>Spiel- und Werkhof <\/strong><strong>(5)<\/strong>, der \u00fcber einen breiten Durchgang im Erdgeschoss vom Schulhof aus zug\u00e4nglich ist.<\/p>\n<\/div>\n","protected":false},"excerpt":{"rendered":"<p>Das \u00bbHaus der Generationen\u00ab ist ein dreiteiliger Geb\u00e4udekomplex. Dieser besteht aus dem\u00a0Domizil der Montessori-Schule [Querfl\u00fcgel (1)], dem dahinter ansetzenden, fast 60 Meter langen Fachwerkhaus (2) sowie einem daran anschlie\u00dfenden Neubau (3). Der Schulhof (4) ist in einem U-f\u00f6rmig umgrenzten Bereich angelegt, der zwischen dem alten Fachwerkfl\u00fcgel und dem neuen Anbau gebildet wird. Auf der Nordseite&#8230;<\/p>\n","protected":false},"author":2,"featured_media":0,"parent":93,"menu_order":0,"comment_status":"closed","ping_status":"closed","template":"","meta":[],"_links":{"self":[{"href":"https:\/\/montessori-halle.de\/cms\/wp-json\/wp\/v2\/pages\/285"}],"collection":[{"href":"https:\/\/montessori-halle.de\/cms\/wp-json\/wp\/v2\/pages"}],"about":[{"href":"https:\/\/montessori-halle.de\/cms\/wp-json\/wp\/v2\/types\/page"}],"author":[{"embeddable":true,"href":"https:\/\/montessori-halle.de\/cms\/wp-json\/wp\/v2\/users\/2"}],"replies":[{"embeddable":true,"href":"https:\/\/montessori-halle.de\/cms\/wp-json\/wp\/v2\/comments?post=285"}],"version-history":[{"count":4,"href":"https:\/\/montessori-halle.de\/cms\/wp-json\/wp\/v2\/pages\/285\/revisions"}],"predecessor-version":[{"id":819,"href":"https:\/\/montessori-halle.de\/cms\/wp-json\/wp\/v2\/pages\/285\/revisions\/819"}],"up":[{"embeddable":true,"href":"https:\/\/montessori-halle.de\/cms\/wp-json\/wp\/v2\/pages\/93"}],"wp:attachment":[{"href":"https:\/\/montessori-halle.de\/cms\/wp-json\/wp\/v2\/media?parent=285"}],"curies":[{"name":"wp","href":"https:\/\/api.w.org\/{rel}","templated":true}]}}