{"id":316,"date":"2015-12-07T14:23:42","date_gmt":"2015-12-07T13:23:42","guid":{"rendered":"http:\/\/montessori-halle.de\/cms\/?page_id=316"},"modified":"2023-09-19T09:46:03","modified_gmt":"2023-09-19T07:46:03","slug":"konzept","status":"publish","type":"page","link":"https:\/\/montessori-halle.de\/cms\/hort\/konzept\/","title":{"rendered":"Konzept"},"content":{"rendered":"<p>des Horts der ev. Grundschule Maria-Montessori<\/p>\n<p><strong>Fassung des P\u00e4dagogischen Konzepts Hort<\/strong><\/p>\n<p><a href=\"https:\/\/montessori-halle.de\/cms\/wp-content\/uploads\/2023\/09\/Auszug-paed.-Konzeption-Hort-23_08_31.pdf\">Auszug p\u00e4d. Konzeption Hort 23_08_31<\/a><\/p>\n<p>Die vollst\u00e4ndige Fassung des Konzepts, beschlossen von der Gesamtkonferenz in Halle (Saale) am 24. November 2003, wurde im Rahmen des Investitionsprogramms des Bundes \u201eZukunft Bildung und Betreuung\u201c eingereicht und vom Kultusministerium Sachsen-Anhalts als besonders f\u00f6rderw\u00fcrdig ausgezeichnet.<\/p>\n","protected":false},"excerpt":{"rendered":"<p>des Horts der ev. Grundschule Maria-Montessori Fassung des P\u00e4dagogischen Konzepts Hort Auszug p\u00e4d. Konzeption Hort 23_08_31 Die vollst\u00e4ndige Fassung des Konzepts, beschlossen von der Gesamtkonferenz in Halle (Saale) am 24. November 2003, wurde im Rahmen des Investitionsprogramms des Bundes \u201eZukunft Bildung und Betreuung\u201c eingereicht und vom Kultusministerium Sachsen-Anhalts als besonders f\u00f6rderw\u00fcrdig ausgezeichnet.<\/p>\n","protected":false},"author":2,"featured_media":0,"parent":7,"menu_order":0,"comment_status":"closed","ping_status":"closed","template":"","meta":[],"_links":{"self":[{"href":"https:\/\/montessori-halle.de\/cms\/wp-json\/wp\/v2\/pages\/316"}],"collection":[{"href":"https:\/\/montessori-halle.de\/cms\/wp-json\/wp\/v2\/pages"}],"about":[{"href":"https:\/\/montessori-halle.de\/cms\/wp-json\/wp\/v2\/types\/page"}],"author":[{"embeddable":true,"href":"https:\/\/montessori-halle.de\/cms\/wp-json\/wp\/v2\/users\/2"}],"replies":[{"embeddable":true,"href":"https:\/\/montessori-halle.de\/cms\/wp-json\/wp\/v2\/comments?post=316"}],"version-history":[{"count":10,"href":"https:\/\/montessori-halle.de\/cms\/wp-json\/wp\/v2\/pages\/316\/revisions"}],"predecessor-version":[{"id":2932,"href":"https:\/\/montessori-halle.de\/cms\/wp-json\/wp\/v2\/pages\/316\/revisions\/2932"}],"up":[{"embeddable":true,"href":"https:\/\/montessori-halle.de\/cms\/wp-json\/wp\/v2\/pages\/7"}],"wp:attachment":[{"href":"https:\/\/montessori-halle.de\/cms\/wp-json\/wp\/v2\/media?parent=316"}],"curies":[{"name":"wp","href":"https:\/\/api.w.org\/{rel}","templated":true}]}}