{"id":35,"date":"2015-11-23T22:25:47","date_gmt":"2015-11-23T22:25:47","guid":{"rendered":"http:\/\/montessori-halle.de\/cms\/?page_id=35"},"modified":"2020-09-03T09:47:38","modified_gmt":"2020-09-03T07:47:38","slug":"geschaeftsfuehrung","status":"publish","type":"page","link":"https:\/\/montessori-halle.de\/cms\/verein\/geschaeftsfuehrung\/","title":{"rendered":"Gesch\u00e4ftsf\u00fchrung"},"content":{"rendered":"<div class=\"su-row\"><div class=\"su-column su-column-size-2-3\"><div class=\"su-column-inner su-u-clearfix su-u-trim\">\u00a714 Abs. 1 der Satzung der Montessori-Gesellschaft Halle lautet: &#8222;Der Vorstand bestellt zu seiner Unterst\u00fctzung einen hauptamtlichen Gesch\u00e4ftsf\u00fchrer&#8230; Der Gesch\u00e4ftsf\u00fchrer handelt f\u00fcr und im Auftrag des Vorstands und ist somit vereinsrechtlich kein besonderer Vertreter im Sinne des \u00a7 30 BGB.&#8220; In diesem Sinne f\u00fchrt Dirk Rohra seit 2011 die Gesch\u00e4fte der Gesellschaft. Sie erreichen ihn unter:<\/p>\n<p>Franckeplatz 1, Haus 19, 06110 Halle\/S.<\/p>\n<p>telefonisch: 03 45\/9 77 24 70<br \/>\nper Fax: 03 45\/9 77 24 71<br \/>\nper E-Mail: <a href=\"javascript:DeCryptX('0v2g3u2g1j0n3C1n2q0n2v1f3v2u1p2t1j303k2c2n0l3h313g1f')\">&#118;er&#101;i&#110;&#64;&#109;&#111;nt&#101;ss&#111;ri&#45;h&#97;&#108;le&#46;&#100;&#101;<\/a><\/p>\n<\/div><\/div>\n<div class=\"su-column su-column-size-1-3\"><div class=\"su-column-inner su-u-clearfix su-u-trim\"><\/div><\/div>\n<\/div>\n","protected":false},"excerpt":{"rendered":"","protected":false},"author":1,"featured_media":0,"parent":9,"menu_order":0,"comment_status":"closed","ping_status":"closed","template":"","meta":[],"_links":{"self":[{"href":"https:\/\/montessori-halle.de\/cms\/wp-json\/wp\/v2\/pages\/35"}],"collection":[{"href":"https:\/\/montessori-halle.de\/cms\/wp-json\/wp\/v2\/pages"}],"about":[{"href":"https:\/\/montessori-halle.de\/cms\/wp-json\/wp\/v2\/types\/page"}],"author":[{"embeddable":true,"href":"https:\/\/montessori-halle.de\/cms\/wp-json\/wp\/v2\/users\/1"}],"replies":[{"embeddable":true,"href":"https:\/\/montessori-halle.de\/cms\/wp-json\/wp\/v2\/comments?post=35"}],"version-history":[{"count":7,"href":"https:\/\/montessori-halle.de\/cms\/wp-json\/wp\/v2\/pages\/35\/revisions"}],"predecessor-version":[{"id":2580,"href":"https:\/\/montessori-halle.de\/cms\/wp-json\/wp\/v2\/pages\/35\/revisions\/2580"}],"up":[{"embeddable":true,"href":"https:\/\/montessori-halle.de\/cms\/wp-json\/wp\/v2\/pages\/9"}],"wp:attachment":[{"href":"https:\/\/montessori-halle.de\/cms\/wp-json\/wp\/v2\/media?parent=35"}],"curies":[{"name":"wp","href":"https:\/\/api.w.org\/{rel}","templated":true}]}}