{"id":356,"date":"2015-12-08T10:47:48","date_gmt":"2015-12-08T09:47:48","guid":{"rendered":"http:\/\/montessori-halle.de\/cms\/?page_id=356"},"modified":"2015-12-08T10:47:48","modified_gmt":"2015-12-08T09:47:48","slug":"ag-oeffentlichkeitsarbeit","status":"publish","type":"page","link":"https:\/\/montessori-halle.de\/cms\/verein\/arbeitsgruppen-2\/ag-oeffentlichkeitsarbeit\/","title":{"rendered":"AG \u00d6ffentlichkeitsarbeit"},"content":{"rendered":"<p><span style=\"font-size: normal;\">F\u00fcr diese AG werden immer flei\u00dfige Mitstreiter gesucht. Hier gibt es Arbeiten in den Bereichen Gestaltung Montessori ABC, Internetseiten, Programmheft f\u00fcr Konzert, Flyer etc.<br \/>\nEbenso aber auch langfristige Kontakte zu Spendern, Sponsoren kn\u00fcpfen und pflegen.<\/span><\/p>\n<p>Interessenten k\u00f6nnen sich gern bei Herrn Rohra unter 9 77 24 70 oder unter <a href=\"javascript:DeCryptX('3y1f0r3h2k1o3C1n0o1o2v3h1t1t2q2t0i300h2c0l2n1f200d2g')\">&#118;&#101;&#114;e&#105;n&#64;mon&#116;e&#115;&#115;&#111;r&#105;-&#104;&#97;&#108;&#108;&#101;.&#100;&#101;<\/a> melden<\/p>\n","protected":false},"excerpt":{"rendered":"<p>F\u00fcr diese AG werden immer flei\u00dfige Mitstreiter gesucht. Hier gibt es Arbeiten in den Bereichen Gestaltung Montessori ABC, Internetseiten, Programmheft f\u00fcr Konzert, Flyer etc. Ebenso aber auch langfristige Kontakte zu Spendern, Sponsoren kn\u00fcpfen und pflegen. Interessenten k\u00f6nnen sich gern bei Herrn Rohra unter 9 77 24 70 oder unter &#118;er&#101;&#105;n&#64;mon&#116;&#101;sso&#114;&#105;&#45;h&#97;ll&#101;&#46;d&#101; melden<\/p>\n","protected":false},"author":2,"featured_media":0,"parent":352,"menu_order":0,"comment_status":"closed","ping_status":"closed","template":"","meta":[],"_links":{"self":[{"href":"https:\/\/montessori-halle.de\/cms\/wp-json\/wp\/v2\/pages\/356"}],"collection":[{"href":"https:\/\/montessori-halle.de\/cms\/wp-json\/wp\/v2\/pages"}],"about":[{"href":"https:\/\/montessori-halle.de\/cms\/wp-json\/wp\/v2\/types\/page"}],"author":[{"embeddable":true,"href":"https:\/\/montessori-halle.de\/cms\/wp-json\/wp\/v2\/users\/2"}],"replies":[{"embeddable":true,"href":"https:\/\/montessori-halle.de\/cms\/wp-json\/wp\/v2\/comments?post=356"}],"version-history":[{"count":1,"href":"https:\/\/montessori-halle.de\/cms\/wp-json\/wp\/v2\/pages\/356\/revisions"}],"predecessor-version":[{"id":357,"href":"https:\/\/montessori-halle.de\/cms\/wp-json\/wp\/v2\/pages\/356\/revisions\/357"}],"up":[{"embeddable":true,"href":"https:\/\/montessori-halle.de\/cms\/wp-json\/wp\/v2\/pages\/352"}],"wp:attachment":[{"href":"https:\/\/montessori-halle.de\/cms\/wp-json\/wp\/v2\/media?parent=356"}],"curies":[{"name":"wp","href":"https:\/\/api.w.org\/{rel}","templated":true}]}}