{"id":358,"date":"2015-12-08T10:48:56","date_gmt":"2015-12-08T09:48:56","guid":{"rendered":"http:\/\/montessori-halle.de\/cms\/?page_id=358"},"modified":"2019-09-19T09:48:08","modified_gmt":"2019-09-19T07:48:08","slug":"ag-montessori-konzert","status":"publish","type":"page","link":"https:\/\/montessori-halle.de\/cms\/verein\/arbeitsgruppen-2\/ag-montessori-konzert\/","title":{"rendered":"AG Montessori-Konzert"},"content":{"rendered":"<div class=\"articleSummary\"><span style=\"font-size: normal;\">Organisation des j\u00e4hrlich stattfindenden Konzertes zu Gunsten der Montessori-Einrichtungen in Halle<br \/>\n<\/span><\/div>\n<p><span style=\"font-size: normal;\"><br \/>\nAlle, die singen und\/oder musizieren k\u00f6nnen oder bei der Organisation und Durchf\u00fchrung helfen m\u00f6chten, sind herzlich dazu eingeladen mitzumachen.<br \/>\n<strong><br \/>\nAnsprechpartnerIn:<\/strong><\/span><\/p>\n<p>Dirk Rohra<br \/>\nTel. (0345) 9772470<\/p>\n","protected":false},"excerpt":{"rendered":"<p>Organisation des j\u00e4hrlich stattfindenden Konzertes zu Gunsten der Montessori-Einrichtungen in Halle Alle, die singen und\/oder musizieren k\u00f6nnen oder bei der Organisation und Durchf\u00fchrung helfen m\u00f6chten, sind herzlich dazu eingeladen mitzumachen. AnsprechpartnerIn: Dirk Rohra Tel. (0345) 9772470<\/p>\n","protected":false},"author":2,"featured_media":0,"parent":352,"menu_order":0,"comment_status":"closed","ping_status":"closed","template":"","meta":[],"_links":{"self":[{"href":"https:\/\/montessori-halle.de\/cms\/wp-json\/wp\/v2\/pages\/358"}],"collection":[{"href":"https:\/\/montessori-halle.de\/cms\/wp-json\/wp\/v2\/pages"}],"about":[{"href":"https:\/\/montessori-halle.de\/cms\/wp-json\/wp\/v2\/types\/page"}],"author":[{"embeddable":true,"href":"https:\/\/montessori-halle.de\/cms\/wp-json\/wp\/v2\/users\/2"}],"replies":[{"embeddable":true,"href":"https:\/\/montessori-halle.de\/cms\/wp-json\/wp\/v2\/comments?post=358"}],"version-history":[{"count":2,"href":"https:\/\/montessori-halle.de\/cms\/wp-json\/wp\/v2\/pages\/358\/revisions"}],"predecessor-version":[{"id":2484,"href":"https:\/\/montessori-halle.de\/cms\/wp-json\/wp\/v2\/pages\/358\/revisions\/2484"}],"up":[{"embeddable":true,"href":"https:\/\/montessori-halle.de\/cms\/wp-json\/wp\/v2\/pages\/352"}],"wp:attachment":[{"href":"https:\/\/montessori-halle.de\/cms\/wp-json\/wp\/v2\/media?parent=358"}],"curies":[{"name":"wp","href":"https:\/\/api.w.org\/{rel}","templated":true}]}}