{"id":55,"date":"2015-11-26T09:54:12","date_gmt":"2015-11-26T08:54:12","guid":{"rendered":"http:\/\/montessori-halle.de\/cms\/?page_id=55"},"modified":"2016-03-16T10:28:07","modified_gmt":"2016-03-16T09:28:07","slug":"staendige-freizeitangebote","status":"publish","type":"page","link":"https:\/\/montessori-halle.de\/cms\/hort\/konzept\/staendige-freizeitangebote\/","title":{"rendered":"St\u00e4ndige Freizeitangebote"},"content":{"rendered":"<figure id=\"attachment_56\" aria-describedby=\"caption-attachment-56\" style=\"width: 400px\" class=\"wp-caption alignright\"><img loading=\"lazy\" class=\"wp-image-56 size-medium\" src=\"https:\/\/montessori-halle.de\/cms\/wp-content\/uploads\/2015\/11\/10_247_IRaMmOovR2-400x257.jpg\" alt=\"Kinder backen gemeinsam mit Rentnern \" width=\"400\" height=\"257\" srcset=\"https:\/\/montessori-halle.de\/cms\/wp-content\/uploads\/2015\/11\/10_247_IRaMmOovR2-400x257.jpg 400w, https:\/\/montessori-halle.de\/cms\/wp-content\/uploads\/2015\/11\/10_247_IRaMmOovR2.jpg 538w\" sizes=\"(max-width: 400px) 100vw, 400px\" \/><figcaption id=\"caption-attachment-56\" class=\"wp-caption-text\">Beim Backen von Weihnachtsgeb\u00e4ck<\/figcaption><\/figure>\n<p>In der unterrichtsfreien Zeit gestalten die Erzieherinnen t\u00e4glich Freizeitangebote, an denen alle Hortkinder teilnehmen k\u00f6nnen. Diese Angebote sind situationsorientiert, jahreszeitlich ange\u00adpasst und bieten Gelegenheit, die aktuellen Themen aus dem Vormittagsbereich auf\u00adzugreifen und vor allem durch k\u00fcnstlerische und musische Angebote \u2013 f\u00fcr die die Zeit im Vormittags\u00adangebot nicht immer zur Verf\u00fcgung steht \u2013 zu vertiefen.<\/p>\n<p>Die Kinder sollen sich insbesondere in kreativen, spielerischen, handwerklichen und haus\u00adwirt\u00adschaftlichen Bereichen bet\u00e4tigen und Anregungen f\u00fcr eigene Freizeitaktivit\u00e4ten bekom\u00admen. Diese Angebote umfassen Bastelarbeiten, Gesellschaftsspiele, Geschichten erz\u00e4hlen und vorlesen ebenso wie Arbeiten mit Ton oder Holz, Kuchen backen und vieles mehr.<\/p>\n<p>Exkursionen und Besuche von Lernorten berei\u00adchern den Hortalltag ebenso, wie die Zusammenarbeit mit anderen Institutionen und Ein\u00adrichtungen. Die Franckeschen Stiftungen beherbergen z.B. eine Vielfalt von Angeboten , die gemeinsam mit den Senioren des Altersheimes im Haus der Generationen genutzt werden k\u00f6nnen. Au\u00dferdem bietet die\u00a0Umgebung der Innenstadt\u00a0interessante Einrichtungen wie Spielpl\u00e4tze, das Raumflugpla\u00adnetarium, ein Puppentheater oder die Kinderbibliothek. Die Nutzung dieser au\u00dferschuli\u00adschen Einrichtungen findet re\u00adgelm\u00e4\u00dfig Aufnahme in den Wochenpl\u00e4nen, so dass die Kinder den \u00dcbergang in offene Freizeit- und F\u00f6rderangebote finden, wenn einmal die Zeit des Hortbesuches zu Ende ge\u00adhen wird.<\/p>\n<p>Im freien Spiel entscheiden die Kinder selbst, was und wie sie spielen m\u00f6chten. Sie folgen dabei der eigenen Fantasie und den eigenen Vorstellungen und regen sich gegenseitig an. Sie stellen ihr eigenes K\u00f6nnen dar und verarbeiten ihre Erlebnisse und Erfahrungen; das Spiel dient dabei dem Erlernen, Ein\u00fcben, Wiederholen und Entwickeln von F\u00e4higkeiten.<\/p>\n","protected":false},"excerpt":{"rendered":"<p>In der unterrichtsfreien Zeit gestalten die Erzieherinnen t\u00e4glich Freizeitangebote, an denen alle Hortkinder teilnehmen k\u00f6nnen. Diese Angebote sind situationsorientiert, jahreszeitlich ange\u00adpasst und bieten Gelegenheit, die aktuellen Themen aus dem Vormittagsbereich auf\u00adzugreifen und vor allem durch k\u00fcnstlerische und musische Angebote \u2013 f\u00fcr die die Zeit im Vormittags\u00adangebot nicht immer zur Verf\u00fcgung steht \u2013 zu vertiefen. Die&#8230;<\/p>\n","protected":false},"author":2,"featured_media":0,"parent":316,"menu_order":0,"comment_status":"closed","ping_status":"closed","template":"","meta":[],"_links":{"self":[{"href":"https:\/\/montessori-halle.de\/cms\/wp-json\/wp\/v2\/pages\/55"}],"collection":[{"href":"https:\/\/montessori-halle.de\/cms\/wp-json\/wp\/v2\/pages"}],"about":[{"href":"https:\/\/montessori-halle.de\/cms\/wp-json\/wp\/v2\/types\/page"}],"author":[{"embeddable":true,"href":"https:\/\/montessori-halle.de\/cms\/wp-json\/wp\/v2\/users\/2"}],"replies":[{"embeddable":true,"href":"https:\/\/montessori-halle.de\/cms\/wp-json\/wp\/v2\/comments?post=55"}],"version-history":[{"count":6,"href":"https:\/\/montessori-halle.de\/cms\/wp-json\/wp\/v2\/pages\/55\/revisions"}],"predecessor-version":[{"id":847,"href":"https:\/\/montessori-halle.de\/cms\/wp-json\/wp\/v2\/pages\/55\/revisions\/847"}],"up":[{"embeddable":true,"href":"https:\/\/montessori-halle.de\/cms\/wp-json\/wp\/v2\/pages\/316"}],"wp:attachment":[{"href":"https:\/\/montessori-halle.de\/cms\/wp-json\/wp\/v2\/media?parent=55"}],"curies":[{"name":"wp","href":"https:\/\/api.w.org\/{rel}","templated":true}]}}