{"id":63,"date":"2015-11-26T10:30:15","date_gmt":"2015-11-26T09:30:15","guid":{"rendered":"http:\/\/montessori-halle.de\/cms\/?page_id=63"},"modified":"2025-09-19T07:50:59","modified_gmt":"2025-09-19T05:50:59","slug":"oeffnungszeiten","status":"publish","type":"page","link":"https:\/\/montessori-halle.de\/cms\/hort\/oeffnungszeiten\/","title":{"rendered":"\u00d6ffnungszeiten"},"content":{"rendered":"<p><strong>Tagesplanung<\/strong><\/p>\n<table border=\"0\" width=\"100%\" cellspacing=\"1\" cellpadding=\"1\">\n<tbody>\n<tr>\n<td>06.30 Uhr \u2013<br \/>\n07.30 Uhr<\/td>\n<td>Fr\u00fchhort<\/td>\n<\/tr>\n<tr>\n<td>11.15 Uhr \u2013<br \/>\n13.30\u00a0Uhr<\/td>\n<td>Mittagessen und Mittagsbetreuung<\/td>\n<\/tr>\n<tr>\n<td>13.00 Uhr &#8211;<br \/>\n17.00\u00a0Uhr<\/td>\n<td>Hort<br \/>\nZeit f\u00fcr AG\u00b4s und Freizeitangebote<\/td>\n<\/tr>\n<\/tbody>\n<\/table>\n<p><strong>Betriebsferien\/Schlie\u00dfzeiten<\/strong><\/p>\n<p>In Absprache mit dem Elternkuratoriums hat der Hort im Schuljahr 2025\/26 folgende Schlie\u00dfzeiten:<\/p>\n<ul>\n<li>Schlie\u00dfzeit wegen Weiterbildung: 10.10.2025<\/li>\n<li>Schlie\u00dfzeit zum Jahreswechsel: 22.12.2025 -02.01.2026<\/li>\n<li>Br\u00fcckentag: am 15.05.2026<\/li>\n<li>Schlie\u00dfzeit in den Sommerferien: 20.07. bis 07.08.2026<\/li>\n<\/ul>\n","protected":false},"excerpt":{"rendered":"<p>Tagesplanung 06.30 Uhr \u2013 07.30 Uhr Fr\u00fchhort 11.15 Uhr \u2013 13.30\u00a0Uhr Mittagessen und Mittagsbetreuung 13.00 Uhr &#8211; 17.00\u00a0Uhr Hort Zeit f\u00fcr AG\u00b4s und Freizeitangebote Betriebsferien\/Schlie\u00dfzeiten In Absprache mit dem Elternkuratoriums hat der Hort im Schuljahr 2025\/26 folgende Schlie\u00dfzeiten: Schlie\u00dfzeit wegen Weiterbildung: 10.10.2025 Schlie\u00dfzeit zum Jahreswechsel: 22.12.2025 -02.01.2026 Br\u00fcckentag: am 15.05.2026 Schlie\u00dfzeit in den Sommerferien: 20.07&#8230;.<\/p>\n","protected":false},"author":2,"featured_media":0,"parent":7,"menu_order":0,"comment_status":"closed","ping_status":"closed","template":"","meta":[],"_links":{"self":[{"href":"https:\/\/montessori-halle.de\/cms\/wp-json\/wp\/v2\/pages\/63"}],"collection":[{"href":"https:\/\/montessori-halle.de\/cms\/wp-json\/wp\/v2\/pages"}],"about":[{"href":"https:\/\/montessori-halle.de\/cms\/wp-json\/wp\/v2\/types\/page"}],"author":[{"embeddable":true,"href":"https:\/\/montessori-halle.de\/cms\/wp-json\/wp\/v2\/users\/2"}],"replies":[{"embeddable":true,"href":"https:\/\/montessori-halle.de\/cms\/wp-json\/wp\/v2\/comments?post=63"}],"version-history":[{"count":10,"href":"https:\/\/montessori-halle.de\/cms\/wp-json\/wp\/v2\/pages\/63\/revisions"}],"predecessor-version":[{"id":3202,"href":"https:\/\/montessori-halle.de\/cms\/wp-json\/wp\/v2\/pages\/63\/revisions\/3202"}],"up":[{"embeddable":true,"href":"https:\/\/montessori-halle.de\/cms\/wp-json\/wp\/v2\/pages\/7"}],"wp:attachment":[{"href":"https:\/\/montessori-halle.de\/cms\/wp-json\/wp\/v2\/media?parent=63"}],"curies":[{"name":"wp","href":"https:\/\/api.w.org\/{rel}","templated":true}]}}