{"id":7,"date":"2015-11-23T11:50:35","date_gmt":"2015-11-23T10:50:35","guid":{"rendered":"http:\/\/montessori-halle.de\/cms\/?page_id=7"},"modified":"2019-09-19T09:50:12","modified_gmt":"2019-09-19T07:50:12","slug":"hort","status":"publish","type":"page","link":"https:\/\/montessori-halle.de\/cms\/hort\/","title":{"rendered":"Montessori-Hort"},"content":{"rendered":"<p><img loading=\"lazy\" class=\"alignright wp-image-313 size-medium\" src=\"https:\/\/montessori-halle.de\/cms\/wp-content\/uploads\/2015\/11\/10_250_vmiHb8ZshZ-400x268.jpg\" alt=\"10_250_vmiHb8ZshZ\" width=\"400\" height=\"268\" srcset=\"https:\/\/montessori-halle.de\/cms\/wp-content\/uploads\/2015\/11\/10_250_vmiHb8ZshZ-400x268.jpg 400w, https:\/\/montessori-halle.de\/cms\/wp-content\/uploads\/2015\/11\/10_250_vmiHb8ZshZ-177x118.jpg 177w, https:\/\/montessori-halle.de\/cms\/wp-content\/uploads\/2015\/11\/10_250_vmiHb8ZshZ.jpg 538w\" sizes=\"(max-width: 400px) 100vw, 400px\" \/>Die enge Zusammenarbeit von Montessori-Schule und ihrem angeschlossenen Hort im Sinne einer Ganztagsschule wird deutlich als:<\/p>\n<ul>\n<li>enge Kooperation der p\u00e4dagogischen Teams von Schule und Hort,<\/li>\n<li>organisatorische Einheit (gemeinsame Jahres- und Tagesplanung, gemeinsame Veranstaltungen, gemeinsame Elternabende und -gespr\u00e4che),<\/li>\n<li>inhaltliche Einheit (gemeinsame Projekte und gegenseitige Erg\u00e4nzung bei inhaltlichen Schwerpunkten).<\/li>\n<\/ul>\n<p>Die inhaltliche und organisatorische Abstimmung zwischen dem Unterricht und den Angeboten in der unterrichtsfreien Zeit erfolgt in einer viertelj\u00e4hlichen, gemeinsamen Dienstberatung der Lehrerinnen, der Erzieherinnen und der p\u00e4dagogischen Fachkr\u00e4fte.<\/p>\n<p>Der Hort der Maria-Montessori-Schule ist eine sozialp\u00e4dagogische, integrative und familienerg\u00e4nzende Einrichtung, f\u00fcr die das Gesetz zur F\u00f6rderung und Betreuung von Kindern in Tageseinrichtungen und in Tagespflege des Landes Sachsen-Anhalt (KiF\u00f6G) verbindlich ist. Der Hort bietet 175 Pl\u00e4tze, davon bis zu 25 Pl\u00e4tze f\u00fcr Kinder mit besonderem F\u00f6rderbedarf<\/p>\n<p>Im Zentrum der Hortarbeit stehen die Interessen, Fragen, F\u00e4higkeiten und Bed\u00fcrfnisse der Kinder. Ziel ist die ganzheitliche F\u00f6rderung aller kognitiven, emotionalen und sozialen Entwicklungspotenziale eines Kindes durch selbstst\u00e4ndiges und selbstgesteuertes Lernen. Die p\u00e4dagogischen Schwerpunkte im Hort werden in Anlehnung an die Montessori-P\u00e4dagogik gesetzt.<\/p>\n<p>Seit dem Einzug in das Haus der Generationen werden auch enge Kontakte mit dem Altenpflegeheim gehalten. Gegenseitige Besuche, kleine Dienste und Einladungen werden gern angenommen.<\/p>\n","protected":false},"excerpt":{"rendered":"<p>Die enge Zusammenarbeit von Montessori-Schule und ihrem angeschlossenen Hort im Sinne einer Ganztagsschule wird deutlich als: enge Kooperation der p\u00e4dagogischen Teams von Schule und Hort, organisatorische Einheit (gemeinsame Jahres- und Tagesplanung, gemeinsame Veranstaltungen, gemeinsame Elternabende und -gespr\u00e4che), inhaltliche Einheit (gemeinsame Projekte und gegenseitige Erg\u00e4nzung bei inhaltlichen Schwerpunkten). Die inhaltliche und organisatorische Abstimmung zwischen dem Unterricht&#8230;<\/p>\n","protected":false},"author":1,"featured_media":42,"parent":0,"menu_order":4,"comment_status":"closed","ping_status":"closed","template":"","meta":[],"_links":{"self":[{"href":"https:\/\/montessori-halle.de\/cms\/wp-json\/wp\/v2\/pages\/7"}],"collection":[{"href":"https:\/\/montessori-halle.de\/cms\/wp-json\/wp\/v2\/pages"}],"about":[{"href":"https:\/\/montessori-halle.de\/cms\/wp-json\/wp\/v2\/types\/page"}],"author":[{"embeddable":true,"href":"https:\/\/montessori-halle.de\/cms\/wp-json\/wp\/v2\/users\/1"}],"replies":[{"embeddable":true,"href":"https:\/\/montessori-halle.de\/cms\/wp-json\/wp\/v2\/comments?post=7"}],"version-history":[{"count":9,"href":"https:\/\/montessori-halle.de\/cms\/wp-json\/wp\/v2\/pages\/7\/revisions"}],"predecessor-version":[{"id":2485,"href":"https:\/\/montessori-halle.de\/cms\/wp-json\/wp\/v2\/pages\/7\/revisions\/2485"}],"wp:featuredmedia":[{"embeddable":true,"href":"https:\/\/montessori-halle.de\/cms\/wp-json\/wp\/v2\/media\/42"}],"wp:attachment":[{"href":"https:\/\/montessori-halle.de\/cms\/wp-json\/wp\/v2\/media?parent=7"}],"curies":[{"name":"wp","href":"https:\/\/api.w.org\/{rel}","templated":true}]}}