{"id":77,"date":"2015-11-26T11:31:05","date_gmt":"2015-11-26T10:31:05","guid":{"rendered":"http:\/\/montessori-halle.de\/cms\/?page_id=77"},"modified":"2016-04-21T12:54:31","modified_gmt":"2016-04-21T11:54:31","slug":"schulalltag-an-der-montessorischule","status":"publish","type":"page","link":"https:\/\/montessori-halle.de\/cms\/schule\/schulalltag-an-der-montessorischule\/","title":{"rendered":"Schulalltag an der Montessorischule"},"content":{"rendered":"<div class=\"su-row\"><div class=\"su-column su-column-size-2-3\"><div class=\"su-column-inner su-u-clearfix su-u-trim\">\n<p>Da wir eine ganzt\u00e4gige Betreuung der Kinder anbieten, \u00f6ffnet die Schule um 6.30 Uhr. Bis zum offenen Unterrichtsbeginn, der f\u00fcr die Kinder der Klassenstufen\u00a0drei und\u00a0vier\u00a0um 7.30 Uhr und f\u00fcr die Kinder der\u00a0ersten und\u00a0zweiten Klassenstufen um 8.00 Uhr liegt, werden die Kinder, deren Eltern es w\u00fcnschen, im Fr\u00fchhort betreut.<\/p>\n<p>Bis 10.00 Uhr liegt die Freiarbeit, das Herzst\u00fcck des Schultages. In den einzelnen Montessori-Klassen lernen\u00a0ca. 22\u00a0Kinder aus drei Jahrg\u00e4ngen.<\/p>\n<p><strong>Die Kinder arbeiten selbstst\u00e4ndig. Sie signalisieren durch Gesten, dass sie die Einf\u00fchrung in ein Material verstanden haben und allein weiter arbeiten m\u00f6chten. Es gibt keine Konkurrenz, da sich jedes Kind mit einem anderen Lernbereich befassen kann, entsprechend seinen F\u00e4higkeiten l\u00e4nger oder k\u00fcrzer. So spielt es auch keine Rolle, auf welchem Niveau das Kind dies tut. Zum Beispiel arbeitet ein Kind mit dem gro\u00dfen Rechenrahmen und addiert f\u00fcnfstellige Zahlen, w\u00e4hrend sein Banknachbar einen Aufsatz schreibt, daneben ein Kind ein Buch liest usw. W\u00e4hrend der Freiarbeit tut jedes Kind etwas und die Arbeitsatmosph\u00e4re ist dabei ruhig. So ist es einfach m\u00f6glich, dass Kinder verschiedener Jahrg\u00e4nge gemeinsam lernen k\u00f6nnen.<br \/>\n<\/strong><br \/>\nVon 10.00 Uhr bis 10.30 Uhr gehen alle Kinder zur Hofpause auf den Schulhof. Danach folgt der Fachunterricht. Dazu z\u00e4hlen wir Englisch, Musik, Kunst, Werken, Sport bzw. Schwimmen, Schulgarten, wahlweise Religion oder Ethik. W\u00e4hrend des Unterrichts kommen immer die entsprechenden Jahrg\u00e4nge aus zwei Klassen zusammen. Durch die Trennung nach der Freiarbeit ergeben sich an manchen Tagen f\u00fcr einige Klassen so genannte Betreuungsstunden, die von den Hortnerinnen \u00fcbernommen werden.<\/p>\n<\/div><\/div> <div class=\"su-column su-column-size-1-3\"><div class=\"su-column-inner su-u-clearfix su-u-trim\">\n<figure id=\"attachment_70\" aria-describedby=\"caption-attachment-70\" style=\"width: 400px\" class=\"wp-caption alignleft\"><a href=\"https:\/\/montessori-halle.de\/cms\/wp-content\/uploads\/2015\/11\/10_205_GvpJWW85lc.jpg\" rel=\"attachment wp-att-70\"><img loading=\"lazy\" class=\"wp-image-70 size-medium\" src=\"https:\/\/montessori-halle.de\/cms\/wp-content\/uploads\/2015\/11\/10_205_GvpJWW85lc-400x257.jpg\" alt=\"Lehrerin mit Kindern\" width=\"400\" height=\"257\" srcset=\"https:\/\/montessori-halle.de\/cms\/wp-content\/uploads\/2015\/11\/10_205_GvpJWW85lc-400x257.jpg 400w, https:\/\/montessori-halle.de\/cms\/wp-content\/uploads\/2015\/11\/10_205_GvpJWW85lc.jpg 538w\" sizes=\"(max-width: 400px) 100vw, 400px\" \/><\/a><figcaption id=\"caption-attachment-70\" class=\"wp-caption-text\">w\u00e4hrend der Freiarbeit<\/figcaption><\/figure>\n<figure id=\"attachment_71\" aria-describedby=\"caption-attachment-71\" style=\"width: 400px\" class=\"wp-caption alignleft\"><a href=\"https:\/\/montessori-halle.de\/cms\/wp-content\/uploads\/2015\/11\/10_208_9HCrPxXRz6.jpg\" rel=\"attachment wp-att-71\"><img loading=\"lazy\" class=\"wp-image-71 size-medium\" src=\"https:\/\/montessori-halle.de\/cms\/wp-content\/uploads\/2015\/11\/10_208_9HCrPxXRz6-400x265.jpg\" alt=\"konzentrierte Kinder beim Arbeiten\" width=\"400\" height=\"265\" srcset=\"https:\/\/montessori-halle.de\/cms\/wp-content\/uploads\/2015\/11\/10_208_9HCrPxXRz6-400x265.jpg 400w, https:\/\/montessori-halle.de\/cms\/wp-content\/uploads\/2015\/11\/10_208_9HCrPxXRz6-177x118.jpg 177w, https:\/\/montessori-halle.de\/cms\/wp-content\/uploads\/2015\/11\/10_208_9HCrPxXRz6.jpg 538w\" sizes=\"(max-width: 400px) 100vw, 400px\" \/><\/a><figcaption id=\"caption-attachment-71\" class=\"wp-caption-text\">die Kinder arbeiten sehr selbstst\u00e4ndig<\/figcaption><\/figure>\n<\/div><\/div> <\/div>\n","protected":false},"excerpt":{"rendered":"","protected":false},"author":2,"featured_media":0,"parent":5,"menu_order":0,"comment_status":"closed","ping_status":"closed","template":"","meta":[],"_links":{"self":[{"href":"https:\/\/montessori-halle.de\/cms\/wp-json\/wp\/v2\/pages\/77"}],"collection":[{"href":"https:\/\/montessori-halle.de\/cms\/wp-json\/wp\/v2\/pages"}],"about":[{"href":"https:\/\/montessori-halle.de\/cms\/wp-json\/wp\/v2\/types\/page"}],"author":[{"embeddable":true,"href":"https:\/\/montessori-halle.de\/cms\/wp-json\/wp\/v2\/users\/2"}],"replies":[{"embeddable":true,"href":"https:\/\/montessori-halle.de\/cms\/wp-json\/wp\/v2\/comments?post=77"}],"version-history":[{"count":10,"href":"https:\/\/montessori-halle.de\/cms\/wp-json\/wp\/v2\/pages\/77\/revisions"}],"predecessor-version":[{"id":1115,"href":"https:\/\/montessori-halle.de\/cms\/wp-json\/wp\/v2\/pages\/77\/revisions\/1115"}],"up":[{"embeddable":true,"href":"https:\/\/montessori-halle.de\/cms\/wp-json\/wp\/v2\/pages\/5"}],"wp:attachment":[{"href":"https:\/\/montessori-halle.de\/cms\/wp-json\/wp\/v2\/media?parent=77"}],"curies":[{"name":"wp","href":"https:\/\/api.w.org\/{rel}","templated":true}]}}