{"id":859,"date":"2016-03-16T11:36:30","date_gmt":"2016-03-16T10:36:30","guid":{"rendered":"http:\/\/montessori-halle.de\/cms\/?page_id=859"},"modified":"2018-12-17T14:13:55","modified_gmt":"2018-12-17T13:13:55","slug":"schuelerrat","status":"publish","type":"page","link":"https:\/\/montessori-halle.de\/cms\/schule\/schuelerrat\/","title":{"rendered":"Sch\u00fclerrat"},"content":{"rendered":"<p><img loading=\"lazy\" class=\"wp-image-2337 size-medium alignright\" src=\"https:\/\/montessori-halle.de\/cms\/wp-content\/uploads\/2018\/11\/DSC06836-400x251.jpg\" alt=\"\" width=\"400\" height=\"251\" srcset=\"https:\/\/montessori-halle.de\/cms\/wp-content\/uploads\/2018\/11\/DSC06836-400x251.jpg 400w, https:\/\/montessori-halle.de\/cms\/wp-content\/uploads\/2018\/11\/DSC06836-1024x643.jpg 1024w\" sizes=\"(max-width: 400px) 100vw, 400px\" \/>Unser Sch\u00fclerrat im Schuljahr 18\/19 vertritt die ca. 170 Sch\u00fcler unserer Schule in den Schulgremien. Die Kinder lernen dabei ihre Angelegenheiten selbstverantwortlich zu regeln.<br \/>\nDas f\u00fchrt zu einer St\u00e4rkung des Selbstbewusstseins, sie lernen miteinander zu kommunizieren, ihre Meinung zu vertreten und zu begr\u00fcnden. Au\u00dferdem nehmen sie ein wichtige Vertretungsfunktion f\u00fcr die Interressen der anderen Sch\u00fcler war.<br \/>\nDer Sch\u00fclerrat ist gleichzeitig f\u00fcr den Hort zust\u00e4ndig.<\/p>\n<p>&nbsp;<\/p>\n<p>Unser Sch\u00fclerrat im aktuellen Schuljahr:<\/p>\n<p>Klasse A: \u00a0\u00a0\u00a0\u00a0\u00a0\u00a0 Linda Westphal, Marie Leipoldt<\/p>\n<p>Klasse B:\u00a0\u00a0\u00a0\u00a0\u00a0\u00a0\u00a0 Sonia Ayeni, Emma H\u00f6schel<\/p>\n<p>Klasse C:\u00a0\u00a0\u00a0\u00a0\u00a0\u00a0\u00a0 Peter Staab, Emma Wehling<\/p>\n<p>Klasse D:\u00a0\u00a0\u00a0\u00a0\u00a0\u00a0\u00a0 Frieder Horn, Cecilia Wiede<\/p>\n<p>Klasse E:\u00a0\u00a0\u00a0\u00a0\u00a0\u00a0\u00a0\u00a0 Stella Schimming, Paul Petruschka<\/p>\n<p>Klasse F: \u00a0\u00a0\u00a0\u00a0\u00a0\u00a0\u00a0 Timur Meusel, Kornelius Diemer<\/p>\n<p>Klasse G:\u00a0\u00a0\u00a0\u00a0\u00a0\u00a0\u00a0 Mattis Grabmann, Fynne Moser<\/p>\n<p>Klasse H:\u00a0\u00a0\u00a0\u00a0\u00a0\u00a0\u00a0 Gregor Wolf, Fina J\u00e4niche<\/p>\n<p>&nbsp;<\/p>\n","protected":false},"excerpt":{"rendered":"<p>Unser Sch\u00fclerrat im Schuljahr 18\/19 vertritt die ca. 170 Sch\u00fcler unserer Schule in den Schulgremien. Die Kinder lernen dabei ihre Angelegenheiten selbstverantwortlich zu regeln. Das f\u00fchrt zu einer St\u00e4rkung des Selbstbewusstseins, sie lernen miteinander zu kommunizieren, ihre Meinung zu vertreten und zu begr\u00fcnden. Au\u00dferdem nehmen sie ein wichtige Vertretungsfunktion f\u00fcr die Interressen der anderen Sch\u00fcler&#8230;<\/p>\n","protected":false},"author":2,"featured_media":0,"parent":5,"menu_order":0,"comment_status":"closed","ping_status":"closed","template":"","meta":[],"_links":{"self":[{"href":"https:\/\/montessori-halle.de\/cms\/wp-json\/wp\/v2\/pages\/859"}],"collection":[{"href":"https:\/\/montessori-halle.de\/cms\/wp-json\/wp\/v2\/pages"}],"about":[{"href":"https:\/\/montessori-halle.de\/cms\/wp-json\/wp\/v2\/types\/page"}],"author":[{"embeddable":true,"href":"https:\/\/montessori-halle.de\/cms\/wp-json\/wp\/v2\/users\/2"}],"replies":[{"embeddable":true,"href":"https:\/\/montessori-halle.de\/cms\/wp-json\/wp\/v2\/comments?post=859"}],"version-history":[{"count":10,"href":"https:\/\/montessori-halle.de\/cms\/wp-json\/wp\/v2\/pages\/859\/revisions"}],"predecessor-version":[{"id":2380,"href":"https:\/\/montessori-halle.de\/cms\/wp-json\/wp\/v2\/pages\/859\/revisions\/2380"}],"up":[{"embeddable":true,"href":"https:\/\/montessori-halle.de\/cms\/wp-json\/wp\/v2\/pages\/5"}],"wp:attachment":[{"href":"https:\/\/montessori-halle.de\/cms\/wp-json\/wp\/v2\/media?parent=859"}],"curies":[{"name":"wp","href":"https:\/\/api.w.org\/{rel}","templated":true}]}}