{"id":862,"date":"2016-03-16T13:06:25","date_gmt":"2016-03-16T12:06:25","guid":{"rendered":"http:\/\/montessori-halle.de\/cms\/?page_id=862"},"modified":"2016-04-25T09:04:01","modified_gmt":"2016-04-25T08:04:01","slug":"vor-nach-der-grundschule","status":"publish","type":"page","link":"https:\/\/montessori-halle.de\/cms\/schule\/vor-nach-der-grundschule\/","title":{"rendered":"Vor &#038; Nach der Grundschule"},"content":{"rendered":"<div class=\"su-row\"><div class=\"su-column su-column-size-2-3\"><div class=\"su-column-inner su-u-clearfix su-u-trim\">Die Montessori-Schule Halle ist eine Grundschule, das hei\u00dft: Hier lernen Kinder von der 1. bis zur 4. Klasse. Aber auch f\u00fcr die Zeiten davor und danach gibt es p\u00e4dagogische Alternativen f\u00fcr Kinder.<\/p>\n<p><strong>Das Montessori-Kinderhaus<\/strong><\/p>\n<p>Unter Initiative der Montessori-Gesellschaft Halle wurde 1993 das neue Montessori-Kinderhaus in der Vo\u00dfstrasse er\u00f6ffnet. Diese Kindereinrichtung arbeitete zun\u00e4chst in Tr\u00e4gerschaft der Stadt Halle und wurde 1999 von den Franckeschen Stiftungen \u00fcbernommen. 2005 konnte das Kinderhaus in das neue Kindertageszentrum der Franckeschen Stiftungen umziehen. Heute werden im Kinderhaus Maria Montessori bis zu 130 Kinder im Alter zwischen acht Wochen und sechs Jahren vier altersgemischten Gruppen nach dem Montessori-Konzept betreut.<\/p>\n<p><strong>M\u00f6glichkeiten f\u00fcr die Sekundarstufe <\/strong><\/p>\n<p>Die Montessorigesellschaft Halle ist nat\u00fcrlich daran interessiert, f\u00fcr ihre Sch\u00fcler M\u00f6glichkeiten zu finden, auch nach der Grundschulzeit das gemeinsame integrative Lernen behinderter und nicht behinderter Kinder sowie das Freiarbeitskonzept fortzusetzen.<\/p>\n<p>Eine gute Zusammenarbeit besteht hier beispielsweise mit der Integrierten Gesamtschule (IGS) in der Adam-Kuckhoffstra\u00dfe 37.<\/p>\n<p>Sehr eng verbunden sind wir auch mit der Saaleschule, die seit dem Schuljahr 2008\/2009 hier in Halle arbeitet. Die Saaleschule befindet sich in der Hans Dittmar Stra\u00dfe 9 in Halle.<\/p>\n<div id='gallery-1' class='gallery galleryid-862 gallery-columns-2 gallery-size-thumbnail'><figure class='gallery-item'>\n\t\t\t<div class='gallery-icon landscape'>\n\t\t\t\t<img width=\"150\" height=\"150\" src=\"https:\/\/montessori-halle.de\/cms\/wp-content\/uploads\/2016\/03\/10_568_o54z4gXPcy-150x150.jpg\" class=\"attachment-thumbnail size-thumbnail\" alt=\"\" loading=\"lazy\" aria-describedby=\"gallery-1-864\" \/>\n\t\t\t<\/div>\n\t\t\t\t<figcaption class='wp-caption-text gallery-caption' id='gallery-1-864'>\n\t\t\t\tSaaleschule\n\t\t\t\t<\/figcaption><\/figure><figure class='gallery-item'>\n\t\t\t<div class='gallery-icon landscape'>\n\t\t\t\t<img width=\"150\" height=\"150\" src=\"https:\/\/montessori-halle.de\/cms\/wp-content\/uploads\/2016\/03\/10_569_X4P9AvQvtK-150x150.jpg\" class=\"attachment-thumbnail size-thumbnail\" alt=\"\" loading=\"lazy\" aria-describedby=\"gallery-1-863\" \/>\n\t\t\t<\/div>\n\t\t\t\t<figcaption class='wp-caption-text gallery-caption' id='gallery-1-863'>\n\t\t\t\tim Unterricht\n\t\t\t\t<\/figcaption><\/figure><figure class='gallery-item'>\n\t\t\t<div class='gallery-icon landscape'>\n\t\t\t\t<img width=\"150\" height=\"150\" src=\"https:\/\/montessori-halle.de\/cms\/wp-content\/uploads\/2016\/03\/10_602_3DpJLrn5v3-200x-150x150.jpg\" class=\"attachment-thumbnail size-thumbnail\" alt=\"\" loading=\"lazy\" aria-describedby=\"gallery-1-866\" \/>\n\t\t\t<\/div>\n\t\t\t\t<figcaption class='wp-caption-text gallery-caption' id='gallery-1-866'>\n\t\t\t\tIGS\n\t\t\t\t<\/figcaption><\/figure><figure class='gallery-item'>\n\t\t\t<div class='gallery-icon landscape'>\n\t\t\t\t<img width=\"150\" height=\"150\" src=\"https:\/\/montessori-halle.de\/cms\/wp-content\/uploads\/2016\/03\/10_600_96OwT6ETgj-200x-150x150.jpg\" class=\"attachment-thumbnail size-thumbnail\" alt=\"\" loading=\"lazy\" aria-describedby=\"gallery-1-865\" \/>\n\t\t\t<\/div>\n\t\t\t\t<figcaption class='wp-caption-text gallery-caption' id='gallery-1-865'>\n\t\t\t\tGruppenarbeit\n\t\t\t\t<\/figcaption><\/figure>\n\t\t<\/div>\n\n<\/div><\/div>\n<div class=\"su-column su-column-size-1-3\"><div class=\"su-column-inner su-u-clearfix su-u-trim\">\n<figure id=\"attachment_867\" aria-describedby=\"caption-attachment-867\" style=\"width: 200px\" class=\"wp-caption alignleft\"><img loading=\"lazy\" class=\"wp-image-867 size-full\" src=\"https:\/\/montessori-halle.de\/cms\/wp-content\/uploads\/2016\/03\/9_81_JiQ1Da9PXb-200x.jpg\" alt=\"Montessori-Kinderhaus\" width=\"200\" height=\"270\" \/><figcaption id=\"caption-attachment-867\" class=\"wp-caption-text\">Das Montessori-Kinderhaus in den Franckeschen Stiftungen<\/figcaption><\/figure>\n<p><strong>Kinderhaus &#8222;Maria Montessori&#8220;<br \/>\n<a href=\"http:\/\/www.francke-halle.de\/kinderhaus-maria_montessori\/einrichtungen-e-17.html\">\u00bbKinderhaus bei www.francke-halle.de<\/a><\/strong><\/p>\n<p><a href=\"http:\/\/montessori-kinderhaus-halle.jimdo.com\/\">\u00bbhttp:\/\/montessori-kinderhaus-halle.jimdo.com\/<\/a><\/p>\n<p><img loading=\"lazy\" class=\"alignleft wp-image-872 size-full\" src=\"https:\/\/montessori-halle.de\/cms\/wp-content\/uploads\/2016\/03\/10_570_OErh3Zj6Tm-200x.jpg\" alt=\"saaleschule logo\" width=\"200\" height=\"114\" \/><br \/>\n<a href=\"http:\/\/www.saaleschule.de\/\">\u00bbhttp:\/\/www.saaleschule.de\/<\/a><\/p>\n<p><img loading=\"lazy\" class=\"alignleft wp-image-874 size-full\" src=\"https:\/\/montessori-halle.de\/cms\/wp-content\/uploads\/2016\/03\/logo_igs.gif\" alt=\"logo_igs\" width=\"314\" height=\"85\" \/><br \/>\n<a href=\"http:\/\/www.igs-halle.de\/igs\/cms\/front_content.php\">\u00bbhttp:\/\/www.igs-halle.de\/igs\/cms\/front_content.php<\/a><br \/>\n<\/div><\/div>\n<\/div>\n","protected":false},"excerpt":{"rendered":"","protected":false},"author":2,"featured_media":0,"parent":5,"menu_order":0,"comment_status":"closed","ping_status":"closed","template":"","meta":[],"_links":{"self":[{"href":"https:\/\/montessori-halle.de\/cms\/wp-json\/wp\/v2\/pages\/862"}],"collection":[{"href":"https:\/\/montessori-halle.de\/cms\/wp-json\/wp\/v2\/pages"}],"about":[{"href":"https:\/\/montessori-halle.de\/cms\/wp-json\/wp\/v2\/types\/page"}],"author":[{"embeddable":true,"href":"https:\/\/montessori-halle.de\/cms\/wp-json\/wp\/v2\/users\/2"}],"replies":[{"embeddable":true,"href":"https:\/\/montessori-halle.de\/cms\/wp-json\/wp\/v2\/comments?post=862"}],"version-history":[{"count":8,"href":"https:\/\/montessori-halle.de\/cms\/wp-json\/wp\/v2\/pages\/862\/revisions"}],"predecessor-version":[{"id":1131,"href":"https:\/\/montessori-halle.de\/cms\/wp-json\/wp\/v2\/pages\/862\/revisions\/1131"}],"up":[{"embeddable":true,"href":"https:\/\/montessori-halle.de\/cms\/wp-json\/wp\/v2\/pages\/5"}],"wp:attachment":[{"href":"https:\/\/montessori-halle.de\/cms\/wp-json\/wp\/v2\/media?parent=862"}],"curies":[{"name":"wp","href":"https:\/\/api.w.org\/{rel}","templated":true}]}}